{"id":9991,"date":"2025-10-06T18:06:29","date_gmt":"2025-10-06T16:06:29","guid":{"rendered":"https:\/\/www.ergocontech.no\/shop\/?post_type=product&#038;p=9991"},"modified":"2026-03-15T09:10:08","modified_gmt":"2026-03-15T08:10:08","slug":"big-candy-corn-2","status":"publish","type":"product","link":"https:\/\/www.ergocontech.no\/shop\/produkt\/big-candy-corn-2\/","title":{"rendered":"Big Candy Corn 2"},"content":{"rendered":"<p>Big Candy Corn 2 er en ber\u00f8ringsf\u00f8lsom bryter med 170 cm lang kabel og 3,5 mm jack plug tilkobling.<\/p>\n<p>Bryteren aktiveres n\u00e5r h\u00e5nden kommer i n\u00e6rheten av den, eller 2,5 cm over den.<\/p>\n<p>Bryteren gir auditiv og visuell tilbakemelding ved aktivering<\/p>\n<p>Drives med 2 AA batteri. (inkludert)<\/p>\n<p>Dimensjoner: 9,8-cm L x 10,2-cm B x 1.2-cm H)<\/p>\n<p>&nbsp;<\/p>\n<dl class=\"productView-info\">\n<dd class=\"productView-info-value\" data-product-sku=\"\"><span style=\"color: #ffffff;\">10000077<\/span><\/dd>\n<\/dl>\n","protected":false},"excerpt":{"rendered":"<p>Big Candy Corn 2 er en ber\u00f8ringsf\u00f8lsom bryter med kabel og 3,5 mm jack plug tilkobling<\/p>\n<p>Bryteren aktiveres n\u00e5r h\u00e5nden kommer i n\u00e6rheten av den, eller 2,5 cm over den.<\/p>\n<p>Bryteren gir auditiv og visuell tilbakemelding ved aktivering<\/p>\n<p>HMS art.nr: 331807<\/p>\n<p><strong style=\"color: blue;\">P\u00e5 produsentlager: Forventet leveringstid 11 dager.<\/strong><\/p>\n","protected":false},"featured_media":9997,"template":"","meta":[],"product_brand":[],"product_cat":[57,25,59],"product_tag":[],"class_list":{"0":"post-9991","1":"product","2":"type-product","3":"status-publish","4":"has-post-thumbnail","6":"product_cat-betjening","7":"product_cat-kablede-brytere","8":"product_cat-middelstore-brytere","10":"first","11":"instock","12":"taxable","13":"shipping-taxable","14":"purchasable","15":"product-type-simple"},"_links":{"self":[{"href":"https:\/\/www.ergocontech.no\/shop\/wp-json\/wp\/v2\/product\/9991","targetHints":{"allow":["GET"]}}],"collection":[{"href":"https:\/\/www.ergocontech.no\/shop\/wp-json\/wp\/v2\/product"}],"about":[{"href":"https:\/\/www.ergocontech.no\/shop\/wp-json\/wp\/v2\/types\/product"}],"wp:featuredmedia":[{"embeddable":true,"href":"https:\/\/www.ergocontech.no\/shop\/wp-json\/wp\/v2\/media\/9997"}],"wp:attachment":[{"href":"https:\/\/www.ergocontech.no\/shop\/wp-json\/wp\/v2\/media?parent=9991"}],"wp:term":[{"taxonomy":"product_brand","embeddable":true,"href":"https:\/\/www.ergocontech.no\/shop\/wp-json\/wp\/v2\/product_brand?post=9991"},{"taxonomy":"product_cat","embeddable":true,"href":"https:\/\/www.ergocontech.no\/shop\/wp-json\/wp\/v2\/product_cat?post=9991"},{"taxonomy":"product_tag","embeddable":true,"href":"https:\/\/www.ergocontech.no\/shop\/wp-json\/wp\/v2\/product_tag?post=9991"}],"curies":[{"name":"wp","href":"https:\/\/api.w.org\/{rel}","templated":true}]}}