{"id":9947,"date":"2025-08-16T19:47:10","date_gmt":"2025-08-16T17:47:10","guid":{"rendered":"https:\/\/www.ergocontech.no\/shop\/?post_type=product&#038;p=9947"},"modified":"2025-08-16T19:47:10","modified_gmt":"2025-08-16T17:47:10","slug":"kajo-ble-50","status":"publish","type":"product","link":"https:\/\/www.ergocontech.no\/shop\/produkt\/kajo-ble-50\/","title":{"rendered":"Kajo BLE 50"},"content":{"rendered":"<p>Bryteren har en tidsavbrudds funksjon.<\/p>\n<p>Etter 2 minutter uten aktivitet kuttes forbindelsen til enheten. Forbindelsen gjenopprettes automatisk n\u00e5r knappen trykkes \u00e9n gang.<\/p>\n<p>&nbsp;<\/p>\n<p>Batteri<\/p>\n<p>P\u00e5 baksiden av kretskortet er det et batterirom som passer til CR2430- og CR2450-batterier.<\/p>\n<p>N\u00e5r den er paret, viser enheten batteriladeniv\u00e5et i Bluetooth-menyen, f.eks. 65 %.<\/p>\n<p>&nbsp;<\/p>\n<p>PROGRAMMERING<\/p>\n<p>Bryterens funksjoner kan programmeres ved hjelp av operativsystemets tekstredigerer eller notisblokk. \u00c5pne tekstredigereren eller notisblokken n\u00e5r bryteren er paret. Trykk p\u00e5 programmeringsknappen for \u00e5 vise instruksjonsteksten.<\/p>\n<p>Operation mode &#8211; One Key sender [1]<\/p>\n<p>Operation mode &#8211; Two Key sender [1] og [2]<\/p>\n<p>Operation mode &#8211; Mouse Click sender [Venstreklikk\/H\u00f8yreklikk]<\/p>\n<p>Operation mode \u2013 Custom [stillbar]<\/p>\n<p>&nbsp;<\/p>\n<p>Bryteren kan stilles til \u00e5 sende f\u00f8lgende:<\/p>\n<p>Bokstavs taster &#8211; A &#8211; Z<\/p>\n<p>Numeriske taster &#8211; 0-9<\/p>\n<p>Kontrolltaster &#8211; Enter\/Up\/Down\/Left\/Right\/Home\/Space<\/p>\n<p>Museklikk &#8211; Venstreklikk\/H\u00f8yreklikk<\/p>\n<p><span style=\"color: #ffffff;\">KB50BLE<\/span><\/p>\n","protected":false},"excerpt":{"rendered":"<p>Kajo BLE 50<\/p>\n<p>Bluetooth bryter med mulighet for 3 kommando, tegn, siffer eller museklikk som aktiveres med enkeltklikk, dobbeltklikk og langt klikk. Aktiveringsflate 50 mm.<\/p>\n<p>Kan kobles til Windows, iOS eller Android Programmerbar uten separat programvare. Kommando (nummer, bokstaver, museklikk) stilles inn ved hjelp av tekstredigerer eller notisblokk i operativsystemet. Drives med et utskiftbart CR2450-batteri.<\/p>\n<p><span style=\"color: #3366ff;\">Bestillingsvare. Estimert leveringstid 12 dager.<\/span><\/p>\n","protected":false},"featured_media":9955,"template":"","meta":[],"product_brand":[],"product_cat":[24],"product_tag":[],"class_list":{"0":"post-9947","1":"product","2":"type-product","3":"status-publish","4":"has-post-thumbnail","6":"product_cat-tradlose-brytere","8":"first","9":"instock","10":"taxable","11":"shipping-taxable","12":"purchasable","13":"product-type-simple"},"_links":{"self":[{"href":"https:\/\/www.ergocontech.no\/shop\/wp-json\/wp\/v2\/product\/9947","targetHints":{"allow":["GET"]}}],"collection":[{"href":"https:\/\/www.ergocontech.no\/shop\/wp-json\/wp\/v2\/product"}],"about":[{"href":"https:\/\/www.ergocontech.no\/shop\/wp-json\/wp\/v2\/types\/product"}],"wp:featuredmedia":[{"embeddable":true,"href":"https:\/\/www.ergocontech.no\/shop\/wp-json\/wp\/v2\/media\/9955"}],"wp:attachment":[{"href":"https:\/\/www.ergocontech.no\/shop\/wp-json\/wp\/v2\/media?parent=9947"}],"wp:term":[{"taxonomy":"product_brand","embeddable":true,"href":"https:\/\/www.ergocontech.no\/shop\/wp-json\/wp\/v2\/product_brand?post=9947"},{"taxonomy":"product_cat","embeddable":true,"href":"https:\/\/www.ergocontech.no\/shop\/wp-json\/wp\/v2\/product_cat?post=9947"},{"taxonomy":"product_tag","embeddable":true,"href":"https:\/\/www.ergocontech.no\/shop\/wp-json\/wp\/v2\/product_tag?post=9947"}],"curies":[{"name":"wp","href":"https:\/\/api.w.org\/{rel}","templated":true}]}}