{"id":9913,"date":"2025-06-26T21:11:49","date_gmt":"2025-06-26T19:11:49","guid":{"rendered":"https:\/\/www.ergocontech.no\/shop\/?post_type=product&#038;p=9913"},"modified":"2025-06-26T21:47:39","modified_gmt":"2025-06-26T19:47:39","slug":"quha-zento-oreboyle","status":"publish","type":"product","link":"https:\/\/www.ergocontech.no\/shop\/produkt\/quha-zento-oreboyle\/","title":{"rendered":"\u00d8reb\u00f8yle til Quha Zono X"},"content":{"rendered":"<p>&nbsp;<\/p>\n<p><span style=\"color: #ffffff;\">10030<\/span><\/p>\n","protected":false},"excerpt":{"rendered":"<p>En brukervennlig magnetisk \u00f8reb\u00f8yle med 3 utskiftbare \u00f8repropper.<\/p>\n<p><span style=\"color: #3366ff;\">Bestillingsvare: Leveringstid 14 dager<\/span><\/p>\n","protected":false},"featured_media":9918,"template":"","meta":[],"product_brand":[],"product_cat":[88],"product_tag":[],"class_list":{"0":"post-9913","1":"product","2":"type-product","3":"status-publish","4":"has-post-thumbnail","6":"product_cat-tilbehor-quha-zono-x","8":"first","9":"instock","10":"taxable","11":"shipping-taxable","12":"product-type-simple"},"_links":{"self":[{"href":"https:\/\/www.ergocontech.no\/shop\/wp-json\/wp\/v2\/product\/9913","targetHints":{"allow":["GET"]}}],"collection":[{"href":"https:\/\/www.ergocontech.no\/shop\/wp-json\/wp\/v2\/product"}],"about":[{"href":"https:\/\/www.ergocontech.no\/shop\/wp-json\/wp\/v2\/types\/product"}],"wp:featuredmedia":[{"embeddable":true,"href":"https:\/\/www.ergocontech.no\/shop\/wp-json\/wp\/v2\/media\/9918"}],"wp:attachment":[{"href":"https:\/\/www.ergocontech.no\/shop\/wp-json\/wp\/v2\/media?parent=9913"}],"wp:term":[{"taxonomy":"product_brand","embeddable":true,"href":"https:\/\/www.ergocontech.no\/shop\/wp-json\/wp\/v2\/product_brand?post=9913"},{"taxonomy":"product_cat","embeddable":true,"href":"https:\/\/www.ergocontech.no\/shop\/wp-json\/wp\/v2\/product_cat?post=9913"},{"taxonomy":"product_tag","embeddable":true,"href":"https:\/\/www.ergocontech.no\/shop\/wp-json\/wp\/v2\/product_tag?post=9913"}],"curies":[{"name":"wp","href":"https:\/\/api.w.org\/{rel}","templated":true}]}}