{"id":9906,"date":"2025-06-26T20:43:51","date_gmt":"2025-06-26T18:43:51","guid":{"rendered":"https:\/\/www.ergocontech.no\/shop\/?post_type=product&#038;p=9906"},"modified":"2025-12-18T22:04:38","modified_gmt":"2025-12-18T21:04:38","slug":"quha-zento-til-quha-zono-x","status":"publish","type":"product","link":"https:\/\/www.ergocontech.no\/shop\/produkt\/quha-zento-til-quha-zono-x\/","title":{"rendered":"Quha Zento til Quha Zono X"},"content":{"rendered":"<p><strong>Tekniske spesifikasjoner<\/strong><\/p>\n<p>Innhold: Quha Sento kontaktl\u00f8s bl\u00e5sbryter med justerbar hodeb\u00f8yle til Zono X, inkludert magnetisk holder for Quha Zono X<\/p>\n<p>Vekt: 47 g inkludert hodeb\u00e5nd uten Quha Zono X (58 g med Zono X)<\/p>\n<p>Kompatibilitet: Kompatibel med Quha Zono X hodemus<\/p>\n<p>M\u00e5l: Justerbar bl\u00e5ssensorarm 220 mm.<\/p>\n<p>Samsvar: CE, FCC<\/p>\n<p>Materiale: Polyamid PA 2200. Godkjent for matkontakt i samsvar med EUs plastdirektiv 2002\/72\/EF. FDA-godkjenning i henhold til amerikansk biologisk test (klassifisering VI\/121\u00b0C)<\/p>\n<p>&nbsp;<\/p>\n<p><span style=\"color: #ffffff;\">10029<\/span><\/p>\n","protected":false},"excerpt":{"rendered":"<p>Quha Sento til Quha Zono X er et praktisk alternativ for de som foretrekker \u00e5 bruke bl\u00e5sbryter for \u00e5 klikke.<\/p>\n<p>Hodeb\u00f8ylen har en magnetisk holder for Zono X-hodemus for rask og enkel festing.<\/p>\n<p>HMS art.nr 330276<\/p>\n<p><span style=\"color: #3366ff;\">Bestillingsvare: Leveringstid 14 dager<\/span><\/p>\n","protected":false},"featured_media":9907,"template":"","meta":[],"product_brand":[],"product_cat":[88],"product_tag":[],"class_list":{"0":"post-9906","1":"product","2":"type-product","3":"status-publish","4":"has-post-thumbnail","6":"product_cat-tilbehor-quha-zono-x","8":"first","9":"instock","10":"taxable","11":"shipping-taxable","12":"product-type-simple"},"_links":{"self":[{"href":"https:\/\/www.ergocontech.no\/shop\/wp-json\/wp\/v2\/product\/9906","targetHints":{"allow":["GET"]}}],"collection":[{"href":"https:\/\/www.ergocontech.no\/shop\/wp-json\/wp\/v2\/product"}],"about":[{"href":"https:\/\/www.ergocontech.no\/shop\/wp-json\/wp\/v2\/types\/product"}],"wp:featuredmedia":[{"embeddable":true,"href":"https:\/\/www.ergocontech.no\/shop\/wp-json\/wp\/v2\/media\/9907"}],"wp:attachment":[{"href":"https:\/\/www.ergocontech.no\/shop\/wp-json\/wp\/v2\/media?parent=9906"}],"wp:term":[{"taxonomy":"product_brand","embeddable":true,"href":"https:\/\/www.ergocontech.no\/shop\/wp-json\/wp\/v2\/product_brand?post=9906"},{"taxonomy":"product_cat","embeddable":true,"href":"https:\/\/www.ergocontech.no\/shop\/wp-json\/wp\/v2\/product_cat?post=9906"},{"taxonomy":"product_tag","embeddable":true,"href":"https:\/\/www.ergocontech.no\/shop\/wp-json\/wp\/v2\/product_tag?post=9906"}],"curies":[{"name":"wp","href":"https:\/\/api.w.org\/{rel}","templated":true}]}}