{"id":9903,"date":"2025-06-26T20:42:05","date_gmt":"2025-06-26T18:42:05","guid":{"rendered":"https:\/\/www.ergocontech.no\/shop\/?post_type=product&#038;p=9903"},"modified":"2025-06-26T20:58:28","modified_gmt":"2025-06-26T18:58:28","slug":"hodeboyle-til-quha-zono-x","status":"publish","type":"product","link":"https:\/\/www.ergocontech.no\/shop\/produkt\/hodeboyle-til-quha-zono-x\/","title":{"rendered":"Hodeb\u00f8yle til Quha Zono X"},"content":{"rendered":"<p><strong>Tekniske spesifikasjoner<\/strong><\/p>\n<p>Innhold: Hodeb\u00f8yle til Quha Zono X, justerbar fra liten (S) til ekstra stor (XL)<\/p>\n<p>Magnetisk holder for Quha Zono X-hodemus<\/p>\n<p>Bryterkontakt: kompatibel med alle brytere med 3,5 mm kontaktplugg<\/p>\n<p>(Quha Zono X er ikke inkludert.)<\/p>\n<p>Tilgjengelige farger: Svart<\/p>\n<p>Vekt: 32 g (44 g med Zono X)<\/p>\n<p>Materiale: Polyamid PA 2200.<\/p>\n<p>Godkjent for matkontakt i samsvar med EUs plastdirektiv 2002\/72\/EF. FDA-godkjenning i henhold til USP Biological test (klassifisering VI\/121\u00b0C)<\/p>\n<p><span style=\"color: #ffffff;\">10028<\/span><\/p>\n","protected":false},"excerpt":{"rendered":"<p>Hodeb\u00f8ylen til Quha Zono X er et praktisk alternativ for de som foretrekker hodeb\u00f8ylefeste og\/eller \u00f8nsker \u00e5 koble en bryter til Zono X-musen sin for klikking.<\/p>\n<p>Hodeb\u00f8ylen har en magnetisk holder for Zono X-musen for rask og enkel festing. Holderen inkluderer ogs\u00e5 en kontakt for tilkobling av en bryter for \u00e5 utf\u00f8re funksjonene til venstre museknapp.<\/p>\n<p><span style=\"color: #3366ff;\">Bestillingsvare: Leveringstid 14 dager<\/span><\/p>\n","protected":false},"featured_media":9904,"template":"","meta":[],"product_brand":[],"product_cat":[88],"product_tag":[],"class_list":{"0":"post-9903","1":"product","2":"type-product","3":"status-publish","4":"has-post-thumbnail","6":"product_cat-tilbehor-quha-zono-x","8":"first","9":"instock","10":"taxable","11":"shipping-taxable","12":"product-type-simple"},"_links":{"self":[{"href":"https:\/\/www.ergocontech.no\/shop\/wp-json\/wp\/v2\/product\/9903","targetHints":{"allow":["GET"]}}],"collection":[{"href":"https:\/\/www.ergocontech.no\/shop\/wp-json\/wp\/v2\/product"}],"about":[{"href":"https:\/\/www.ergocontech.no\/shop\/wp-json\/wp\/v2\/types\/product"}],"wp:featuredmedia":[{"embeddable":true,"href":"https:\/\/www.ergocontech.no\/shop\/wp-json\/wp\/v2\/media\/9904"}],"wp:attachment":[{"href":"https:\/\/www.ergocontech.no\/shop\/wp-json\/wp\/v2\/media?parent=9903"}],"wp:term":[{"taxonomy":"product_brand","embeddable":true,"href":"https:\/\/www.ergocontech.no\/shop\/wp-json\/wp\/v2\/product_brand?post=9903"},{"taxonomy":"product_cat","embeddable":true,"href":"https:\/\/www.ergocontech.no\/shop\/wp-json\/wp\/v2\/product_cat?post=9903"},{"taxonomy":"product_tag","embeddable":true,"href":"https:\/\/www.ergocontech.no\/shop\/wp-json\/wp\/v2\/product_tag?post=9903"}],"curies":[{"name":"wp","href":"https:\/\/api.w.org\/{rel}","templated":true}]}}