{"id":9883,"date":"2025-06-26T20:17:10","date_gmt":"2025-06-26T18:17:10","guid":{"rendered":"https:\/\/www.ergocontech.no\/shop\/?post_type=product&#038;p=9883"},"modified":"2026-04-14T21:01:22","modified_gmt":"2026-04-14T19:01:22","slug":"quha-zono-x","status":"publish","type":"product","link":"https:\/\/www.ergocontech.no\/shop\/produkt\/quha-zono-x\/","title":{"rendered":"Quha Zono X"},"content":{"rendered":"<ul>\n<li>Intuitive hodebevegelser oversettes til mark\u00f8rbevegelse p\u00e5 skjermen<\/li>\n<li>Perfekt pikseln\u00f8yaktighet med sm\u00e5 hodebevegelser Quha Zono X er den mest n\u00f8yaktige Quha-musen.<\/li>\n<li>Bluetooth\u00ae-tilkobling med bytte mellom flere enheter<\/li>\n<li>Bruk enheten din tr\u00e5dl\u00f8st. Quha Zono X kan pares med opptil fire separate enheter. Den kan kobles til og enkelt bytte mellom dem.<\/li>\n<li>Liten og slank design<\/li>\n<li>Lengde 44 mm, bredde 25 mm, tykkelse 13 mm, vekt 12 g<\/li>\n<li>Quha Dwell 2-programvare for Windows (lisenskode medf\u00f8lger)<\/li>\n<li>Rund instant dwell-meny forbedrer brukeropplevelsen og gir raskere betjening.<\/li>\n<li>Brukervennlig magnetisk \u00f8reklips eller brilleklips for bruk av musen<\/li>\n<li>Mulig \u00e5 bruke Quha Zono X p\u00e5 hver side av hodet.<\/li>\n<li>Oppladbart batteri<\/li>\n<li>Brukstid opptil 18 timer med brukervennlig hurtigladedokk.<\/li>\n<li>Frihet til \u00e5 bevege seg rundt mens du bruker datamaskinen eller mobilenheten<\/li>\n<li>St\u00f8tter vanlige klikkemetode<\/li>\n<li>Bevegelsesgjenkjenning leser og tolker hodebevegelser for \u00e5 aktivere vanlige funksjoner som mark\u00f8rpause, vindusrulling, mark\u00f8rsentrering og bytte mellom flere enheter.<\/li>\n<li>Justerbare innstillinger\n<ul>\n<li style=\"list-style-type: none;\">\n<ul>\n<li>\u00a0Mark\u00f8rhastighet<\/li>\n<li>Skjelvfiltrering<\/li>\n<li>Side som enheten brukes p\u00e5<\/li>\n<\/ul>\n<\/li>\n<\/ul>\n<\/li>\n<\/ul>\n<p><iframe title=\"Quha Zono X head mouse for hands-free computer control\" width=\"980\" height=\"551\" src=\"https:\/\/www.youtube.com\/embed\/rE6nlp8n5rw?feature=oembed\" frameborder=\"0\" allow=\"accelerometer; autoplay; clipboard-write; encrypted-media; gyroscope; picture-in-picture; web-share\" referrerpolicy=\"strict-origin-when-cross-origin\" allowfullscreen><\/iframe><\/p>\n<p><strong>Hva er i esken?<\/strong><\/p>\n<p>Quha Zono X-mus<\/p>\n<p>Magnetisk ladestasjon<\/p>\n<p>USB-C-ladekabel<\/p>\n<p>\u00d8reklips for h\u00f8yre \u00f8re og utskiftbare \u00f8repropper<\/p>\n<p>Brilleklips for bruk p\u00e5 venstre eller h\u00f8yre side<\/p>\n<p>Programvarelisens og hurtigveiledning for Quha Dwell 2<\/p>\n<p>Brukerh\u00e5ndbok og instruksjoner for nedlasting av programvare<\/p>\n<p>Garantikort<\/p>\n<p>&nbsp;<\/p>\n<p><strong>-Tekniske Spesifikasjoner<\/strong><\/p>\n<p><strong>Quha Zono X-mus:<\/strong><\/p>\n<p>M\u00e5l: Lengde 44 mm, bredde 25 mm, tykkelse 13 mm, vekt 12 g<\/p>\n<p>Bluetooth-rekkevidde: Opptil 10 meter<\/p>\n<p>Batteri: LiPo (litiumpolymer) 90 mAh. Aktiv brukstid er opptil 18 timer, avhengig av str\u00f8msparings-\/ytelsesmodus<\/p>\n<p>Musens oppdateringsfrekvens: 208 Hz<\/p>\n<p><strong>Magnetisk ladestasjon:<\/strong><\/p>\n<p>Tilkobling: USB-C<\/p>\n<p>Ladetid: 2 timer<\/p>\n<p><a href=\"https:\/\/www.ergocontech.no\/PDF\/Quha-Zono-X-user-manual-1.5.pdf\"><img decoding=\"async\" class=\"alignnone wp-image-778\" src=\"https:\/\/www.ergocontech.no\/shop\/wp-content\/uploads\/2018\/05\/last-ned-1-copy-1-e1546625063281-1024x291.jpg\" alt=\"\" width=\"169\" height=\"48\" srcset=\"https:\/\/www.ergocontech.no\/shop\/wp-content\/uploads\/2018\/05\/last-ned-1-copy-1-e1546625063281-1024x291.jpg 1024w, https:\/\/www.ergocontech.no\/shop\/wp-content\/uploads\/2018\/05\/last-ned-1-copy-1-e1546625063281-300x85.jpg 300w, https:\/\/www.ergocontech.no\/shop\/wp-content\/uploads\/2018\/05\/last-ned-1-copy-1-e1546625063281-768x218.jpg 768w, https:\/\/www.ergocontech.no\/shop\/wp-content\/uploads\/2018\/05\/last-ned-1-copy-1-e1546625063281-416x118.jpg 416w, https:\/\/www.ergocontech.no\/shop\/wp-content\/uploads\/2018\/05\/last-ned-1-copy-1-e1546625063281.jpg 1756w\" sizes=\"(max-width: 169px) 100vw, 169px\" \/><\/a><\/p>\n<p><span style=\"color: #ffffff;\">7453<\/span><\/p>\n","protected":false},"excerpt":{"rendered":"<p>Quha Zono X er en h\u00e5ndfri Bluetooth\u00ae-mus. Brukeren kan utf\u00f8re alle vanlige musefunksjoner med hodebevegelser.<\/p>\n<p>Quha Zono X er kompatibel med alle datamaskiner og mobile enheter med Bluetooth\u00ae. Kompatible operativsystemer inkluderer Windows, macOS, Chrome OS, Android, iPadOS, iOS og Linux.<\/p>\n<p>HMS art.nr: 330274<\/p>\n<p><span style=\"color: #3366ff;\">Bestillingsvare: Leveringstid 14 dager<\/span><\/p>\n","protected":false},"featured_media":9884,"template":"","meta":[],"product_brand":[],"product_cat":[42],"product_tag":[],"class_list":{"0":"post-9883","1":"product","2":"type-product","3":"status-publish","4":"has-post-thumbnail","6":"product_cat-mus","8":"first","9":"instock","10":"taxable","11":"shipping-taxable","12":"product-type-simple"},"_links":{"self":[{"href":"https:\/\/www.ergocontech.no\/shop\/wp-json\/wp\/v2\/product\/9883","targetHints":{"allow":["GET"]}}],"collection":[{"href":"https:\/\/www.ergocontech.no\/shop\/wp-json\/wp\/v2\/product"}],"about":[{"href":"https:\/\/www.ergocontech.no\/shop\/wp-json\/wp\/v2\/types\/product"}],"wp:featuredmedia":[{"embeddable":true,"href":"https:\/\/www.ergocontech.no\/shop\/wp-json\/wp\/v2\/media\/9884"}],"wp:attachment":[{"href":"https:\/\/www.ergocontech.no\/shop\/wp-json\/wp\/v2\/media?parent=9883"}],"wp:term":[{"taxonomy":"product_brand","embeddable":true,"href":"https:\/\/www.ergocontech.no\/shop\/wp-json\/wp\/v2\/product_brand?post=9883"},{"taxonomy":"product_cat","embeddable":true,"href":"https:\/\/www.ergocontech.no\/shop\/wp-json\/wp\/v2\/product_cat?post=9883"},{"taxonomy":"product_tag","embeddable":true,"href":"https:\/\/www.ergocontech.no\/shop\/wp-json\/wp\/v2\/product_tag?post=9883"}],"curies":[{"name":"wp","href":"https:\/\/api.w.org\/{rel}","templated":true}]}}