{"id":9836,"date":"2025-04-21T15:47:46","date_gmt":"2025-04-21T13:47:46","guid":{"rendered":"https:\/\/www.ergocontech.no\/shop\/?post_type=product&#038;p=9836"},"modified":"2026-02-11T20:59:45","modified_gmt":"2026-02-11T19:59:45","slug":"ram-ball-adapter-b-size","status":"publish","type":"product","link":"https:\/\/www.ergocontech.no\/shop\/produkt\/ram-ball-adapter-b-size\/","title":{"rendered":"RAM\u00ae Ball Adapter &#8211; B Size"},"content":{"rendered":"<p class=\"\" data-start=\"0\" data-end=\"296\"><strong data-start=\"311\" data-end=\"325\">Egenskaper<\/strong><\/p>\n<ul data-start=\"328\" data-end=\"739\" data-is-last-node=\"\" data-is-only-node=\"\">\n<li class=\"\" data-start=\"328\" data-end=\"416\">\n<p class=\"\" data-start=\"330\" data-end=\"416\">Universell kamera- og videokamera-base gj\u00f8r det mulig for enheten din \u00e5 bruke RAM\u00ae monteringssystemet<\/p>\n<\/li>\n<li class=\"\" data-start=\"417\" data-end=\"600\">\n<p class=\"\" data-start=\"419\" data-end=\"600\">Inkludert B-st\u00f8rrelse 1&#8243; RAM\u00ae gummikule gj\u00f8r det mulig \u00e5 koble til hvilken som helst B-st\u00f8rrelse RAM\u00ae dobbelt sokkelarm; kule- og sokkelteknologi gir n\u00e6rmest uendelig justerbarhet<\/p>\n<\/li>\n<li class=\"\" data-start=\"601\" data-end=\"710\">\n<p class=\"\" data-start=\"603\" data-end=\"710\">Laget av pulverlakkert, marine-grad aluminium for holdbarhet og p\u00e5litelighet i de mest krevende milj\u00f8ene<\/p>\n<\/li>\n<li class=\"\" data-start=\"711\" data-end=\"739\">\n<p class=\"\" data-start=\"713\" data-end=\"739\">St\u00f8ttes av livstidsgaranti<\/p>\n<\/li>\n<\/ul>\n<p>&nbsp;<\/p>\n<p><span style=\"color: #ffffff;\">RAM-B-237U<\/span><\/p>\n","protected":false},"excerpt":{"rendered":"<p data-start=\"0\" data-end=\"296\">RAM-B-237U universell kamera- og videokamera-base best\u00e5r av en B-st\u00f8rrelse 1&#8243;(tomme) gummikule koblet til et 1\/4&#8243;(tomme)-20 kameragjenger.<\/p>\n<p data-start=\"0\" data-end=\"296\"><span style=\"color: #3366ff;\">P\u00e5 produsentlager. Estimert leveringstid 11 dager.<\/span><\/p>\n","protected":false},"featured_media":9837,"template":"","meta":[],"product_brand":[],"product_cat":[33],"product_tag":[],"class_list":{"0":"post-9836","1":"product","2":"type-product","3":"status-publish","4":"has-post-thumbnail","6":"product_cat-ram","8":"first","9":"instock","10":"taxable","11":"shipping-taxable","12":"purchasable","13":"product-type-simple"},"_links":{"self":[{"href":"https:\/\/www.ergocontech.no\/shop\/wp-json\/wp\/v2\/product\/9836","targetHints":{"allow":["GET"]}}],"collection":[{"href":"https:\/\/www.ergocontech.no\/shop\/wp-json\/wp\/v2\/product"}],"about":[{"href":"https:\/\/www.ergocontech.no\/shop\/wp-json\/wp\/v2\/types\/product"}],"wp:featuredmedia":[{"embeddable":true,"href":"https:\/\/www.ergocontech.no\/shop\/wp-json\/wp\/v2\/media\/9837"}],"wp:attachment":[{"href":"https:\/\/www.ergocontech.no\/shop\/wp-json\/wp\/v2\/media?parent=9836"}],"wp:term":[{"taxonomy":"product_brand","embeddable":true,"href":"https:\/\/www.ergocontech.no\/shop\/wp-json\/wp\/v2\/product_brand?post=9836"},{"taxonomy":"product_cat","embeddable":true,"href":"https:\/\/www.ergocontech.no\/shop\/wp-json\/wp\/v2\/product_cat?post=9836"},{"taxonomy":"product_tag","embeddable":true,"href":"https:\/\/www.ergocontech.no\/shop\/wp-json\/wp\/v2\/product_tag?post=9836"}],"curies":[{"name":"wp","href":"https:\/\/api.w.org\/{rel}","templated":true}]}}