{"id":9827,"date":"2025-04-20T20:54:43","date_gmt":"2025-04-20T18:54:43","guid":{"rendered":"https:\/\/www.ergocontech.no\/shop\/?post_type=product&#038;p=9827"},"modified":"2025-05-15T07:58:30","modified_gmt":"2025-05-15T05:58:30","slug":"xbox-adaptive-joystick","status":"publish","type":"product","link":"https:\/\/www.ergocontech.no\/shop\/produkt\/xbox-adaptive-joystick\/","title":{"rendered":"Xbox Adaptive Joystick"},"content":{"rendered":"<article class=\"text-token-text-primary w-full\" dir=\"auto\" data-testid=\"conversation-turn-8\" data-scroll-anchor=\"false\">\n<div class=\"text-base my-auto mx-auto py-5 [--thread-content-margin:--spacing(4)] @[37rem]:[--thread-content-margin:--spacing(6)] @[70rem]:[--thread-content-margin:--spacing(12)] px-(--thread-content-margin)\">\n<div class=\"[--thread-content-max-width:32rem] @[34rem]:[--thread-content-max-width:40rem] @[64rem]:[--thread-content-max-width:48rem] mx-auto flex max-w-(--thread-content-max-width) flex-1 text-base gap-4 md:gap-5 lg:gap-6 group\/turn-messages focus-visible:outline-hidden\" tabindex=\"-1\">\n<div class=\"group\/conversation-turn relative flex w-full min-w-0 flex-col agent-turn\">\n<div class=\"relative flex-col gap-1 md:gap-3\">\n<div class=\"flex max-w-full flex-col grow\">\n<div class=\"min-h-8 text-message relative flex w-full flex-col items-end gap-2 text-start break-words whitespace-normal [.text-message+&amp;]:mt-5\" dir=\"auto\" data-message-author-role=\"assistant\" data-message-id=\"84df71f2-5635-4e3b-bf47-f0f3fd4c1bc6\" data-message-model-slug=\"gpt-4o\">\n<div class=\"flex w-full flex-col gap-1 empty:hidden first:pt-[3px]\">\n<div class=\"markdown prose dark:prose-invert w-full break-words dark\">\n<p>Spill p\u00e5 din m\u00e5te<br data-start=\"17\" data-end=\"20\" \/>Forbedre spillopplevelsen din med den konfigurerbare, kablede Xbox Adaptive Joystick, designet som en f\u00f8lgesvenn til Xbox Adaptive Controller og andre Xbox-kontrollere (selges separat).* Laget for \u00e5 m\u00f8te behovene til spillere med nedsatt mobilitet, hjelper Xbox Adaptive Joystick med \u00e5 gj\u00f8re gaming mer tilgjengelig, uansett hvordan du spiller.<\/p>\n<p>Kompatibilitet<br data-start=\"14\" data-end=\"17\" \/>Koble til Xbox Adaptive Controller for en fullstendig tilpasset oppsett. Plugg den direkte inn i konsollen eller PC-en din, og koble den sammen med en Xbox-kontroller for full kontrollfunksjonalitet. Finjuster spilloppsettet ditt til det er perfekt for deg \u2013 for n\u00e5r alle spiller, vinner vi alle.<\/p>\n<article class=\"text-token-text-primary w-full\" dir=\"auto\" data-testid=\"conversation-turn-8\" data-scroll-anchor=\"false\">\n<div class=\"text-base my-auto mx-auto py-5 [--thread-content-margin:--spacing(4)] @[37rem]:[--thread-content-margin:--spacing(6)] @[70rem]:[--thread-content-margin:--spacing(12)] px-(--thread-content-margin)\">\n<div class=\"[--thread-content-max-width:32rem] @[34rem]:[--thread-content-max-width:40rem] @[64rem]:[--thread-content-max-width:48rem] mx-auto flex max-w-(--thread-content-max-width) flex-1 text-base gap-4 md:gap-5 lg:gap-6 group\/turn-messages focus-visible:outline-hidden\" tabindex=\"-1\">\n<div class=\"group\/conversation-turn relative flex w-full min-w-0 flex-col agent-turn\">\n<div class=\"relative flex-col gap-1 md:gap-3\">\n<div class=\"flex max-w-full flex-col grow\">\n<div class=\"min-h-8 text-message relative flex w-full flex-col items-end gap-2 text-start break-words whitespace-normal [.text-message+&amp;]:mt-5\" dir=\"auto\" data-message-author-role=\"assistant\" data-message-id=\"84df71f2-5635-4e3b-bf47-f0f3fd4c1bc6\" data-message-model-slug=\"gpt-4o\">\n<div class=\"flex w-full flex-col gap-1 empty:hidden first:pt-[3px]\">\n<div class=\"markdown prose dark:prose-invert w-full break-words dark\">\n<p class=\"\" data-start=\"0\" data-end=\"140\">S\u00f8ml\u00f8se overganger<br data-start=\"18\" data-end=\"21\" \/>Tilpass med knappetilordning, opprett flere kontrollerprofiler, og bytt mellom profilene, alt via Xbox-tilbeh\u00f8rsappen.<\/p>\n<p data-start=\"0\" data-end=\"140\">\n<\/div>\n<\/div>\n<\/div>\n<\/div>\n<\/div>\n<\/div>\n<\/div>\n<\/div>\n<\/article>\n<p class=\"\" data-start=\"0\" data-end=\"140\"><strong data-start=\"0\" data-end=\"28\">Tekniske spesifikasjoner<\/strong><\/p>\n<\/div>\n<p class=\"\" data-start=\"30\" data-end=\"578\"><strong data-start=\"30\" data-end=\"44\">Tilkobling<\/strong><br data-start=\"44\" data-end=\"47\" \/>Knappetilordning er tilgjengelig via Xbox-tilbeh\u00f8rsappen. Appen for Windows 11 (x64-enheter) krever en kompatibel USB-C-kabel. Enheten har en USB-C-port. Eksterne enheter kreves for full spillfunksjonalitet (selges separat), samt Xbox-tilbeh\u00f8rsappen for konsoll og PC (lastes ned separat). For bruk med kompatible spill p\u00e5 oppdaterte Windows 11-PC-er (x64-enheter) og st\u00f8ttede konsoller (xbox.com\/controller-compatibility). Du m\u00e5 godta garanti- og bruksvilk\u00e5r p\u00e5 xbox.com\/warranty og lisensavtalen for programvaren p\u00e5 xbox.com\/slt.<\/p>\n<p class=\"\" data-start=\"580\" data-end=\"715\"><strong data-start=\"580\" data-end=\"598\">Kompatibel med<\/strong><br data-start=\"598\" data-end=\"601\" \/>Xbox One, Xbox One S, Xbox One X, Xbox Series S, Xbox Series X, Xbox Adaptive Controller, Windows 11 (x64-enheter)<\/p>\n<p class=\"\" data-start=\"717\" data-end=\"737\"><strong data-start=\"717\" data-end=\"735\">Hva er i esken<\/strong><\/p>\n<ul data-start=\"738\" data-end=\"818\">\n<li class=\"\" data-start=\"738\" data-end=\"766\">\n<p class=\"\" data-start=\"740\" data-end=\"766\">1 Xbox Adaptive Joystick<\/p>\n<\/li>\n<li class=\"\" data-start=\"767\" data-end=\"818\">\n<p class=\"\" data-start=\"769\" data-end=\"818\">1 USB-C til USB-A-kabel (lengde = 2,7 m, flettet)<\/p>\n<\/li>\n<\/ul>\n<p class=\"\" data-start=\"820\" data-end=\"844\"><strong data-start=\"820\" data-end=\"834\">Enhetsvekt<\/strong><br data-start=\"834\" data-end=\"837\" \/>106,2 g<\/p>\n<p class=\"\" data-start=\"846\" data-end=\"894\"><strong data-start=\"846\" data-end=\"892\">Aktiveringskraft (omtrentlig gjennomsnitt)<\/strong><\/p>\n<ul data-start=\"895\" data-end=\"994\">\n<li class=\"\" data-start=\"895\" data-end=\"921\">\n<p class=\"\" data-start=\"897\" data-end=\"921\">Knapper x1\u2013x4 = 130 gf<\/p>\n<\/li>\n<li class=\"\" data-start=\"922\" data-end=\"943\">\n<p class=\"\" data-start=\"924\" data-end=\"943\">Knapp x5 = 130 gf<\/p>\n<\/li>\n<li class=\"\" data-start=\"944\" data-end=\"965\">\n<p class=\"\" data-start=\"946\" data-end=\"965\">Knapp x6 = 130 gf<\/p>\n<\/li>\n<li class=\"\" data-start=\"966\" data-end=\"994\">\n<p class=\"\" data-start=\"968\" data-end=\"994\">Stick-trykkeknapp = 870 gf<\/p>\n<\/li>\n<\/ul>\n<p class=\"\" data-start=\"1029\" data-end=\"1049\"><strong data-start=\"1029\" data-end=\"1039\">Porter<\/strong><br data-start=\"1039\" data-end=\"1042\" \/>1 USB-C<\/p>\n<p class=\"\" data-start=\"1051\" data-end=\"1106\"><strong data-start=\"1051\" data-end=\"1062\">Knapper<\/strong><br data-start=\"1062\" data-end=\"1065\" \/>7 knapper (4 foran, 2 bak, 1 stick-trykk)<\/p>\n<p data-start=\"1051\" data-end=\"1106\"><span style=\"color: #ffffff;\">XAJ<\/span><\/p>\n<\/div>\n<\/div>\n<\/div>\n<\/div>\n<\/div>\n<\/div>\n<\/div>\n<\/article>\n","protected":false},"excerpt":{"rendered":"<p>Designet som en f\u00f8lgesvenn for Xbox-kontrollere. Koble direkte til konsollen eller PC-en din. Tilpass med knappetilordning<\/p>\n<p>HMS art.nr: 328891<\/p>\n","protected":false},"featured_media":9830,"template":"","meta":[],"product_brand":[],"product_cat":[32,80,82,81],"product_tag":[],"class_list":{"0":"post-9827","1":"product","2":"type-product","3":"status-publish","4":"has-post-thumbnail","6":"product_cat-gaming","7":"product_cat-joystick","8":"product_cat-pc","9":"product_cat-xbox","11":"first","12":"instock","13":"taxable","14":"shipping-taxable","15":"purchasable","16":"product-type-simple"},"_links":{"self":[{"href":"https:\/\/www.ergocontech.no\/shop\/wp-json\/wp\/v2\/product\/9827","targetHints":{"allow":["GET"]}}],"collection":[{"href":"https:\/\/www.ergocontech.no\/shop\/wp-json\/wp\/v2\/product"}],"about":[{"href":"https:\/\/www.ergocontech.no\/shop\/wp-json\/wp\/v2\/types\/product"}],"wp:featuredmedia":[{"embeddable":true,"href":"https:\/\/www.ergocontech.no\/shop\/wp-json\/wp\/v2\/media\/9830"}],"wp:attachment":[{"href":"https:\/\/www.ergocontech.no\/shop\/wp-json\/wp\/v2\/media?parent=9827"}],"wp:term":[{"taxonomy":"product_brand","embeddable":true,"href":"https:\/\/www.ergocontech.no\/shop\/wp-json\/wp\/v2\/product_brand?post=9827"},{"taxonomy":"product_cat","embeddable":true,"href":"https:\/\/www.ergocontech.no\/shop\/wp-json\/wp\/v2\/product_cat?post=9827"},{"taxonomy":"product_tag","embeddable":true,"href":"https:\/\/www.ergocontech.no\/shop\/wp-json\/wp\/v2\/product_tag?post=9827"}],"curies":[{"name":"wp","href":"https:\/\/api.w.org\/{rel}","templated":true}]}}