{"id":9810,"date":"2025-03-18T20:58:40","date_gmt":"2025-03-18T19:58:40","guid":{"rendered":"https:\/\/www.ergocontech.no\/shop\/?post_type=product&#038;p=9810"},"modified":"2025-03-18T20:58:40","modified_gmt":"2025-03-18T19:58:40","slug":"j-pad-joystick-for-ipad","status":"publish","type":"product","link":"https:\/\/www.ergocontech.no\/shop\/produkt\/j-pad-joystick-for-ipad\/","title":{"rendered":"J-Pad &#8211; Joystick For iPad"},"content":{"rendered":"<h3><strong>J-Pad \u2013 Joystick for iPad<\/strong><\/h3>\n<p><strong>J-Pad<\/strong> er en unik og sv\u00e6rt intuitiv joystick Interface som gir ergonomisk bryterstyring for iOS Switch Control. I motsetning til tradisjonelle bryterbaserte oppsett, der brukeren m\u00e5 huske hva hver bryter gj\u00f8r, gj\u00f8r J-Pads brukergrensesnitt det helt \u00e5penbart. Hvis brukeren for eksempel trenger \u00e5 skanne oppover, dytter de bare spaken oppover. P\u00e5 samme m\u00e5te, for \u00e5 skanne til h\u00f8yre, dytte spaken til h\u00f8yre. For \u00e5 velge, ber\u00f8r den gr\u00f8nne knappen, og for \u00e5 lukke en app, ber\u00f8r den r\u00f8de knappen.<\/p>\n<p><strong>Visste du?<\/strong><\/p>\n<p>Du kan deaktivere Siri-tilgang p\u00e5 J-Pad hvis brukeren ikke klarer \u00e5 fjerne h\u00e5nden fra den r\u00f8de knappen raskt nok til \u00e5 hindre at Siri aktiveres.<\/p>\n<p>J-Pad er ikke for alle. Den krever at brukeren har motoriske ferdigheter nok til \u00e5 kunne betjene en joystick, samt kognitive ferdigheter til \u00e5 bruke iOS Switch Control. N\u00e5r disse to forutsetningene er oppfylt, kan brukeren navigere raskere og med mindre frustrasjon.<\/p>\n<p>De r\u00f8de og gr\u00f8nne knappene er ber\u00f8ringsf\u00f8lsomme og bruker lignende teknologi som en ber\u00f8ringsskjerm, s\u00e5 det kreves ikke noe trykk. Alternativt kan eksterne brytere kobles til via de to 3,5 mm-portene. I s\u00e5 fall deaktiveres de ber\u00f8ringsf\u00f8lsomme knappene, slik at brukeren kan lene seg over dem uten \u00e5 aktivere dem.<\/p>\n<p data-start=\"0\" data-end=\"42\">Dimensjoner:<br data-start=\"12\" data-end=\"15\" \/>145 x 90 x 70 mm (h\u00f8yde).<\/p>\n<p data-start=\"0\" data-end=\"42\">Integrert ladbart batteri.<\/p>\n<p data-start=\"0\" data-end=\"42\">H\u00e5ndst\u00f8tteh\u00f8yde: ca. 18 mm.<\/p>\n<p>&nbsp;<\/p>\n<p><iframe title=\"Introducing the J-Pad for use with Switch Control on iPad (and other devices)\" width=\"980\" height=\"551\" src=\"https:\/\/www.youtube.com\/embed\/EZ43jjpoXYQ?feature=oembed\" frameborder=\"0\" allow=\"accelerometer; autoplay; clipboard-write; encrypted-media; gyroscope; picture-in-picture; web-share\" referrerpolicy=\"strict-origin-when-cross-origin\" allowfullscreen><\/iframe><\/p>\n<p><span style=\"color: #ffffff;\">JPAD<\/span><\/p>\n","protected":false},"excerpt":{"rendered":"<p>J-Pad er en unik, intuitivt joystick interface som gj\u00f8r det mulig \u00e5 styre alle iPad-funksjoner<\/p>\n<p>&nbsp;<\/p>\n","protected":false},"featured_media":9811,"template":"","meta":[],"product_brand":[],"product_cat":[42],"product_tag":[],"class_list":{"0":"post-9810","1":"product","2":"type-product","3":"status-publish","4":"has-post-thumbnail","6":"product_cat-mus","8":"first","9":"instock","10":"taxable","11":"shipping-taxable","12":"purchasable","13":"product-type-simple"},"_links":{"self":[{"href":"https:\/\/www.ergocontech.no\/shop\/wp-json\/wp\/v2\/product\/9810","targetHints":{"allow":["GET"]}}],"collection":[{"href":"https:\/\/www.ergocontech.no\/shop\/wp-json\/wp\/v2\/product"}],"about":[{"href":"https:\/\/www.ergocontech.no\/shop\/wp-json\/wp\/v2\/types\/product"}],"wp:featuredmedia":[{"embeddable":true,"href":"https:\/\/www.ergocontech.no\/shop\/wp-json\/wp\/v2\/media\/9811"}],"wp:attachment":[{"href":"https:\/\/www.ergocontech.no\/shop\/wp-json\/wp\/v2\/media?parent=9810"}],"wp:term":[{"taxonomy":"product_brand","embeddable":true,"href":"https:\/\/www.ergocontech.no\/shop\/wp-json\/wp\/v2\/product_brand?post=9810"},{"taxonomy":"product_cat","embeddable":true,"href":"https:\/\/www.ergocontech.no\/shop\/wp-json\/wp\/v2\/product_cat?post=9810"},{"taxonomy":"product_tag","embeddable":true,"href":"https:\/\/www.ergocontech.no\/shop\/wp-json\/wp\/v2\/product_tag?post=9810"}],"curies":[{"name":"wp","href":"https:\/\/api.w.org\/{rel}","templated":true}]}}