{"id":9804,"date":"2025-05-12T10:19:36","date_gmt":"2025-05-12T08:19:36","guid":{"rendered":"https:\/\/www.ergocontech.no\/shop\/?post_type=product&#038;p=9804"},"modified":"2025-05-12T10:21:27","modified_gmt":"2025-05-12T08:21:27","slug":"test-it","status":"publish","type":"product","link":"https:\/\/www.ergocontech.no\/shop\/produkt\/test-it\/","title":{"rendered":"TEST-IT"},"content":{"rendered":"<p data-start=\"0\" data-end=\"159\">Bruken av en Pretorian Technologies <b>Test-IT<\/b> kan v\u00e6re spesielt tidsbesparende n\u00e5r du jobber med flere brytere.<\/p>\n<p data-start=\"161\" data-end=\"393\" data-is-last-node=\"\" data-is-only-node=\"\">Enheten er veldig enkel \u00e5 bruke; Koble bryteren til stikkontakten, og den oransje LED-lampen lyser for \u00e5 indikere at str\u00f8mmen er p\u00e5. Trykk p\u00e5 bryteren, deretter lyser den gr\u00f8nne LED-lampen for \u00e5 indikere at switchen fungerer som den skal.<\/p>\n","protected":false},"excerpt":{"rendered":"<p><b>Test-IT <\/b>gir en rask og enkel m\u00e5te \u00e5 teste bryterne dine, for eksempel Pretorian Technologies Smoothie, f\u00f8r du begynner \u00e5 jobbe med dem.<\/p>\n<p><span style=\"color: #3366ff;\">P\u00e5 produsentlager. Estimert leveringstid 11 dager.<\/span><\/p>\n","protected":false},"featured_media":9806,"template":"","meta":[],"product_brand":[],"product_cat":[47],"product_tag":[],"class_list":{"0":"post-9804","1":"product","2":"type-product","3":"status-publish","4":"has-post-thumbnail","6":"product_cat-tilbehor-brytere","8":"first","9":"instock","10":"taxable","11":"shipping-taxable","12":"purchasable","13":"product-type-simple"},"_links":{"self":[{"href":"https:\/\/www.ergocontech.no\/shop\/wp-json\/wp\/v2\/product\/9804","targetHints":{"allow":["GET"]}}],"collection":[{"href":"https:\/\/www.ergocontech.no\/shop\/wp-json\/wp\/v2\/product"}],"about":[{"href":"https:\/\/www.ergocontech.no\/shop\/wp-json\/wp\/v2\/types\/product"}],"wp:featuredmedia":[{"embeddable":true,"href":"https:\/\/www.ergocontech.no\/shop\/wp-json\/wp\/v2\/media\/9806"}],"wp:attachment":[{"href":"https:\/\/www.ergocontech.no\/shop\/wp-json\/wp\/v2\/media?parent=9804"}],"wp:term":[{"taxonomy":"product_brand","embeddable":true,"href":"https:\/\/www.ergocontech.no\/shop\/wp-json\/wp\/v2\/product_brand?post=9804"},{"taxonomy":"product_cat","embeddable":true,"href":"https:\/\/www.ergocontech.no\/shop\/wp-json\/wp\/v2\/product_cat?post=9804"},{"taxonomy":"product_tag","embeddable":true,"href":"https:\/\/www.ergocontech.no\/shop\/wp-json\/wp\/v2\/product_tag?post=9804"}],"curies":[{"name":"wp","href":"https:\/\/api.w.org\/{rel}","templated":true}]}}