{"id":9753,"date":"2025-03-10T20:23:08","date_gmt":"2025-03-10T19:23:08","guid":{"rendered":"https:\/\/www.ergocontech.no\/shop\/?post_type=product&#038;p=9753"},"modified":"2025-03-10T20:23:08","modified_gmt":"2025-03-10T19:23:08","slug":"supertalker-feathertouch","status":"publish","type":"product","link":"https:\/\/www.ergocontech.no\/shop\/produkt\/supertalker-feathertouch\/","title":{"rendered":"SuperTalker FeatherTouch"},"content":{"rendered":"<div id=\"TechnicalSpecifications\" class=\"tab_content tab_content_link is-open\" aria-hidden=\"false\">\n<div class=\"tab_content_wrap\">\n<p><strong>Oversikt<\/strong><\/p>\n<p>SuperTalker FeatherTouch kommunikasjonsenhet gir brukere av alle ferdigheter muligheten til \u00e5 kommunisere. Bytt ut meldingsruten for \u00e5 lage en unik taleenhet med \u00e9n, to, fire eller \u00e5tte meldinger. FeatherTouch-membranen reagerer p\u00e5 de letteste ber\u00f8ringene og de minste fingrene, og gj\u00f8r det enkelt for nesten alle \u00e5 kommunisere med \u00e9n melding eller \u00e5tte forskjellige meldinger.<\/p>\n<p><strong>Vanlige bruksomr\u00e5der<\/strong><\/p>\n<ul>\n<li>Spill inn meldinger som &laquo;snu siden&raquo;, &laquo;se&raquo;, &laquo;jeg liker dette&raquo; og &laquo;jeg vil stoppe&raquo; for bruk n\u00e5r du leser en bok<\/li>\n<li>Spill inn \u00e9n melding for \u00e5 be om noe som &laquo;jeg vil&raquo; eller &laquo;jeg trenger hjelp&raquo;<\/li>\n<li>Legg til kommunikasjon til et bryterstyrt leket\u00f8y eller apparat<\/li>\n<\/ul>\n<p><strong>Funksjoner<\/strong><\/p>\n<ul>\n<li>Bedre enn noen gang digital lydutgang som passer for nesten ethvert milj\u00f8<\/li>\n<li>Byttbare meldingsruter for \u00e9n, to, fire eller \u00e5tte meldinger som st\u00f8tter bildesymbol-overlegg<\/li>\n<\/ul>\n<p><strong>Symboloverlegg<\/strong><\/p>\n<p>Symboloverlegg er ikke inkludert med SuperTalker FeatherTouch. Last ned den gratis <a href=\"https:\/\/apps.apple.com\/us\/app\/symbol-overlay-maker\/id1510255596\">AbleNet Symbol Overlay appen<\/a> for iPad for \u00e5 lage symboloverlegg til din AbleNet talende enhet.<\/p>\n<p><span style=\"color: #ffffff;\">10000031<\/span><\/p>\n<\/div>\n<\/div>\n","protected":false},"excerpt":{"rendered":"<h3><span class=\"facetedSearch-toggle-text pdp-tabs\">Tekniske Spesifikasjoner<\/span><\/h3>\n<div id=\"TechnicalSpecifications\" class=\"tab_content tab_content_link is-open\" aria-hidden=\"false\">\n<div class=\"tab_content_wrap\">\n<ul>\n<li>Aktiveringstype: Trykk<\/li>\n<li>St\u00f8rrelse p\u00e5 aktiveringsflate: Stor (over 9,1 cm eller 3,6 tommer)<\/li>\n<li>Opptakstid: 16 minutter<\/li>\n<li>Antall meldingsplasser: 1, 2, 4 eller 8<\/li>\n<li>Vekt: 953 g<\/li>\n<\/ul>\n<p><span style=\"color: #3366ff;\">P\u00e5 produsentlager. Estimert leveringstid 11 dager.<\/span><\/p>\n<\/div>\n<\/div>\n","protected":false},"featured_media":9754,"template":"","meta":[],"product_brand":[],"product_cat":[67],"product_tag":[],"class_list":{"0":"post-9753","1":"product","2":"type-product","3":"status-publish","4":"has-post-thumbnail","6":"product_cat-kommunikasjon","8":"first","9":"instock","10":"taxable","11":"shipping-taxable","12":"purchasable","13":"product-type-simple"},"_links":{"self":[{"href":"https:\/\/www.ergocontech.no\/shop\/wp-json\/wp\/v2\/product\/9753","targetHints":{"allow":["GET"]}}],"collection":[{"href":"https:\/\/www.ergocontech.no\/shop\/wp-json\/wp\/v2\/product"}],"about":[{"href":"https:\/\/www.ergocontech.no\/shop\/wp-json\/wp\/v2\/types\/product"}],"wp:featuredmedia":[{"embeddable":true,"href":"https:\/\/www.ergocontech.no\/shop\/wp-json\/wp\/v2\/media\/9754"}],"wp:attachment":[{"href":"https:\/\/www.ergocontech.no\/shop\/wp-json\/wp\/v2\/media?parent=9753"}],"wp:term":[{"taxonomy":"product_brand","embeddable":true,"href":"https:\/\/www.ergocontech.no\/shop\/wp-json\/wp\/v2\/product_brand?post=9753"},{"taxonomy":"product_cat","embeddable":true,"href":"https:\/\/www.ergocontech.no\/shop\/wp-json\/wp\/v2\/product_cat?post=9753"},{"taxonomy":"product_tag","embeddable":true,"href":"https:\/\/www.ergocontech.no\/shop\/wp-json\/wp\/v2\/product_tag?post=9753"}],"curies":[{"name":"wp","href":"https:\/\/api.w.org\/{rel}","templated":true}]}}