{"id":9752,"date":"2025-03-10T20:22:08","date_gmt":"2025-03-10T19:22:08","guid":{"rendered":"https:\/\/www.ergocontech.no\/shop\/?post_type=product&#038;p=9752"},"modified":"2025-11-17T09:10:42","modified_gmt":"2025-11-17T08:10:42","slug":"big-step-by-step","status":"publish","type":"product","link":"https:\/\/www.ergocontech.no\/shop\/produkt\/big-step-by-step\/","title":{"rendered":"BIG Step-by-Step"},"content":{"rendered":"<p><strong>Oversikt<\/strong><\/p>\n<p>G\u00e5 over til flertrinns kommunikasjon med BIG Step-by-Step kommunikasjonsenhet. Trykk p\u00e5 den store, fargede toppen for \u00e5 spille av den f\u00f8rste meldingen. N\u00e5r den er ferdig, trykk igjen for \u00e5 spille av neste melding. Nye sekvenser av meldinger kan enkelt og raskt tas opp underveis, eller s\u00e5 kan du bruke niv\u00e5ene til \u00e5 p\u00e5 forh\u00e5nd ta opptak med opptil tre sett med meldinger.<\/p>\n<p><strong>Vanlige bruksomr\u00e5der<\/strong><\/p>\n<ul>\n<li>Spill inn sider i en bok for \u00e5 fortelle en historie<\/li>\n<li>Telle fra 1 til 10<\/li>\n<li>Stille en serie med sp\u00f8rsm\u00e5l<\/li>\n<li>Legge til kommunikasjon for en bryterstyrt leke eller en husholdningsenhet<\/li>\n<\/ul>\n<p><strong>Egenskaper<\/strong><\/p>\n<ul>\n<li>Forbedret digital lydkvalitet \u2013 egnet for nesten alle milj\u00f8er<\/li>\n<li>Fire utskiftbare toppfarger \u2013 r\u00f8d, gul, gr\u00f8nn og bl\u00e5<\/li>\n<li>Gjennomsiktig deksel \u2013 fest bildesymboler for \u00e5 gi brukeren kontekst<\/li>\n<li>Myk overflate \u2013 gj\u00f8r enheten enklere \u00e5 holde<\/li>\n<\/ul>\n<p><strong>Symboloverlegg<\/strong><\/p>\n<ul>\n<li>Messages\/Levels: As many as you can record in 4-min \/ 3<\/li>\n<li>Opptakstid: 4 minutter<\/li>\n<li>Inngang for bryter: 1<\/li>\n<li>Utgang for leket\u00f8y\/utstyr\/ECU: 1<\/li>\n<li>Aktiveringsflate: 12,7 cm (5 tommer)<\/li>\n<li>Aktiveringskraft: 85 til 142 g (3 til 5 oz)<\/li>\n<li>Vekt med batteri: 439 g (15,5 oz)<\/li>\n<li>Batteritype: 9-volts (inkludert) &#8211; Det anbefales sterkt \u00e5 bruke et standard alkaliske 9V-batteri med denne enheten. Alternative batterier kan best\u00e5 av materialer som ikke distribuerer str\u00f8m p\u00e5 en passende m\u00e5te, og n\u00e5r de installeres, kan noen brukere oppleve varierende resultater.<\/li>\n<li>Monteringskobling: Quick Ready Mounting Plate for hjelpemiddelteknologi<\/li>\n<\/ul>\n<p>Symboloverlegg er ikke inkludert med BIG Step-by-Step. Last ned den gratis <a href=\"https:\/\/apps.apple.com\/us\/app\/symbol-overlay-maker\/id1510255596\">AbleNet Symbol Overlay appen<\/a> for iPad for \u00e5 lage symboloverlegg til din AbleNet kommunikasjonsenhet.<\/p>\n<p><span style=\"color: #ffffff;\">10000043<\/span><\/p>\n","protected":false},"excerpt":{"rendered":"<div id=\"TechnicalSpecifications\" class=\"tab_content tab_content_link is-open\" aria-hidden=\"false\">\n<div class=\"tab_content_wrap\">\n<p><span style=\"font-size: 1.618em;\">Tekniske Spesifikasjoner<\/span><\/p>\n<div id=\"Description\" class=\"tab_content is-open\" aria-hidden=\"false\">\n<div id=\"TechnicalSpecifications\" class=\"tab_content tab_content_link is-open\" aria-hidden=\"false\">\n<div class=\"tab_content_wrap\">\n<ul>\n<li>Meldinger\/Niv\u00e5er: S\u00e5 mange som du kan spille inn p\u00e5 4 minutter \/ 3<\/li>\n<li>Opptakstid: 4 minutter<\/li>\n<li>Inngang for bryter: 1<\/li>\n<li>Utgang for leket\u00f8y\/utstyr\/ECU: 1<\/li>\n<li>Aktiveringsflate: 12.7 cm (5 tommer)<\/li>\n<li>Aktiveringskraft: 85-142 g<\/li>\n<li>Vekt med batteri: 439 g<\/li>\n<\/ul>\n<p>HMS art.nr: 189317<\/p>\n<p><span style=\"color: #3366ff;\">P\u00e5 produsentlager. Estimert leveringstid 11 dager.<\/span><\/p>\n<\/div>\n<\/div>\n<\/div>\n<\/div>\n<\/div>\n","protected":false},"featured_media":9782,"template":"","meta":[],"product_brand":[],"product_cat":[64,67],"product_tag":[],"class_list":{"0":"post-9752","1":"product","2":"type-product","3":"status-publish","4":"has-post-thumbnail","6":"product_cat-bryter-med-tale","7":"product_cat-kommunikasjon","9":"first","10":"instock","11":"taxable","12":"shipping-taxable","13":"purchasable","14":"product-type-simple"},"_links":{"self":[{"href":"https:\/\/www.ergocontech.no\/shop\/wp-json\/wp\/v2\/product\/9752","targetHints":{"allow":["GET"]}}],"collection":[{"href":"https:\/\/www.ergocontech.no\/shop\/wp-json\/wp\/v2\/product"}],"about":[{"href":"https:\/\/www.ergocontech.no\/shop\/wp-json\/wp\/v2\/types\/product"}],"wp:featuredmedia":[{"embeddable":true,"href":"https:\/\/www.ergocontech.no\/shop\/wp-json\/wp\/v2\/media\/9782"}],"wp:attachment":[{"href":"https:\/\/www.ergocontech.no\/shop\/wp-json\/wp\/v2\/media?parent=9752"}],"wp:term":[{"taxonomy":"product_brand","embeddable":true,"href":"https:\/\/www.ergocontech.no\/shop\/wp-json\/wp\/v2\/product_brand?post=9752"},{"taxonomy":"product_cat","embeddable":true,"href":"https:\/\/www.ergocontech.no\/shop\/wp-json\/wp\/v2\/product_cat?post=9752"},{"taxonomy":"product_tag","embeddable":true,"href":"https:\/\/www.ergocontech.no\/shop\/wp-json\/wp\/v2\/product_tag?post=9752"}],"curies":[{"name":"wp","href":"https:\/\/api.w.org\/{rel}","templated":true}]}}