{"id":9751,"date":"2025-03-10T20:21:46","date_gmt":"2025-03-10T19:21:46","guid":{"rendered":"https:\/\/www.ergocontech.no\/shop\/?post_type=product&#038;p=9751"},"modified":"2025-11-17T09:11:16","modified_gmt":"2025-11-17T08:11:16","slug":"little-step-by-step","status":"publish","type":"product","link":"https:\/\/www.ergocontech.no\/shop\/produkt\/little-step-by-step\/","title":{"rendered":"LITTLE Step-by-Step"},"content":{"rendered":"<p><strong>Oversikt<\/strong><\/p>\n<p>G\u00e5 over til flertrinns kommunikasjon med LITTLE Step-by-Step kommunikasjonsenhet. Trykk p\u00e5 den fargede toppen for \u00e5 spille av den f\u00f8rste meldingen. N\u00e5r den er ferdig, trykk igjen for \u00e5 spille av neste melding. Nye sekvenser av meldinger kan enkelt og raskt tas opp underveis, eller s\u00e5 kan du bruke niv\u00e5ene til \u00e5 p\u00e5 forh\u00e5nd ta opptak med opptil tre sett med meldinger.<\/p>\n<p><strong>Vanlige bruksomr\u00e5der<\/strong><\/p>\n<ul>\n<li>Spille inn sider i en bok for \u00e5 fortelle en historie<\/li>\n<li>Telle fra 1 til 10<\/li>\n<li>Stille en serie med sp\u00f8rsm\u00e5l for \u00e5 f\u00f8re en samtale<\/li>\n<li>Legge til kommunikasjon for en bryterstyrt leke eller en husholdningsenhet<\/li>\n<\/ul>\n<p><strong>Egenskaper<\/strong><\/p>\n<ul>\n<li>Forbedret digital lydkvalitet<\/li>\n<li>Fire utskiftbare toppfarger \u2013 r\u00f8d, gul, gr\u00f8nn og bl\u00e5<\/li>\n<li>Gjennomsiktig deksel \u2013 fest bildesymboler for \u00e5 gi brukeren kontekst<\/li>\n<li>Myk overflate \u2013 gj\u00f8r enheten enklere \u00e5 holde<\/li>\n<\/ul>\n<p><strong>Symboloverlegg<\/strong><\/p>\n<p>Symboloverlegg er ikke inkludert med LITTLE Step-by-Step. Last ned den gratis <a href=\"https:\/\/apps.apple.com\/us\/app\/symbol-overlay-maker\/id1510255596\">AbleNet Symbol Overlay appen<\/a> for iPad for \u00e5 lage symboloverlegg til din AbleNet kommunikasjonsenhet.<\/p>\n<p><span style=\"color: #ffffff;\">10000044<\/span><\/p>\n","protected":false},"excerpt":{"rendered":"<div id=\"TechnicalSpecifications\" class=\"tab_content tab_content_link is-open\" aria-hidden=\"false\">\n<div class=\"tab_content_wrap\">\n<p><span style=\"font-size: 1.618em;\">Tekniske Spesifikasjoner<\/span><\/p>\n<\/div>\n<\/div>\n<div id=\"Description\" class=\"tab_content is-open\" aria-hidden=\"false\">\n<div id=\"TechnicalSpecifications\" class=\"tab_content tab_content_link is-open\" aria-hidden=\"false\">\n<div class=\"tab_content_wrap\">\n<ul>\n<li>Meldinger\/Niv\u00e5er: S\u00e5 mange som du kan spille inn p\u00e5 4 minutter \/ 3<\/li>\n<li>Opptakstid: 4 minutter<\/li>\n<li>Inngang for bryter: 1<\/li>\n<li>Utgang for leket\u00f8y\/utstyr\/ECU: 1<\/li>\n<li>Aktiveringsflate: 6.4 cm (2.5 tommer)<\/li>\n<li>Aktiveringskraft: 57-85 g (2-3 oz)<\/li>\n<li>Vekt med batteri: 241 g (8,5 oz)<\/li>\n<\/ul>\n<p>HMS art.nr: 189321<\/p>\n<p><span style=\"color: #3366ff;\">P\u00e5 produsentlager. Estimert leveringstid 11 dager.<\/span><\/p>\n<\/div>\n<\/div>\n<\/div>\n","protected":false},"featured_media":9775,"template":"","meta":[],"product_brand":[],"product_cat":[64,67],"product_tag":[],"class_list":{"0":"post-9751","1":"product","2":"type-product","3":"status-publish","4":"has-post-thumbnail","6":"product_cat-bryter-med-tale","7":"product_cat-kommunikasjon","9":"first","10":"instock","11":"taxable","12":"shipping-taxable","13":"purchasable","14":"product-type-simple"},"_links":{"self":[{"href":"https:\/\/www.ergocontech.no\/shop\/wp-json\/wp\/v2\/product\/9751","targetHints":{"allow":["GET"]}}],"collection":[{"href":"https:\/\/www.ergocontech.no\/shop\/wp-json\/wp\/v2\/product"}],"about":[{"href":"https:\/\/www.ergocontech.no\/shop\/wp-json\/wp\/v2\/types\/product"}],"wp:featuredmedia":[{"embeddable":true,"href":"https:\/\/www.ergocontech.no\/shop\/wp-json\/wp\/v2\/media\/9775"}],"wp:attachment":[{"href":"https:\/\/www.ergocontech.no\/shop\/wp-json\/wp\/v2\/media?parent=9751"}],"wp:term":[{"taxonomy":"product_brand","embeddable":true,"href":"https:\/\/www.ergocontech.no\/shop\/wp-json\/wp\/v2\/product_brand?post=9751"},{"taxonomy":"product_cat","embeddable":true,"href":"https:\/\/www.ergocontech.no\/shop\/wp-json\/wp\/v2\/product_cat?post=9751"},{"taxonomy":"product_tag","embeddable":true,"href":"https:\/\/www.ergocontech.no\/shop\/wp-json\/wp\/v2\/product_tag?post=9751"}],"curies":[{"name":"wp","href":"https:\/\/api.w.org\/{rel}","templated":true}]}}