{"id":9750,"date":"2025-03-10T20:20:34","date_gmt":"2025-03-10T19:20:34","guid":{"rendered":"https:\/\/www.ergocontech.no\/shop\/?post_type=product&#038;p=9750"},"modified":"2025-03-10T20:20:34","modified_gmt":"2025-03-10T19:20:34","slug":"talkingbrix-2","status":"publish","type":"product","link":"https:\/\/www.ergocontech.no\/shop\/produkt\/talkingbrix-2\/","title":{"rendered":"TalkingBrix 2"},"content":{"rendered":"<p><strong>Oversikt<\/strong><\/p>\n<p>Utvid kommunikasjonsmulighetene dine med et sett p\u00e5 tre TalkingBrix 2 kommunikasjonsenheter. N\u00e5r du trykker p\u00e5 den fargede toppen, spilles en enkelt melding p\u00e5 opptil 10 sekunder. Bruk enhetene individuelt eller koble dem sammen for \u00e5 lage en flertrinns kommunikasjonsenhet.<\/p>\n<p><strong>Vanlige bruksomr\u00e5der<\/strong><\/p>\n<ul>\n<li>Plasser strategisk i klasserommet eller hjemmet for umiddelbar kommunikasjon<\/li>\n<li>Bruk sammen for \u00e5 gi valgmuligheter<\/li>\n<li>La flere personer bruke enheten samtidig for \u00e5 gi hver enkelt en unik kommunikasjonsmelding<\/li>\n<\/ul>\n<p><strong>Egenskaper<\/strong><\/p>\n<ul>\n<li>H\u00f8ykvalitets lyd, egnet for nesten alle milj\u00f8er<\/li>\n<li>Langvarig oppladbart batteri<\/li>\n<li>Gjennomsiktig deksel \u2013 fest bildesymboler for \u00e5 gi brukeren kontekst<\/li>\n<\/ul>\n<p><strong>Symboloverlegg<\/strong><\/p>\n<p>Symboloverlegg er ikke inkludert med TalkingBrix 2. Last ned den gratis <a href=\"https:\/\/apps.apple.com\/us\/app\/symbol-overlay-maker\/id1510255596\">AbleNet Symbol Overlay appen<\/a> for iPad for \u00e5 lage symboloverlegg til din AbleNet kommunikasjonsenhet.<\/p>\n<p><span style=\"color: #ffffff;\">10000032<\/span><\/p>\n","protected":false},"excerpt":{"rendered":"<h3><span class=\"facetedSearch-toggle-text pdp-tabs\">Tekniske Spesifikasjoner<\/span><\/h3>\n<div id=\"TechnicalSpecifications\" class=\"tab_content tab_content_link is-open\" aria-hidden=\"false\">\n<div class=\"tab_content_wrap\">\n<ul>\n<li>Aktiveringstype: Trykk<\/li>\n<li>St\u00f8rrelse p\u00e5 aktiveringsflate: Liten (mindre enn 2,5 tommer eller 6,35 cm)<\/li>\n<li>Opptakstid: 10 sek<\/li>\n<li>Monteringskobling: Intern magnet i hver TalkingBrix<\/li>\n<li>Antall meldingsplasser: 1<\/li>\n<li>Batteri: Oppladbart (mini-USB-kabel inkludert)<\/li>\n<li>Ladekabel: Mini-USB<\/li>\n<li>Vekt: 136 g<\/li>\n<li>Produktgaranti: 2 \u00e5rs begrenset garanti<\/li>\n<li>Produktm\u00e5l: 6,7 cm L X 6,7 cm B X 1,6 cm H<\/li>\n<\/ul>\n<p>HMS art.nr: 298051<\/p>\n<p><span style=\"color: #3366ff;\">P\u00e5 produsentlager. Estimert leveringstid 11 dager.<\/span><\/p>\n<\/div>\n<\/div>\n<div id=\"Description\" class=\"tab_content is-open\" aria-hidden=\"false\"><\/div>\n","protected":false},"featured_media":9768,"template":"","meta":[],"product_brand":[],"product_cat":[67],"product_tag":[],"class_list":{"0":"post-9750","1":"product","2":"type-product","3":"status-publish","4":"has-post-thumbnail","6":"product_cat-kommunikasjon","8":"first","9":"instock","10":"taxable","11":"shipping-taxable","12":"purchasable","13":"product-type-simple"},"_links":{"self":[{"href":"https:\/\/www.ergocontech.no\/shop\/wp-json\/wp\/v2\/product\/9750","targetHints":{"allow":["GET"]}}],"collection":[{"href":"https:\/\/www.ergocontech.no\/shop\/wp-json\/wp\/v2\/product"}],"about":[{"href":"https:\/\/www.ergocontech.no\/shop\/wp-json\/wp\/v2\/types\/product"}],"wp:featuredmedia":[{"embeddable":true,"href":"https:\/\/www.ergocontech.no\/shop\/wp-json\/wp\/v2\/media\/9768"}],"wp:attachment":[{"href":"https:\/\/www.ergocontech.no\/shop\/wp-json\/wp\/v2\/media?parent=9750"}],"wp:term":[{"taxonomy":"product_brand","embeddable":true,"href":"https:\/\/www.ergocontech.no\/shop\/wp-json\/wp\/v2\/product_brand?post=9750"},{"taxonomy":"product_cat","embeddable":true,"href":"https:\/\/www.ergocontech.no\/shop\/wp-json\/wp\/v2\/product_cat?post=9750"},{"taxonomy":"product_tag","embeddable":true,"href":"https:\/\/www.ergocontech.no\/shop\/wp-json\/wp\/v2\/product_tag?post=9750"}],"curies":[{"name":"wp","href":"https:\/\/api.w.org\/{rel}","templated":true}]}}