{"id":9749,"date":"2025-03-10T20:21:21","date_gmt":"2025-03-10T19:21:21","guid":{"rendered":"https:\/\/www.ergocontech.no\/shop\/?post_type=product&#038;p=9749"},"modified":"2025-03-10T20:21:21","modified_gmt":"2025-03-10T19:21:21","slug":"big-talkingbrix","status":"publish","type":"product","link":"https:\/\/www.ergocontech.no\/shop\/produkt\/big-talkingbrix\/","title":{"rendered":"BIG TalkingBrix"},"content":{"rendered":"<p><strong>Oversikt<\/strong><\/p>\n<p>Utvid kommunikasjonsmulighetene dine med et sett med tre BIG TalkingBrix kommunikasjonsenheter. N\u00e5r du trykker p\u00e5 den store, fargede toppen, spilles en enkelt melding p\u00e5 opptil 10 sekunder. Bruk dem individuelt eller koble dem sammen for \u00e5 lage en fler-meldings kommunikasjonsenhet.<\/p>\n<p><strong>Vanlige bruksomr\u00e5der<\/strong><\/p>\n<ul>\n<li>Plasser strategisk i klasserommet eller hjemmet for umiddelbar kommunikasjon<\/li>\n<li>Bruk sammen for \u00e5 gj\u00f8re valg<\/li>\n<li>Bruk med flere personer samtidig for \u00e5 gi hver en unik kommunikasjonsmelding<\/li>\n<\/ul>\n<p><strong>Egenskaper<\/strong><\/p>\n<ul>\n<li>H\u00f8ykvalitets lyd som fungerer i de fleste omgivelser<\/li>\n<li>Langvarig oppladbart batteri<\/li>\n<li>Gjennomsiktig deksel for \u00e5 feste bildesymboler og gi brukeren kommunikativ kontekst<\/li>\n<\/ul>\n<p><strong>Symboloverlegg<\/strong><\/p>\n<p>Symboloverlegg er ikke inkludert med BIG TalkingBrix. Last ned den gratis <a href=\"https:\/\/apps.apple.com\/us\/app\/symbol-overlay-maker\/id1510255596\">AbleNet Symbol Overlay appen<\/a> for iPad for \u00e5 lage symboloverlegg til din AbleNet kommunikasjonsenhet.<\/p>\n<p><span style=\"color: #ffffff;\">10000050<\/span><\/p>\n","protected":false},"excerpt":{"rendered":"<h3><span class=\"facetedSearch-toggle-text pdp-tabs\">Tekniske Spesifikasjoner<\/span><\/h3>\n<div id=\"TechnicalSpecifications\" class=\"tab_content tab_content_link is-open\" aria-hidden=\"false\">\n<div class=\"tab_content_wrap\">\n<ul>\n<li>\u00a0Tekniske Spesifikasjoner\n<ul>\n<li>Aktiveringstype: Trykk<\/li>\n<li>Aktiveringskraft: 71 g<\/li>\n<li>St\u00f8rrelse p\u00e5 aktiveringsflate: 8,8 cm (3,5 tommer)<\/li>\n<li>Opptakstid: 10 sek<\/li>\n<li>Monteringskobling: Intern magnet i hver BIG TalkingBrix<\/li>\n<li>Antall meldingsplasser: 1<\/li>\n<li>Batteritype: Oppladbart (mini-USB-kabel inkludert)<\/li>\n<li>Ladekabel: Mini-USB<\/li>\n<li>Vekt: 162 g\u00a0 per BIG TalkingBrix<\/li>\n<li>Produktgaranti: 2 \u00e5rs begrenset garanti<\/li>\n<\/ul>\n<\/li>\n<\/ul>\n<p>HMS art.nr: 312556<\/p>\n<p><span style=\"color: #3366ff;\">P\u00e5 produsentlager. Estimert leveringstid 11 dager.<\/span><\/p>\n<\/div>\n<\/div>\n","protected":false},"featured_media":9762,"template":"","meta":[],"product_brand":[],"product_cat":[67],"product_tag":[],"class_list":{"0":"post-9749","1":"product","2":"type-product","3":"status-publish","4":"has-post-thumbnail","6":"product_cat-kommunikasjon","8":"first","9":"instock","10":"taxable","11":"shipping-taxable","12":"purchasable","13":"product-type-simple"},"_links":{"self":[{"href":"https:\/\/www.ergocontech.no\/shop\/wp-json\/wp\/v2\/product\/9749","targetHints":{"allow":["GET"]}}],"collection":[{"href":"https:\/\/www.ergocontech.no\/shop\/wp-json\/wp\/v2\/product"}],"about":[{"href":"https:\/\/www.ergocontech.no\/shop\/wp-json\/wp\/v2\/types\/product"}],"wp:featuredmedia":[{"embeddable":true,"href":"https:\/\/www.ergocontech.no\/shop\/wp-json\/wp\/v2\/media\/9762"}],"wp:attachment":[{"href":"https:\/\/www.ergocontech.no\/shop\/wp-json\/wp\/v2\/media?parent=9749"}],"wp:term":[{"taxonomy":"product_brand","embeddable":true,"href":"https:\/\/www.ergocontech.no\/shop\/wp-json\/wp\/v2\/product_brand?post=9749"},{"taxonomy":"product_cat","embeddable":true,"href":"https:\/\/www.ergocontech.no\/shop\/wp-json\/wp\/v2\/product_cat?post=9749"},{"taxonomy":"product_tag","embeddable":true,"href":"https:\/\/www.ergocontech.no\/shop\/wp-json\/wp\/v2\/product_tag?post=9749"}],"curies":[{"name":"wp","href":"https:\/\/api.w.org\/{rel}","templated":true}]}}