{"id":9741,"date":"2025-02-17T12:02:34","date_gmt":"2025-02-17T11:02:34","guid":{"rendered":"https:\/\/www.ergocontech.no\/shop\/?post_type=product&#038;p=9741"},"modified":"2025-02-17T12:59:12","modified_gmt":"2025-02-17T11:59:12","slug":"big-red-m-ram-monteringsarm-medium-klo","status":"publish","type":"product","link":"https:\/\/www.ergocontech.no\/shop\/produkt\/big-red-m-ram-monteringsarm-medium-klo\/","title":{"rendered":"Big Red m. RAM monteringsarm medium klo"},"content":{"rendered":"<p>Big Red-bryteren har en stor aktiveringsoverflate p\u00e5 12,7 cm som aktiveres med 156 grams kraft. Bryteren gir taktil og auditiv feedback ved aktivering. Big Red-bryteren er et godt valg for personer med synshemming og \/ eller fysiske funksjonshemninger som krever et st\u00f8rre m\u00e5lomr\u00e5de. Inkludert er r\u00f8de, bl\u00e5, gule og gr\u00f8nne utskiftbare brytertopper. Det er mulig \u00e5 feste egne bilder eller symboler under den gjennomsiktige aktiveringsoverflaten.<\/p>\n<p>Tilkobling: 3,5 mm jack plug<br \/>\nKabellengde: 183 cm<\/p>\n<p><a href=\"https:\/\/www.ergocontech.no\/PDF\/single_switch_quick_start_guide.pdf\"><img decoding=\"async\" class=\"alignnone wp-image-778\" src=\"https:\/\/www.ergocontech.no\/shop\/wp-content\/uploads\/2018\/05\/last-ned-1-copy-1-e1546625063281-1024x291.jpg\" alt=\"\" width=\"169\" height=\"48\" srcset=\"https:\/\/www.ergocontech.no\/shop\/wp-content\/uploads\/2018\/05\/last-ned-1-copy-1-e1546625063281-1024x291.jpg 1024w, https:\/\/www.ergocontech.no\/shop\/wp-content\/uploads\/2018\/05\/last-ned-1-copy-1-e1546625063281-300x85.jpg 300w, https:\/\/www.ergocontech.no\/shop\/wp-content\/uploads\/2018\/05\/last-ned-1-copy-1-e1546625063281-768x218.jpg 768w, https:\/\/www.ergocontech.no\/shop\/wp-content\/uploads\/2018\/05\/last-ned-1-copy-1-e1546625063281-416x118.jpg 416w, https:\/\/www.ergocontech.no\/shop\/wp-content\/uploads\/2018\/05\/last-ned-1-copy-1-e1546625063281.jpg 1756w\" sizes=\"(max-width: 169px) 100vw, 169px\" \/>(Bryter)<\/a><\/p>\n<p><strong>Bryterarm<\/strong><\/p>\n<p>Total lengde: 485 mm<\/p>\n<p>Gripeevne runde r\u00f8r: 25-47mm<\/p>\n<p>Gripeevne flater: 0-40 mm<a href=\"https:\/\/www.ergocontech.no\/PDF\/Brukerveiledning%20medium%20klo.pdf\"><br \/>\n<img decoding=\"async\" class=\"alignnone wp-image-778\" src=\"https:\/\/www.ergocontech.no\/shop\/wp-content\/uploads\/2018\/05\/last-ned-1-copy-1-e1546625063281-1024x291.jpg\" sizes=\"(max-width: 169px) 100vw, 169px\" srcset=\"https:\/\/www.ergocontech.no\/shop\/wp-content\/uploads\/2018\/05\/last-ned-1-copy-1-e1546625063281-1024x291.jpg 1024w, https:\/\/www.ergocontech.no\/shop\/wp-content\/uploads\/2018\/05\/last-ned-1-copy-1-e1546625063281-300x85.jpg 300w, https:\/\/www.ergocontech.no\/shop\/wp-content\/uploads\/2018\/05\/last-ned-1-copy-1-e1546625063281-768x218.jpg 768w, https:\/\/www.ergocontech.no\/shop\/wp-content\/uploads\/2018\/05\/last-ned-1-copy-1-e1546625063281-416x118.jpg 416w, https:\/\/www.ergocontech.no\/shop\/wp-content\/uploads\/2018\/05\/last-ned-1-copy-1-e1546625063281.jpg 1756w\" alt=\"\" width=\"169\" height=\"48\" \/>(Bryterarm)<\/a><\/p>\n<p>&nbsp;<\/p>\n<p><span style=\"color: #ffffff;\">10033500RMAMK<\/span><\/p>\n","protected":false},"excerpt":{"rendered":"<p>Bryter med stor aktiveringsflate med monteringsplate og monteringsarm. Inkludert er r\u00f8de, bl\u00e5, gule og gr\u00f8nne utskiftbare brytertopper. Det er mulig \u00e5 feste egne bilder eller symboler under den gjennomsiktige aktiveringsoverflaten. Bryteren gir auditiv og taktil tilbakemelding ved aktivering.<br \/>\nHMS art.nr. 290828<br \/>\n<strong style=\"color: blue;\">P\u00e5 leverand\u00f8rlager: Forventet leveringstid 11 dager.<\/strong><\/p>\n","protected":false},"featured_media":9742,"template":"","meta":[],"product_brand":[],"product_cat":[15],"product_tag":[],"class_list":{"0":"post-9741","1":"product","2":"type-product","3":"status-publish","4":"has-post-thumbnail","6":"product_cat-ukategorisert","8":"first","9":"instock","10":"taxable","11":"shipping-taxable","12":"purchasable","13":"product-type-simple"},"_links":{"self":[{"href":"https:\/\/www.ergocontech.no\/shop\/wp-json\/wp\/v2\/product\/9741","targetHints":{"allow":["GET"]}}],"collection":[{"href":"https:\/\/www.ergocontech.no\/shop\/wp-json\/wp\/v2\/product"}],"about":[{"href":"https:\/\/www.ergocontech.no\/shop\/wp-json\/wp\/v2\/types\/product"}],"wp:featuredmedia":[{"embeddable":true,"href":"https:\/\/www.ergocontech.no\/shop\/wp-json\/wp\/v2\/media\/9742"}],"wp:attachment":[{"href":"https:\/\/www.ergocontech.no\/shop\/wp-json\/wp\/v2\/media?parent=9741"}],"wp:term":[{"taxonomy":"product_brand","embeddable":true,"href":"https:\/\/www.ergocontech.no\/shop\/wp-json\/wp\/v2\/product_brand?post=9741"},{"taxonomy":"product_cat","embeddable":true,"href":"https:\/\/www.ergocontech.no\/shop\/wp-json\/wp\/v2\/product_cat?post=9741"},{"taxonomy":"product_tag","embeddable":true,"href":"https:\/\/www.ergocontech.no\/shop\/wp-json\/wp\/v2\/product_tag?post=9741"}],"curies":[{"name":"wp","href":"https:\/\/api.w.org\/{rel}","templated":true}]}}