{"id":9715,"date":"2025-02-08T23:10:34","date_gmt":"2025-02-08T22:10:34","guid":{"rendered":"https:\/\/www.ergocontech.no\/shop\/?post_type=product&#038;p=9715"},"modified":"2025-02-10T18:46:14","modified_gmt":"2025-02-10T17:46:14","slug":"ram-phone-mount-for-wheelchair-armrests-with-quick-release-swivel","status":"publish","type":"product","link":"https:\/\/www.ergocontech.no\/shop\/produkt\/ram-phone-mount-for-wheelchair-armrests-with-quick-release-swivel\/","title":{"rendered":"RAM\u00ae Phone Mount for Wheelchair Armrests with Quick Release &#038; Swivel"},"content":{"rendered":"<div class=\"specs-grid grid grid-cols-1 md:grid-cols-2 gap-4\">\n<p><strong>Inkludert tilbeh\u00f8r:<\/strong><\/p>\n<p>Monteringsutstyr<br \/>\n(2) #10-32 T-Mutter<br \/>\n(2) #10-32 Flat Weld Mutter<br \/>\n(2) #10-32 x 7\/16&#8243; Maskinskruer<br \/>\n(2) #8-32 x 3\/4&#8243; Maskinskruer<br \/>\n(2) #8-32 Nylock Mutter<br \/>\n(2) #8 Skiver<\/p>\n<p><strong>Holder dimensjoner:<\/strong><\/p>\n<p>Breddeomr\u00e5de: 1.875&#8243; &#8211; 3.25&#8243; (4,8 cm &#8211; 8,3 cm)<br \/>\nDybdeomr\u00e5de: .875&#8243; Maks (2,2 cm)<\/p>\n<p><strong>T-bolt dimensjoner:<\/strong><\/p>\n<p>Stor: .48&#8243; x .95&#8243; (1,2 cm x 2,4 cm)<br \/>\nLiten: .375&#8243; x .593&#8243; (1 cm x 1,5 cm)<\/p>\n<p><strong>Hullm\u00f8nster:<\/strong><\/p>\n<p>2-Hull AMPS: 1.912&#8243; (4,86 cm)<\/p>\n<p><strong>Kule st\u00f8rrelse:<\/strong><\/p>\n<p>B-st\u00f8rrelse (1&#8243;) (2,5 cm)<\/p>\n<p><strong>Vektkapasitet:<\/strong><\/p>\n<p>Standard bruk: 2 lbs (0,9 kg)<br \/>\nTung bruk: 1lb (0,45 kg)<\/p>\n<p><strong>Materialer:<\/strong><\/p>\n<p>Marine-grad aluminium<br \/>\nKompositt med h\u00f8y styrke<\/p>\n<p><strong>Emballasjetype:<\/strong><\/p>\n<p>Plastpose<\/p>\n<p><strong>Vekt:<\/strong><\/p>\n<p>1.54 lb (0,7 kg)<\/p>\n<p><span style=\"color: #ffffff;\">RAP-AAPR-WCT-419-UN7U<\/span><\/p>\n<\/div>\n","protected":false},"excerpt":{"rendered":"<div class=\"overview py-4\">\n<div class=\"overview py-4\">\n<p><strong>Oversikt<\/strong><\/p>\n<p>RAM<sup>\u00ae<\/sup>\u00a0Phone Mount with Quick Release &amp; Swivel er den perfekte l\u00f8sningen for \u00e5 montere praktisk talt hvilken som helst telefon p\u00e5 en rullestolarmst\u00f8tte eller Invacare-armst\u00f8tte. Systemet best\u00e5r av RAM\u00ae X-Grip\u00ae telefonholder, dobbelt ball- og sokkelforlengelsesarmer, ball-post-adapter og RAM\u00ae Universal Wheelchair Base. Den universelle basen tilbyr en rask frakoblingsfunksjon for hele monteringen uten at ball- og sokkeldelene trenger justering. Basen har ogs\u00e5 et justerbart knotthjul som gj\u00f8r det enkelt \u00e5 svinge monteringen inn og ut av posisjon. Den kompakte designen til RAM\u00ae Universal Wheelchair monteringssystem holder monteringen innenfor stolens armst\u00f8ttebredde, noe som gir trygghet n\u00e5r du navigerer gjennom trange steder og d\u00f8rer. Alle RAM\u00ae monteringskomponenter st\u00f8ttes av en livstidsgaranti.<\/p>\n<p><strong>Egenskaper<\/strong><\/p>\n<ul>\n<li>Universell passform for alle rullestoler med spor p\u00e5 sete og\/eller armst\u00f8tte, inkludert Invacare-armst\u00f8tter<\/li>\n<li>Enkel sving og rask frigj\u00f8ring uten \u00e5 endre ball- og sokkelposisjon<\/li>\n<li>Kompakt design som holder monteringen innenfor armst\u00f8ttens bredde<\/li>\n<li>St\u00f8tter de fleste telefoner, med eller uten etui, i praktisk talt hvilken som helst vinkel med valgfri ballforlengelse<\/li>\n<li>St\u00f8ttes av livstidsgaranti<\/li>\n<\/ul>\n<p><span style=\"color: #0000ff;\">Bestillingsvare: Estimert leveringstid 30 dager.<\/span><\/p>\n<\/div>\n<\/div>\n","protected":false},"featured_media":9716,"template":"","meta":[],"product_brand":[],"product_cat":[37,33],"product_tag":[],"class_list":{"0":"post-9715","1":"product","2":"type-product","3":"status-publish","4":"has-post-thumbnail","6":"product_cat-montering-mobiltelefon","7":"product_cat-ram","9":"first","10":"instock","11":"taxable","12":"shipping-taxable","13":"purchasable","14":"product-type-simple"},"_links":{"self":[{"href":"https:\/\/www.ergocontech.no\/shop\/wp-json\/wp\/v2\/product\/9715","targetHints":{"allow":["GET"]}}],"collection":[{"href":"https:\/\/www.ergocontech.no\/shop\/wp-json\/wp\/v2\/product"}],"about":[{"href":"https:\/\/www.ergocontech.no\/shop\/wp-json\/wp\/v2\/types\/product"}],"wp:featuredmedia":[{"embeddable":true,"href":"https:\/\/www.ergocontech.no\/shop\/wp-json\/wp\/v2\/media\/9716"}],"wp:attachment":[{"href":"https:\/\/www.ergocontech.no\/shop\/wp-json\/wp\/v2\/media?parent=9715"}],"wp:term":[{"taxonomy":"product_brand","embeddable":true,"href":"https:\/\/www.ergocontech.no\/shop\/wp-json\/wp\/v2\/product_brand?post=9715"},{"taxonomy":"product_cat","embeddable":true,"href":"https:\/\/www.ergocontech.no\/shop\/wp-json\/wp\/v2\/product_cat?post=9715"},{"taxonomy":"product_tag","embeddable":true,"href":"https:\/\/www.ergocontech.no\/shop\/wp-json\/wp\/v2\/product_tag?post=9715"}],"curies":[{"name":"wp","href":"https:\/\/api.w.org\/{rel}","templated":true}]}}