{"id":9705,"date":"2025-02-08T23:11:03","date_gmt":"2025-02-08T22:11:03","guid":{"rendered":"https:\/\/www.ergocontech.no\/shop\/?post_type=product&#038;p=9705"},"modified":"2025-02-10T18:45:06","modified_gmt":"2025-02-10T17:45:06","slug":"ram-robust-hurtigkobling-rullestol-2-punkt-base-med-ball","status":"publish","type":"product","link":"https:\/\/www.ergocontech.no\/shop\/produkt\/ram-robust-hurtigkobling-rullestol-2-punkt-base-med-ball\/","title":{"rendered":"RAM\u00ae Rugged Quick Release Wheelchair 2-Point Base with Ball"},"content":{"rendered":"<div class=\"specs-grid grid grid-cols-1 md:grid-cols-2 gap-4\">\n<p><strong>Inkludert tilbeh\u00f8r:<\/strong><\/p>\n<p>(4) #10-32 T-Mutter<br \/>\n(4) #10-32 Flat Sveise Mutter<br \/>\n(4) #10-32 x 7\/16&#8243; Maskinskruer<br \/>\n(4) #8-32 x 3\/4&#8243; Maskinskruer<br \/>\n(4) #8-32 Nylock Mutter<br \/>\n(4) #8 Skiver<\/p>\n<p><strong>T-bolt dimensjoner:<\/strong><\/p>\n<p>Stor: .48&#8243; x .95&#8243; (1,2 cm x 2,4 cm)<br \/>\nLiten: .375&#8243; x .593&#8243; (1 cm x 1,5 cm)<\/p>\n<p><strong>Hullm\u00f8nster:<\/strong><\/p>\n<p>2-Hull AMPS: (4,86 cm)<\/p>\n<p><strong>Kule st\u00f8rrelse:<\/strong><\/p>\n<p>B-st\u00f8rrelse (1&#8243;) (2,5 cm)<\/p>\n<p><strong>Vektkapasitet:<\/strong><\/p>\n<p>Standard bruk: 2 lbs (0,9 kg)<br \/>\nTung bruk: 1 lb (0,45 kg)<\/p>\n<p><strong>Materialer:<\/strong><\/p>\n<p>Marine-grad aluminium<br \/>\nKompositt med h\u00f8y styrke<\/p>\n<p><strong>Emballasjetype:<\/strong><\/p>\n<p>Plastpose<\/p>\n<p><strong>Vekt:<\/strong><\/p>\n<p>1.63 lbs (0,74 kg)<\/p>\n<p><span style=\"color: #ffffff;\">RAP-AAPR-WCT-2-30BU<\/span><\/p>\n<\/div>\n","protected":false},"excerpt":{"rendered":"<div class=\"overview py-4\">\n<div class=\"overview py-4\">\n<p><strong>Oversikt<\/strong><\/p>\n<p>RAM<sup>\u00ae<\/sup>nRugged Quick Release Wheelchair 2-Point Base with Ball er det f\u00f8rste produktet i v\u00e5r nye kolleksjon av bruker-inspirerte sett. Utviklet i samarbeid med Ian Mackay, Guinness verdensrekordholder og en langvarig venn av RAM\u00ae, dette ultra-stabile monteringssystemet inkluderer to RAM\u00ae Adapt-A-Post\u2122 mottakere og en 30\u201d (76 cm) fleksibel stang som kobles til enten begge armst\u00f8ttene eller sete-rails p\u00e5 rullestolen og kan deretter konfigureres i \u00f8nsket posisjon. N\u00e5r de er koblet sammen, stabiliserer begge ender av den 30&#8243; (76 cm) lange stangen armst\u00f8ttene, holder hele monteringssystemet stabilt og ultra-robust for bruk p\u00e5 farten, samtidig som det tilbyr en intuitiv og rask frakoblingsfunksjon. Enten du vil montere et enkelt nettbrett foran og i midten, eller en kombinasjon av enheter, er dette den ideelle l\u00f8sningen for praktisk visning.<\/p>\n<p><strong>Egenskaper<\/strong><\/p>\n<ul>\n<li>Ultra-stabilt monteringssystem som enkelt kan frakobles og byttes ut med andre monteringskomponenter med et enkelt trykk p\u00e5 en knapp.<\/li>\n<li>To RAM\u00ae Adapt-A-Post\u2122 mottakere kobles til enten begge armst\u00f8ttene p\u00e5 rullestolen eller begge sete-sporene; 30\u201d (76 cm) fleksibel stang kan konfigureres i hvilken som helst \u00f8nsket posisjon, med innlegg som klikker inn i begge mottakerne.<\/li>\n<li>Ideell for stabil kameramontering og plassering av nettbrett foran og i midten for praktisk visning; inkludert RAM\u00ae Torque\u2122 Base kan plasseres hvor som helst langs stangen for \u00e5 st\u00f8tte ethvert kule- og sokkelsystem for telefoner, kameraer, nettbrett og mer.<\/li>\n<li>St\u00f8ttet av livstidsgaranti.<\/li>\n<\/ul>\n<p><span style=\"color: #0000ff;\">Bestillingsvare: Estimert leveringstid 30 dager.<\/span><\/p>\n<\/div>\n<\/div>\n","protected":false},"featured_media":9706,"template":"","meta":[],"product_brand":[],"product_cat":[48,33],"product_tag":[],"class_list":{"0":"post-9705","1":"product","2":"type-product","3":"status-publish","4":"has-post-thumbnail","6":"product_cat-deler-b-kule","7":"product_cat-ram","9":"first","10":"instock","11":"taxable","12":"shipping-taxable","13":"purchasable","14":"product-type-simple"},"_links":{"self":[{"href":"https:\/\/www.ergocontech.no\/shop\/wp-json\/wp\/v2\/product\/9705","targetHints":{"allow":["GET"]}}],"collection":[{"href":"https:\/\/www.ergocontech.no\/shop\/wp-json\/wp\/v2\/product"}],"about":[{"href":"https:\/\/www.ergocontech.no\/shop\/wp-json\/wp\/v2\/types\/product"}],"wp:featuredmedia":[{"embeddable":true,"href":"https:\/\/www.ergocontech.no\/shop\/wp-json\/wp\/v2\/media\/9706"}],"wp:attachment":[{"href":"https:\/\/www.ergocontech.no\/shop\/wp-json\/wp\/v2\/media?parent=9705"}],"wp:term":[{"taxonomy":"product_brand","embeddable":true,"href":"https:\/\/www.ergocontech.no\/shop\/wp-json\/wp\/v2\/product_brand?post=9705"},{"taxonomy":"product_cat","embeddable":true,"href":"https:\/\/www.ergocontech.no\/shop\/wp-json\/wp\/v2\/product_cat?post=9705"},{"taxonomy":"product_tag","embeddable":true,"href":"https:\/\/www.ergocontech.no\/shop\/wp-json\/wp\/v2\/product_tag?post=9705"}],"curies":[{"name":"wp","href":"https:\/\/api.w.org\/{rel}","templated":true}]}}