{"id":9681,"date":"2025-01-26T21:59:13","date_gmt":"2025-01-26T20:59:13","guid":{"rendered":"https:\/\/www.ergocontech.no\/shop\/?post_type=product&#038;p=9681"},"modified":"2026-02-04T10:19:35","modified_gmt":"2026-02-04T09:19:35","slug":"quadstick-fps-game-controller-multi-user","status":"publish","type":"product","link":"https:\/\/www.ergocontech.no\/shop\/produkt\/quadstick-fps-game-controller-multi-user\/","title":{"rendered":"QuadStick FPS game controller Multi User"},"content":{"rendered":"<p><strong>Bluetooth-modul:<\/strong><\/p>\n<p>Bluetooth-modulen kan fungere som en vanlig spillkontroller, mus og tastatur, eller som en seriell tilkobling for \u00e5 sende stemmekommandoer. Den kan kobles til Windows-PC-er, Mac-er, iOS- og Android-enheter, men kan ikke kobles til en spillkonsoll eller andre typer Bluetooth-enheter.<\/p>\n<p>&nbsp;<\/p>\n<p><strong>Sentreringsfj\u00e6rspenning:<\/strong><\/p>\n<p>QuadStick kan brukes i enhver posisjon.<\/p>\n<p>Kraften som kreves for \u00e5 bevege joysticken med leppene er 60-70 gram.<\/p>\n<p>&nbsp;<\/p>\n<p><strong>Tilkobling p\u00e5 baksiden:<\/strong><\/p>\n<p>Det er tre kontakter p\u00e5 baksiden av QuadStick.<\/p>\n<p>Den \u00f8verste og nederste kontakten gir to bryterinputs hver (med ledning 3,5 mm stereo til 2 x 3,5 mm mono). Midtkontakten kobles til leppeknappen.<\/p>\n<p>&nbsp;<\/p>\n<p><strong>St\u00f8rrelse og stil p\u00e5 munnstykket:<\/strong><\/p>\n<p>QuadStick leveres med to munnstykker.<\/p>\n<p>Munnstykkene kommer i to st\u00f8rrelser: smal \u2013 26 mm, og bred \u2013 36 mm. St\u00f8rrelsen refererer til avstanden mellom de to ytre hullene av de tre hovedhullene. Bredere munnstykker gj\u00f8r det lettere \u00e5 isolere forskjellige hullkombinasjoner for de med tilstrekkelig nakkebevegelse. For brukere med begrenset nakkebevegelse er det enklere \u00e5 n\u00e5 alle hullene p\u00e5 det smale munnstykket.<\/p>\n<p>Munnstykkene brukes sammen med et separat sidemunnstykke. Sidemunnstykket brukes vanligvis til \u00e5 bytte mellom QuadStick-moduser, men dette kan endres av brukeren.<\/p>\n<p>&nbsp;<\/p>\n<p><strong>Tilkobling til enheter:<\/strong><\/p>\n<p>QuadStick kobles direkte til PS4, PS3, Nintendo Switch, PC og Mac. En PS5 eller Xbox-konsoll krever en adapter.<\/p>\n<p>Ulike adaptere er finnes, men p\u00e5regnelig kompatibilitet over lengre tid kan ikke garanteres.<\/p>\n<p>Oppdatert info over fungerende adapter-l\u00f8sninger <a href=\"https:\/\/www.quadstick.com\/faq\">kan du finne her.<\/a><\/p>\n<p>Til Xbox kan <a href=\"https:\/\/www.ergocontech.no\/shop\/produkt\/mayflash-magic-x\/\">Mayflash Magic X<\/a> brukes.<\/p>\n<p>Til PS5 kan <a href=\"https:\/\/www.ergocontech.no\/shop\/produkt\/brook-wingman-fgc2\/\">Brook Wingman FGC2<\/a> brukes.<\/p>\n<p><strong>Montering:<\/strong><\/p>\n<p>QuadStick monteres med 1&#8243; Size B RAM Mount-systemet.<\/p>\n<p>Magic arm Mounting Kit med 10&#8243; forlengning medf\u00f8lger.<\/p>\n<p>&nbsp;<\/p>\n<p><strong>Konfigurering:<\/strong><\/p>\n<p>Ved levering er enheten forh\u00e5nds-konfigurert til Xbox.<\/p>\n<p>Dette kan endres med \u00e5 bruke The <strong>QuadStick Manager Program<\/strong> (QMP) til PC.<\/p>\n<p><a href=\"https:\/\/www.quadstick.com\/downloads\">Lastes ned her.<\/a><\/p>\n<p><strong>Manual:<\/strong><\/p>\n<p>Oppdatert manual p\u00e5 engelsk.<\/p>\n<p><a href=\"http:\/\/quadstick.s3.amazonaws.com\/documents\/user_manual\/um\/index.htm#\">Kan leses her.<\/a><\/p>\n<p><span style=\"color: #ffffff;\">QUADFPS<\/span><\/p>\n","protected":false},"excerpt":{"rendered":"<p>QuadStick FPS er en avansert USB-spillkontroller som er kompatibel med PC, Mac, PS3, PS4 og Nintendo Switch (se nedenfor for andre konsoller). Joysticken betjenes med leppebevegelser og 4 sug\/bl\u00e5s-munnstykker. Bluetooth-modulen kan fungere som en vanlig spillkontroller, mus og tastatur, til PC, Mac, iOS, or Android. QuadStick leveres med Magic Arm, to munnstykker i ulike st\u00f8rrelser, filter og en USB-kabel.<\/p>\n<p>HMS art.nr: 327892<\/p>\n<p><span style=\"color: #0000ff;\">Bestillingsvare: Estimert leveringstid 60 dager.<\/span><\/p>\n","protected":false},"featured_media":9677,"template":"","meta":[],"product_brand":[],"product_cat":[32,80,42,84,82,83,53,81],"product_tag":[],"class_list":{"0":"post-9681","1":"product","2":"type-product","3":"status-publish","4":"has-post-thumbnail","6":"product_cat-gaming","7":"product_cat-joystick","8":"product_cat-mus","9":"product_cat-nintendoswitch","10":"product_cat-pc","11":"product_cat-playstation5","12":"product_cat-sug-blas","13":"product_cat-xbox","15":"first","16":"instock","17":"taxable","18":"shipping-taxable","19":"purchasable","20":"product-type-simple"},"_links":{"self":[{"href":"https:\/\/www.ergocontech.no\/shop\/wp-json\/wp\/v2\/product\/9681","targetHints":{"allow":["GET"]}}],"collection":[{"href":"https:\/\/www.ergocontech.no\/shop\/wp-json\/wp\/v2\/product"}],"about":[{"href":"https:\/\/www.ergocontech.no\/shop\/wp-json\/wp\/v2\/types\/product"}],"wp:featuredmedia":[{"embeddable":true,"href":"https:\/\/www.ergocontech.no\/shop\/wp-json\/wp\/v2\/media\/9677"}],"wp:attachment":[{"href":"https:\/\/www.ergocontech.no\/shop\/wp-json\/wp\/v2\/media?parent=9681"}],"wp:term":[{"taxonomy":"product_brand","embeddable":true,"href":"https:\/\/www.ergocontech.no\/shop\/wp-json\/wp\/v2\/product_brand?post=9681"},{"taxonomy":"product_cat","embeddable":true,"href":"https:\/\/www.ergocontech.no\/shop\/wp-json\/wp\/v2\/product_cat?post=9681"},{"taxonomy":"product_tag","embeddable":true,"href":"https:\/\/www.ergocontech.no\/shop\/wp-json\/wp\/v2\/product_tag?post=9681"}],"curies":[{"name":"wp","href":"https:\/\/api.w.org\/{rel}","templated":true}]}}