{"id":9667,"date":"2024-12-19T20:12:34","date_gmt":"2024-12-19T19:12:34","guid":{"rendered":"https:\/\/www.ergocontech.no\/shop\/?post_type=product&#038;p=9667"},"modified":"2025-05-31T09:10:57","modified_gmt":"2025-05-31T07:10:57","slug":"mayflash-magic-x","status":"publish","type":"product","link":"https:\/\/www.ergocontech.no\/shop\/produkt\/mayflash-magic-x\/","title":{"rendered":"Mayflash Magic-X"},"content":{"rendered":"<p>Utdypet produktinfo finner du p\u00e5 <a href=\"https:\/\/www.mayflash.com\/product\/magic_x.html\">produsentens hjemmesider.<\/a><\/p>\n<p>En tilpasset h\u00f8ykvalitets USB Type-C-kabel inkludert.<\/p>\n<p>Oppdater til den nyeste fastvaren p\u00e5 mayflash.com<\/p>\n<p>Dimensjoner og vekt<\/p>\n<p>73*21*8,7 mm<\/p>\n<p>11 g<\/p>\n<p><span style=\"color: #ffffff;\">QUAD10<\/span><\/p>\n","protected":false},"excerpt":{"rendered":"<p>Mayflash Magic-X \u00a0er en USB-adapter som er et enklere alternativ til Cronus Zen eller Console Tuner Titan 2 for tilkobling av Quadstick til Xbox-konsoller.<\/p>\n<p>Quadstick kobles til Mayflash Magic-X, som deretter kobles til Xbox-konsollen. Det er ikke n\u00f8dvendig \u00e5 &laquo;autentisere&raquo; forbindelsen med en original Xbox-kontroller, slik det er med Cronus Zen. Kan ogs\u00e5 brukes til \u00e5 f\u00e5 til co-pilot-modus p\u00e5 Nintendo Switch sammen med Flex Controller.<\/p>\n<p>HMS art.nr 327893<\/p>\n<p><span style=\"color: #3366ff;\">Bestillingsvare: Leveringstid 60 dager<\/span><\/p>\n","protected":false},"featured_media":9672,"template":"","meta":[],"product_brand":[],"product_cat":[32,84,81],"product_tag":[],"class_list":{"0":"post-9667","1":"product","2":"type-product","3":"status-publish","4":"has-post-thumbnail","6":"product_cat-gaming","7":"product_cat-nintendoswitch","8":"product_cat-xbox","10":"first","11":"instock","12":"taxable","13":"shipping-taxable","14":"purchasable","15":"product-type-simple"},"_links":{"self":[{"href":"https:\/\/www.ergocontech.no\/shop\/wp-json\/wp\/v2\/product\/9667","targetHints":{"allow":["GET"]}}],"collection":[{"href":"https:\/\/www.ergocontech.no\/shop\/wp-json\/wp\/v2\/product"}],"about":[{"href":"https:\/\/www.ergocontech.no\/shop\/wp-json\/wp\/v2\/types\/product"}],"wp:featuredmedia":[{"embeddable":true,"href":"https:\/\/www.ergocontech.no\/shop\/wp-json\/wp\/v2\/media\/9672"}],"wp:attachment":[{"href":"https:\/\/www.ergocontech.no\/shop\/wp-json\/wp\/v2\/media?parent=9667"}],"wp:term":[{"taxonomy":"product_brand","embeddable":true,"href":"https:\/\/www.ergocontech.no\/shop\/wp-json\/wp\/v2\/product_brand?post=9667"},{"taxonomy":"product_cat","embeddable":true,"href":"https:\/\/www.ergocontech.no\/shop\/wp-json\/wp\/v2\/product_cat?post=9667"},{"taxonomy":"product_tag","embeddable":true,"href":"https:\/\/www.ergocontech.no\/shop\/wp-json\/wp\/v2\/product_tag?post=9667"}],"curies":[{"name":"wp","href":"https:\/\/api.w.org\/{rel}","templated":true}]}}