{"id":9625,"date":"2024-11-03T08:26:40","date_gmt":"2024-11-03T07:26:40","guid":{"rendered":"https:\/\/www.ergocontech.no\/shop\/?post_type=product&#038;p=9625"},"modified":"2024-11-12T17:29:43","modified_gmt":"2024-11-12T16:29:43","slug":"vibe-lite-switch","status":"publish","type":"product","link":"https:\/\/www.ergocontech.no\/shop\/produkt\/vibe-lite-switch\/","title":{"rendered":"Vibe-Lite Switch"},"content":{"rendered":"<div class=\"pane-slider content pane-down\">\n<div class=\"pane-slider content pane-down\">\n<p><strong>Vibe-Lite Bryter<\/strong><\/p>\n<ul>\n<li>Aktiveringskraft: 85g<\/li>\n<li>Aktiveringsomr\u00e5de: 110 mm<\/li>\n<li>Auditiv tilbakemelding: Ja<\/li>\n<li>Taktil tilbakemelding: Ja<\/li>\n<li>Visuell tilbakemelding: Ja<\/li>\n<li>Tilkobling: 3,5 mm mono<\/li>\n<li>Kabellengde: 70 cm<\/li>\n<li>Brytertype: Trykk for \u00e5 aktivere (normalt \u00e5pen)<\/li>\n<li>Batteri: 2 x AA<\/li>\n<li>Aktiveringsomr\u00e5de: 110 mm<\/li>\n<\/ul>\n<p><span style=\"color: #ffffff;\">6888<\/span><\/p>\n<\/div>\n<\/div>\n","protected":false},"excerpt":{"rendered":"<ul>\n<li>En bryter som kombinerer taktil og visuell stimulering med ergonomisk design.<\/li>\n<li>Velg mellom \u00f8yeblikkelig aktivering, l\u00e5st (1 trykk for \u00e5 aktivere og et trykk for \u00e5 deaktivere) eller aktivering med innstilt tid og koble til utstyret ditt.<\/li>\n<li>Justerbar tid fra fem sekunder til to minutter. Aktiveringskraft p\u00e5 85g og et aktiveringsomr\u00e5de p\u00e5 110 mm, med b\u00e5de h\u00f8rbar, taktil og visuell tilbakemelding.<\/li>\n<li>Blinkefunksjon lyser opp \u00e9n gang hvert fjerde sekund, lyser opp og vibrerer n\u00e5r den trykkes (begge funksjoner kan deaktiveres ved behov).<\/li>\n<li>2 x AA-batterier er inkludert.<\/li>\n<\/ul>\n<p><span style=\"color: #0000ff;\">P\u00e5 produsentlager. Estimert levering 11 dager.<\/span><\/p>\n","protected":false},"featured_media":9635,"template":"","meta":[],"product_brand":[],"product_cat":[16,25,61],"product_tag":[],"class_list":{"0":"post-9625","1":"product","2":"type-product","3":"status-publish","4":"has-post-thumbnail","6":"product_cat-brytere","7":"product_cat-kablede-brytere","8":"product_cat-store-brytere","10":"first","11":"instock","12":"taxable","13":"shipping-taxable","14":"purchasable","15":"product-type-simple"},"_links":{"self":[{"href":"https:\/\/www.ergocontech.no\/shop\/wp-json\/wp\/v2\/product\/9625","targetHints":{"allow":["GET"]}}],"collection":[{"href":"https:\/\/www.ergocontech.no\/shop\/wp-json\/wp\/v2\/product"}],"about":[{"href":"https:\/\/www.ergocontech.no\/shop\/wp-json\/wp\/v2\/types\/product"}],"wp:featuredmedia":[{"embeddable":true,"href":"https:\/\/www.ergocontech.no\/shop\/wp-json\/wp\/v2\/media\/9635"}],"wp:attachment":[{"href":"https:\/\/www.ergocontech.no\/shop\/wp-json\/wp\/v2\/media?parent=9625"}],"wp:term":[{"taxonomy":"product_brand","embeddable":true,"href":"https:\/\/www.ergocontech.no\/shop\/wp-json\/wp\/v2\/product_brand?post=9625"},{"taxonomy":"product_cat","embeddable":true,"href":"https:\/\/www.ergocontech.no\/shop\/wp-json\/wp\/v2\/product_cat?post=9625"},{"taxonomy":"product_tag","embeddable":true,"href":"https:\/\/www.ergocontech.no\/shop\/wp-json\/wp\/v2\/product_tag?post=9625"}],"curies":[{"name":"wp","href":"https:\/\/api.w.org\/{rel}","templated":true}]}}