{"id":9573,"date":"2024-08-12T18:25:04","date_gmt":"2024-08-12T16:25:04","guid":{"rendered":"https:\/\/www.ergocontech.no\/shop\/?post_type=product&#038;p=9573"},"modified":"2025-02-09T14:22:08","modified_gmt":"2025-02-09T13:22:08","slug":"ram-double-socket-arm-c-size-short","status":"publish","type":"product","link":"https:\/\/www.ergocontech.no\/shop\/produkt\/ram-double-socket-arm-c-size-short\/","title":{"rendered":"RAM\u00ae Double Socket Arm &#8211; C Size Short"},"content":{"rendered":"<div class=\"w-full md:w-1\/2\">\n<div class=\"product-info-wrapper flex flex-col md:flex-row items-top py-4\">\n<div class=\"flex-1 \">\n<p><span style=\"font-size: 1.41575em;\">Produkt dimensjoner<\/span><\/p>\n<p>Total lengde: 3.56&#8243; (9.14 cm)<\/p>\n<p><span style=\"font-size: 1.41575em;\">Socket til socket lengde<\/span><\/p>\n<div class=\"w-full md:w-1\/2\">\n<div class=\"product-info-wrapper flex flex-col md:flex-row items-top py-4\">\n<div class=\"flex-1\">\n<div class=\"flex-1\">\n<p>2.5&#8243; (6.35 cm)<\/p>\n<\/div>\n<\/div>\n<\/div>\n<div class=\"product-info-wrapper flex flex-col md:flex-row items-top py-4\">\n<div class=\"flex-1\">\n<p><span style=\"font-size: 1.41575em;\">St\u00f8rrelse p\u00e5 ball<\/span><\/p>\n<\/div>\n<\/div>\n<div class=\"product-info-wrapper flex flex-col md:flex-row items-top py-4\">\n<div class=\"flex-1\">\n<p>C St\u00f8rrelse (1.5&#8243;) (3.81 cm)<\/p>\n<p><span style=\"font-size: 1.41575em;\">Vekt kapasitet<\/span><\/p>\n<\/div>\n<\/div>\n<div class=\"product-info-wrapper flex flex-col md:flex-row items-top py-4\">\n<div class=\"flex-1\">\n<p>Standard Bruk: 4 lb (1.81 kg)<br \/>\nKraftig bruk: 3 lb (1.36 kg)<\/p>\n<p><span style=\"font-size: 1.41575em;\">Materialer<\/span><\/p>\n<\/div>\n<\/div>\n<div class=\"product-info-wrapper flex flex-col md:flex-row items-top py-4\">\n<div class=\"flex-1\">\n<p>Marine-kvalitet aluminium<\/p>\n<\/div>\n<\/div>\n<div class=\"product-info-wrapper flex flex-col md:flex-row items-top py-4\">\n<div class=\"flex-1\">\n<p><span style=\"font-size: 1.41575em;\">Vekt<\/span><\/p>\n<\/div>\n<\/div>\n<div class=\"product-info-wrapper flex flex-col md:flex-row items-top py-4\">\n<div class=\"flex-1 \">\n<p>0.52 lb (236 gram)<\/p>\n<p><span style=\"color: #ffffff;\">RAM-201U-B<\/span><\/p>\n<\/div>\n<\/div>\n<\/div>\n<\/div>\n<\/div>\n<\/div>\n","protected":false},"excerpt":{"rendered":"<p>RAM-201U-B best\u00e5r av en kort arm med dobbel sokkel som har plass til 1,5&#8243; C st\u00f8rrelse kulebaser, enhetsholdere og adaptere. Med en total lengde p\u00e5 3,56&#8243;, er dette den korteste RAM\u00ae dobbel socket armst\u00f8rrelse. Den enkle \u00e5 justere knappen gir nesten uendelig justerbarhet for den tilkoblede enheten.<\/p>\n","protected":false},"featured_media":9590,"template":"","meta":[],"product_brand":[],"product_cat":[49,33],"product_tag":[],"class_list":{"0":"post-9573","1":"product","2":"type-product","3":"status-publish","4":"has-post-thumbnail","6":"product_cat-deler-c-kule","7":"product_cat-ram","9":"first","10":"instock","11":"taxable","12":"shipping-taxable","13":"purchasable","14":"product-type-simple"},"_links":{"self":[{"href":"https:\/\/www.ergocontech.no\/shop\/wp-json\/wp\/v2\/product\/9573","targetHints":{"allow":["GET"]}}],"collection":[{"href":"https:\/\/www.ergocontech.no\/shop\/wp-json\/wp\/v2\/product"}],"about":[{"href":"https:\/\/www.ergocontech.no\/shop\/wp-json\/wp\/v2\/types\/product"}],"wp:featuredmedia":[{"embeddable":true,"href":"https:\/\/www.ergocontech.no\/shop\/wp-json\/wp\/v2\/media\/9590"}],"wp:attachment":[{"href":"https:\/\/www.ergocontech.no\/shop\/wp-json\/wp\/v2\/media?parent=9573"}],"wp:term":[{"taxonomy":"product_brand","embeddable":true,"href":"https:\/\/www.ergocontech.no\/shop\/wp-json\/wp\/v2\/product_brand?post=9573"},{"taxonomy":"product_cat","embeddable":true,"href":"https:\/\/www.ergocontech.no\/shop\/wp-json\/wp\/v2\/product_cat?post=9573"},{"taxonomy":"product_tag","embeddable":true,"href":"https:\/\/www.ergocontech.no\/shop\/wp-json\/wp\/v2\/product_tag?post=9573"}],"curies":[{"name":"wp","href":"https:\/\/api.w.org\/{rel}","templated":true}]}}