{"id":9572,"date":"2024-08-12T18:21:09","date_gmt":"2024-08-12T16:21:09","guid":{"rendered":"https:\/\/www.ergocontech.no\/shop\/?post_type=product&#038;p=9572"},"modified":"2025-02-09T14:21:06","modified_gmt":"2025-02-09T13:21:06","slug":"ram-double-socket-arm-c-size-medium","status":"publish","type":"product","link":"https:\/\/www.ergocontech.no\/shop\/produkt\/ram-double-socket-arm-c-size-medium\/","title":{"rendered":"RAM\u00ae Double Socket Arm &#8211; C Size Medium"},"content":{"rendered":"<div class=\"w-full md:w-1\/2\">\n<div class=\"product-info-wrapper flex flex-col md:flex-row items-top py-4\">\n<div class=\"flex-1\">\n<p><span style=\"font-size: 1.41575em;\">Produkt dimensjoner<\/span><\/p>\n<\/div>\n<\/div>\n<div class=\"product-info-wrapper flex flex-col md:flex-row items-top py-4\">\n<div class=\"flex-1 \">\n<p>Total lengde: 5.69&#8243; (14.45 cm)<\/p>\n<p><span style=\"font-size: 1.41575em;\">Socket til socket lengde<\/span><\/p>\n<div class=\"w-full md:w-1\/2\">\n<div class=\"product-info-wrapper flex flex-col md:flex-row items-top py-4\">\n<div class=\"flex-1\">\n<div class=\"flex-1\">\n<p>4.66&#8243; (11.84 cm)<\/p>\n<\/div>\n<\/div>\n<\/div>\n<div class=\"product-info-wrapper flex flex-col md:flex-row items-top py-4\">\n<div class=\"flex-1\">\n<p><span style=\"font-size: 1.41575em;\">St\u00f8rrelse p\u00e5 ball<\/span><\/p>\n<\/div>\n<\/div>\n<div class=\"product-info-wrapper flex flex-col md:flex-row items-top py-4\">\n<div class=\"flex-1\">\n<p>C St\u00f8rrelse (1.5&#8243;) (3.81 cm)<\/p>\n<p><span style=\"font-size: 1.41575em;\">Vekt kapasitet<\/span><\/p>\n<\/div>\n<\/div>\n<div class=\"product-info-wrapper flex flex-col md:flex-row items-top py-4\">\n<div class=\"flex-1\">\n<p>Standard Bruk: 4 lb (1.81 kg)<br \/>\nKraftig bruk: 3 lb (1.36 kg)<\/p>\n<p><span style=\"font-size: 1.41575em;\">Materialer<\/span><\/p>\n<\/div>\n<\/div>\n<div class=\"product-info-wrapper flex flex-col md:flex-row items-top py-4\">\n<div class=\"flex-1\">\n<p>Marine-kvalitet aluminium<\/p>\n<\/div>\n<\/div>\n<div class=\"product-info-wrapper flex flex-col md:flex-row items-top py-4\">\n<div class=\"flex-1\">\n<p><span style=\"font-size: 1.41575em;\">Vekt<\/span><\/p>\n<\/div>\n<\/div>\n<div class=\"product-info-wrapper flex flex-col md:flex-row items-top py-4\">\n<div class=\"flex-1 \">\n<p>0.75 lb (340 gram)<\/p>\n<p><span style=\"color: #ffffff;\">RAM-201U<\/span><\/p>\n<\/div>\n<\/div>\n<\/div>\n<\/div>\n<\/div>\n<\/div>\n","protected":false},"excerpt":{"rendered":"<p>RAM-201U best\u00e5r av en middels lang arm med dobbel sokkel som rommer 1,5&#8243; C st\u00f8rrelse kulebaser, enhetsholdere og adaptere. En enkelt fj\u00e6r inne i armen holder kontakten \u00e5pen, og lar deg sette ballen inn i sokkelforbindelsen. Denne armen har en total lengde p\u00e5 5,69&#8243;. Den enkle \u00e5 justere knappen gir nesten uendelig justerbarhet.<\/p>\n","protected":false},"featured_media":9587,"template":"","meta":[],"product_brand":[],"product_cat":[49,33],"product_tag":[],"class_list":{"0":"post-9572","1":"product","2":"type-product","3":"status-publish","4":"has-post-thumbnail","6":"product_cat-deler-c-kule","7":"product_cat-ram","9":"first","10":"instock","11":"taxable","12":"shipping-taxable","13":"purchasable","14":"product-type-simple"},"_links":{"self":[{"href":"https:\/\/www.ergocontech.no\/shop\/wp-json\/wp\/v2\/product\/9572","targetHints":{"allow":["GET"]}}],"collection":[{"href":"https:\/\/www.ergocontech.no\/shop\/wp-json\/wp\/v2\/product"}],"about":[{"href":"https:\/\/www.ergocontech.no\/shop\/wp-json\/wp\/v2\/types\/product"}],"wp:featuredmedia":[{"embeddable":true,"href":"https:\/\/www.ergocontech.no\/shop\/wp-json\/wp\/v2\/media\/9587"}],"wp:attachment":[{"href":"https:\/\/www.ergocontech.no\/shop\/wp-json\/wp\/v2\/media?parent=9572"}],"wp:term":[{"taxonomy":"product_brand","embeddable":true,"href":"https:\/\/www.ergocontech.no\/shop\/wp-json\/wp\/v2\/product_brand?post=9572"},{"taxonomy":"product_cat","embeddable":true,"href":"https:\/\/www.ergocontech.no\/shop\/wp-json\/wp\/v2\/product_cat?post=9572"},{"taxonomy":"product_tag","embeddable":true,"href":"https:\/\/www.ergocontech.no\/shop\/wp-json\/wp\/v2\/product_tag?post=9572"}],"curies":[{"name":"wp","href":"https:\/\/api.w.org\/{rel}","templated":true}]}}