{"id":9541,"date":"2024-08-09T21:04:37","date_gmt":"2024-08-09T19:04:37","guid":{"rendered":"https:\/\/www.ergocontech.no\/shop\/?post_type=product&#038;p=9541"},"modified":"2025-08-10T09:50:07","modified_gmt":"2025-08-10T07:50:07","slug":"eyetuitive-for-ipad-pro-129","status":"publish","type":"product","link":"https:\/\/www.ergocontech.no\/shop\/produkt\/eyetuitive-for-ipad-pro-129\/","title":{"rendered":"eyetuitive for iPad Pro 12,9&#8243;"},"content":{"rendered":"<h3>AI-drevet \u00f8yesporing<\/h3>\n<p>eyetuitive er verdens minste innebygde \u00f8yestyringsenhet som bruker de mest avanserte AI-baserte \u00f8yesporingsprogramvarealgoritmene, kombinert med den beste \u00f8yesporingsmaskinvaren. eyetuitive bruker \u00f8ye- og ansiktsdeteksjon med nevrale nettverk og er den eneste \u00f8yem\u00e5leren med en dedikert akseleratorbrikke\/prosessor for nevrale nettverk. Denne innovative teknologien tilbyr overlegen sporingsytelse, selv for brukere med briller, og setter en ny standard innen tilgjengelighet og bekvemmelighet.<\/p>\n<h3>Kompatibilitet &#8211; iPad og Windows<\/h3>\n<p>eyetuitive er kompatibel med Windows og iPadOS (MFi-sertifisert av Apple) og er den eneste enheten p\u00e5 markedet som naturlig st\u00f8tter b\u00e5de iPadOS og Windows. eyetuitive fungerer med begge plattformene ut av esken og trenger ingen mellomliggende applikasjoner eller lisenser for \u00e5 fungere med begge operativsystemene &#8211; bare &laquo;plug and play&raquo; til begge plattformene og eyetuitive \u00f8yestyringsenhet fungerer s\u00f8ml\u00f8st.<\/p>\n<p>Kompatibel med iPad Pro 12,9&#8243;<\/p>\n<h3>Apple MFi-godkjent<\/h3>\n<p>eyetuitive er sertifisert og godkjent av Apple.<\/p>\n<ul>\n<li>Kompatibilitet: N\u00e5r du ser &laquo;Made for iPad&raquo;-logoen, kan du stole p\u00e5 at tilbeh\u00f8ret vil fungere s\u00f8ml\u00f8st med Apple-enheten din.<\/li>\n<li>Kvalitetssikring: Apple sikrer at sertifisert tilbeh\u00f8r oppfyller h\u00f8ykvalitetsstandarder.<\/li>\n<li>Sikkerhet: Sertifisert tilbeh\u00f8r er trygt \u00e5 bruke og vil ikke skade enheten din.<\/li>\n<\/ul>\n<p>Den nyeste versjonen av iPad-operativsystemet, og nylig lagt til funksjonene &laquo;Snap to Item&raquo; og &laquo;Auto-Hide&raquo; gir merverdi til brukeropplevelsen. Eye gaze-brukere vil oppleve mer presise kontroller av b\u00e5de iPad-applikasjoner og navigerbare sider, samt bruk av ekstern programvare med Apples egen AssistiveTouch-mark\u00f8r. Disse funksjonene er tilgjengelige med den MFi-sertifiserte eyetuitive eyegaze trackeren. Eye gaze-brukere kan oppleve mer n\u00f8yaktighet og stabilisert \u00f8yesporingsopplevelse, noe som gj\u00f8r blikkopplevelsen jevnere, raskere og mer komfortabel.<\/p>\n<h3>Fremtidssikker teknologi<\/h3>\n<p>Invester i teknologi som vokser med deg. eyetuitive kommer med en garanti for programvareoppdateringer som sikrer at enheten din forblir i forkant av \u00f8yestyringsteknologi.<\/p>\n<h3>Inkluderende design<\/h3>\n<p>eyetuitive er designet for alle. Uansett dine spesifikke synsbehov, sikrer eyetuitive at alle kan oppleve de fulle fordelene med \u00f8yestyringsteknologi.<\/p>\n<h3>Enkelt oppsett<\/h3>\n<p>Ingen oppsett eller kompliserte innstillinger, bare sett inn enheten i eyetuitive beskyttelsesdekselet og plugg inn \u00f8yestyringsenheten, last ned eyetuitive-appen og du er klar til \u00e5 realisere det fulle potensialet til enheten med \u00f8yekontroll.<\/p>\n<p>eyetuitive inkluderer en lader som lar deg lade iPad- eller Windows-enheten og drive eyetuitive \u00f8yestyringsenheten mens den er i bruk.<\/p>\n<h3>Kalibrering<\/h3>\n<p>Velg mellom 1, 5 eller 9 kalibreringspunkter \u00e5 se p\u00e5 skjermen. Jo flere punkter du ser p\u00e5, jo flere kalibreringsdata har eyetuitive, noe som resulterer i mer n\u00f8yaktig \u00f8yesporing. Indikatorer vises ved fullf\u00f8ring for \u00e5 vise kalibreringskvalitet. Kalibreringspunkter kan ogs\u00e5 justeres i st\u00f8rrelse og stil for \u00e5 \u00f8ke engasjement og suksess.<\/p>\n<h3>Kommuniser, l\u00e6r og lek<\/h3>\n<p>eyetuitive er den mest fleksible enheten for personer med en rekke funksjonshemminger, som gj\u00f8r det mulig for enkeltpersoner \u00e5 kontrollere enheten eller utstyret i hjemmet eller skolen. Mulighetene er uendelige med eyetuitive og millioner av iOS-apper og Windows-apper og programvare \u00e5 velge mellom.<\/p>\n<ul>\n<li>Uavhengig tilgang<\/li>\n<li>Datakontroll<\/li>\n<li>Augmentativ og supplerende kommunikasjon (ASK)<\/li>\n<li>Milj\u00f8kontroll<\/li>\n<li>L\u00e6ring og utdanning<\/li>\n<li>Underholdning og fritid<\/li>\n<\/ul>\n<h3>Hva er inkludert?<\/h3>\n<ul>\n<li>eyetuitive \u00f8yestyringsenhet.<\/li>\n<li>Monteringssett med beskyttelsesveske for iPad Pro 12,9&#8243; med REHAdapt og Vesa monteringsplate.<\/li>\n<li>eyetuitive str\u00f8mforsyning.<\/li>\n<li>eyetuitive app for posisjonering, kalibrering og personalisering.<\/li>\n<li>Vennligst merk: iPad Pro vist i markedsf\u00f8ringsbildene v\u00e5re er ikke inkludert i pakken.<\/li>\n<\/ul>\n<p><iframe title=\"eyetuitive Mounting Kit for iPad | Assembly Guide\" width=\"980\" height=\"551\" src=\"https:\/\/www.youtube.com\/embed\/p8F-2PK56ck?feature=oembed\" frameborder=\"0\" allow=\"accelerometer; autoplay; clipboard-write; encrypted-media; gyroscope; picture-in-picture; web-share\" referrerpolicy=\"strict-origin-when-cross-origin\" allowfullscreen><\/iframe><\/p>\n<h3>Spesifikasjoner<\/h3>\n<p>St\u00f8rrelse: 280mm x 34mm x 32mm<br \/>\nVekt (uten ekstra utstyr): 105g<br \/>\nSamplingsfrekvens: Typisk 30 Hz (opptil 90 Hz)<br \/>\nTilkobling: USB-C, USB 2.0<br \/>\nStr\u00f8mforbruk: Gjennomsnittlig 3,0 W<br \/>\nSpenning: 5,0 V<br \/>\nIR-rekkevidde: 850nm<br \/>\nMetode: Dark Pupill Tracking<br \/>\nTypisk n\u00f8yaktighet: 0,4\u00b0 til 0,8\u00b0<br \/>\nDriftsavstand: 50 cm til 75 cm<br \/>\nMonteringsvinkel: 20\u00b0 anbefales<br \/>\nKompatibilitet: iPad Pro 12,9-tommer (3. til 6. generasjon)<\/p>\n<table style=\"width: 482px; height: 124px;\">\n<tbody>\n<tr>\n<th style=\"text-align: left;\"><a href=\"https:\/\/www.ergocontech.no\/PDF\/eyetuitive User Manual v1.2 NB.pdf\"><img decoding=\"async\" class=\"alignnone wp-image-778\" src=\"https:\/\/www.ergocontech.no\/shop\/wp-content\/uploads\/2018\/05\/last-ned-1-copy-1-e1546625063281-1024x291.jpg\" alt=\"\" width=\"169\" height=\"48\" srcset=\"https:\/\/www.ergocontech.no\/shop\/wp-content\/uploads\/2018\/05\/last-ned-1-copy-1-e1546625063281-1024x291.jpg 1024w, https:\/\/www.ergocontech.no\/shop\/wp-content\/uploads\/2018\/05\/last-ned-1-copy-1-e1546625063281-300x85.jpg 300w, https:\/\/www.ergocontech.no\/shop\/wp-content\/uploads\/2018\/05\/last-ned-1-copy-1-e1546625063281-768x218.jpg 768w, https:\/\/www.ergocontech.no\/shop\/wp-content\/uploads\/2018\/05\/last-ned-1-copy-1-e1546625063281-416x118.jpg 416w, https:\/\/www.ergocontech.no\/shop\/wp-content\/uploads\/2018\/05\/last-ned-1-copy-1-e1546625063281.jpg 1756w\" sizes=\"(max-width: 169px) 100vw, 169px\" \/><\/a>eyetuitive<\/th>\n<th style=\"text-align: left;\"><a href=\"https:\/\/www.ergocontech.no\/PDF\/eyetuitive Mounting Kit User Manual v1.1 NB.pdf\"><img decoding=\"async\" class=\"alignnone wp-image-778\" src=\"https:\/\/www.ergocontech.no\/shop\/wp-content\/uploads\/2018\/05\/last-ned-1-copy-1-e1546625063281-1024x291.jpg\" alt=\"\" width=\"169\" height=\"48\" srcset=\"https:\/\/www.ergocontech.no\/shop\/wp-content\/uploads\/2018\/05\/last-ned-1-copy-1-e1546625063281-1024x291.jpg 1024w, https:\/\/www.ergocontech.no\/shop\/wp-content\/uploads\/2018\/05\/last-ned-1-copy-1-e1546625063281-300x85.jpg 300w, https:\/\/www.ergocontech.no\/shop\/wp-content\/uploads\/2018\/05\/last-ned-1-copy-1-e1546625063281-768x218.jpg 768w, https:\/\/www.ergocontech.no\/shop\/wp-content\/uploads\/2018\/05\/last-ned-1-copy-1-e1546625063281-416x118.jpg 416w, https:\/\/www.ergocontech.no\/shop\/wp-content\/uploads\/2018\/05\/last-ned-1-copy-1-e1546625063281.jpg 1756w\" sizes=\"(max-width: 169px) 100vw, 169px\" \/><\/a>eyetuitive monteringssett<\/th>\n<\/tr>\n<\/tbody>\n<\/table>\n<p><span style=\"color: #ffffff;\">10193<\/span><\/p>\n","protected":false},"excerpt":{"rendered":"<p>Opplev uanstrengt kontroll og kommunikasjon med eyetuitive, verdens mest avanserte, AI-drevne, Apple MFi-sertifiserte, multiplattform \u00f8yestyringsenhet. Kompatibel med iPad Pro 12,9&#8243; (3. til 6. generasjon). Ingen spesielle lisenser kreves, bare &laquo;plug and play&raquo;\u00a0 og den intuitive \u00f8yestyringsenheten fungerer s\u00f8ml\u00f8st. (iPad ikke inkludert)<\/p>\n<p><span style=\"color: #0000ff;\">P\u00e5 distribut\u00f8rlager. Estimert levering 22 dager.<\/span><\/p>\n","protected":false},"featured_media":9542,"template":"","meta":[],"product_brand":[],"product_cat":[41],"product_tag":[],"class_list":{"0":"post-9541","1":"product","2":"type-product","3":"status-publish","4":"has-post-thumbnail","6":"product_cat-oyestyringsenheter","8":"first","9":"instock","10":"taxable","11":"shipping-taxable","12":"product-type-simple"},"_links":{"self":[{"href":"https:\/\/www.ergocontech.no\/shop\/wp-json\/wp\/v2\/product\/9541","targetHints":{"allow":["GET"]}}],"collection":[{"href":"https:\/\/www.ergocontech.no\/shop\/wp-json\/wp\/v2\/product"}],"about":[{"href":"https:\/\/www.ergocontech.no\/shop\/wp-json\/wp\/v2\/types\/product"}],"wp:featuredmedia":[{"embeddable":true,"href":"https:\/\/www.ergocontech.no\/shop\/wp-json\/wp\/v2\/media\/9542"}],"wp:attachment":[{"href":"https:\/\/www.ergocontech.no\/shop\/wp-json\/wp\/v2\/media?parent=9541"}],"wp:term":[{"taxonomy":"product_brand","embeddable":true,"href":"https:\/\/www.ergocontech.no\/shop\/wp-json\/wp\/v2\/product_brand?post=9541"},{"taxonomy":"product_cat","embeddable":true,"href":"https:\/\/www.ergocontech.no\/shop\/wp-json\/wp\/v2\/product_cat?post=9541"},{"taxonomy":"product_tag","embeddable":true,"href":"https:\/\/www.ergocontech.no\/shop\/wp-json\/wp\/v2\/product_tag?post=9541"}],"curies":[{"name":"wp","href":"https:\/\/api.w.org\/{rel}","templated":true}]}}