{"id":9537,"date":"2024-08-09T14:12:11","date_gmt":"2024-08-09T12:12:11","guid":{"rendered":"https:\/\/www.ergocontech.no\/shop\/?post_type=product&#038;p=9537"},"modified":"2024-08-12T08:03:23","modified_gmt":"2024-08-12T06:03:23","slug":"swifty-and-beam-bundle","status":"publish","type":"product","link":"https:\/\/www.ergocontech.no\/shop\/produkt\/swifty-and-beam-bundle\/","title":{"rendered":"Swifty og Beam Bundle"},"content":{"rendered":"<p>Swifty og Beam Bundle kombinerer to flotte produkter til \u00e9n enkelt l\u00f8sning for tr\u00e5dl\u00f8s adaptiv brytertilgang.<\/p>\n<p>Beam er en infrar\u00f8d sender som har tre st 3,5 mm jack-plug for st\u00f8tte for opptil 3 kablede brytere. Beam sender tr\u00e5dl\u00f8st bryterhendelser som Swifty mottar og tolker som museknapper, joystick-knapper eller tastaturtaster basert p\u00e5 Swiftys konfigurasjon.<\/p>\n<p>Swifty st\u00f8tter standard USB Human Interface Device (HID)-drivere som gir tilgang til en rekke teknologier, inkludert: Windows-, Macintosh- og Linux-datamaskiner, de fleste AAC-systemer og mange andre bryteraktiverte enheter.<\/p>\n<p>Inkluderer:<br \/>\n1 \u2013 Swifty \u2013 USB-mottaker<br \/>\n1 \u2013 Beam &#8211; Tr\u00e5dl\u00f8s brytersender for\u00a0 Swifty<\/p>\n<p><a href=\"https:\/\/www.ergocontech.no\/PDF\/BeamUserManual9.pdf\"><img decoding=\"async\" class=\"alignnone wp-image-778\" src=\"https:\/\/www.ergocontech.no\/shop\/wp-content\/uploads\/2018\/05\/last-ned-1-copy-1-e1546625063281-1024x291.jpg\" alt=\"\" width=\"169\" height=\"48\" srcset=\"https:\/\/www.ergocontech.no\/shop\/wp-content\/uploads\/2018\/05\/last-ned-1-copy-1-e1546625063281-1024x291.jpg 1024w, https:\/\/www.ergocontech.no\/shop\/wp-content\/uploads\/2018\/05\/last-ned-1-copy-1-e1546625063281-300x85.jpg 300w, https:\/\/www.ergocontech.no\/shop\/wp-content\/uploads\/2018\/05\/last-ned-1-copy-1-e1546625063281-768x218.jpg 768w, https:\/\/www.ergocontech.no\/shop\/wp-content\/uploads\/2018\/05\/last-ned-1-copy-1-e1546625063281-416x118.jpg 416w, https:\/\/www.ergocontech.no\/shop\/wp-content\/uploads\/2018\/05\/last-ned-1-copy-1-e1546625063281.jpg 1756w\" sizes=\"(max-width: 169px) 100vw, 169px\" \/><\/a><\/p>\n<p><span style=\"color: #ffffff;\">HM-0362-SB<\/span><\/p>\n","protected":false},"excerpt":{"rendered":"<p>Lei av ledninger? Beam kan koble seg sammen med Swifty, slik at brukere kan eksternt aktivere museklikk, joystick-knapper eller tastaturfunksjoner.<\/p>\n","protected":false},"featured_media":9538,"template":"","meta":[],"product_brand":[],"product_cat":[26],"product_tag":[],"class_list":{"0":"post-9537","1":"product","2":"type-product","3":"status-publish","4":"has-post-thumbnail","6":"product_cat-bryterbokser","8":"first","9":"instock","10":"taxable","11":"shipping-taxable","12":"purchasable","13":"product-type-simple"},"_links":{"self":[{"href":"https:\/\/www.ergocontech.no\/shop\/wp-json\/wp\/v2\/product\/9537","targetHints":{"allow":["GET"]}}],"collection":[{"href":"https:\/\/www.ergocontech.no\/shop\/wp-json\/wp\/v2\/product"}],"about":[{"href":"https:\/\/www.ergocontech.no\/shop\/wp-json\/wp\/v2\/types\/product"}],"wp:featuredmedia":[{"embeddable":true,"href":"https:\/\/www.ergocontech.no\/shop\/wp-json\/wp\/v2\/media\/9538"}],"wp:attachment":[{"href":"https:\/\/www.ergocontech.no\/shop\/wp-json\/wp\/v2\/media?parent=9537"}],"wp:term":[{"taxonomy":"product_brand","embeddable":true,"href":"https:\/\/www.ergocontech.no\/shop\/wp-json\/wp\/v2\/product_brand?post=9537"},{"taxonomy":"product_cat","embeddable":true,"href":"https:\/\/www.ergocontech.no\/shop\/wp-json\/wp\/v2\/product_cat?post=9537"},{"taxonomy":"product_tag","embeddable":true,"href":"https:\/\/www.ergocontech.no\/shop\/wp-json\/wp\/v2\/product_tag?post=9537"}],"curies":[{"name":"wp","href":"https:\/\/api.w.org\/{rel}","templated":true}]}}