{"id":9498,"date":"2024-08-05T09:19:14","date_gmt":"2024-08-05T07:19:14","guid":{"rendered":"https:\/\/www.ergocontech.no\/shop\/?post_type=product&#038;p=9498"},"modified":"2025-04-08T18:48:55","modified_gmt":"2025-04-08T16:48:55","slug":"ps5-access-controller","status":"publish","type":"product","link":"https:\/\/www.ergocontech.no\/shop\/produkt\/ps5-access-controller\/","title":{"rendered":"PS5 Access controller"},"content":{"rendered":"<div>\n<div class=\"body-title-block\">\n<div class=\"txt-block-title txt-block-title--large txt-block-title--legibility text-align@mobile--left text-align@tablet-large--left text-align@desktop--left mb-ls@tablet--2xs mb-ls@desktop--2xs accessory-icon--horizontal\">\n<p><iframe title=\"Access Controller - Features Trailer | PS5\" width=\"980\" height=\"551\" src=\"https:\/\/www.youtube.com\/embed\/3KUmHFU51NU?feature=oembed\" frameborder=\"0\" allow=\"accelerometer; autoplay; clipboard-write; encrypted-media; gyroscope; picture-in-picture; web-share\" referrerpolicy=\"strict-origin-when-cross-origin\" allowfullscreen><\/iframe><\/p>\n<p><strong>360\u00b0 spilling<\/strong><br \/>\nAccess-kontrolleren muliggj\u00f8r spilling i 360\u00b0, som inneb\u00e6rer at du kan plassere kontrolleren i den retningen som er mest komfortabel for deg. Plasser den p\u00e5 flate overflater eller stativ med et AMPS-m\u00f8nster.<\/p>\n<p><strong>Justerbar spak<\/strong><br \/>\nKontrollspaken kan justeres til den lengden du foretrekker for \u00f8kt komfort og brukervennlighet. Du kan ogs\u00e5 kalibrere \u00abnord\u00bb-retningen, f\u00f8lsomheten og d\u00f8dsone for \u00e5 passe dine behov og retningen du spiller fra.<\/p>\n<p><strong>Utvidbar kontroll<\/strong><br \/>\nKontrolleren har fire 3,5 mm utvidelsesporter som du kan bruke til \u00e5 forbedre kontrollegenskapene med ekstra knapper, spesielle avtrekkerbrytere og annet kompatibelt tilbeh\u00f8r. I tillegg kan kontrolleren kombineres med en annen Access-., DualSense- eller Dual Sense Edge-kontroller for \u00e5 f\u00e5 tilgang til funksjoner som haptisk respons og adaptive avtrekkere.<\/p>\n<p><strong>Konfigurering av knapper<\/strong><br \/>\nKonfiguerer knappene b\u00e5de i og utenfor spillet. Kontrolleren leveres med utskiftbare knapper og spakhetter, slik at du kan velge den formen, teksturen og plasseringen som passer deg best. Hver enkelt knapp kan konfigureres til \u00e5 gi akkurat den kommandoen du vil ha \u2013 du kan ogs\u00e5 deaktivere knapper eller tilordne to kommandoer til samme knapp.<\/p>\n<p><strong>Egendefinerte profiler<\/strong><br \/>\nBruk Access-kontrolleren til \u00e5 konfigurere opptil 30 kontrollprofiler p\u00e5 din PS5, hvor tre av profilene kan lagres direkte p\u00e5 konsollen. Du kan enkelt veksle mellom profiler ved \u00e5 trykke p\u00e5 en dedikert profilknapp.<\/p>\n<h2 class=\"txt-style-large-title txt-block-title__title\">I esken<\/h2>\n<p class=\"txt-style-base txt-block-title__paragraph txt-style-base--primary\">Alt som f\u00f8lger med Access-kontrolleren, er designet for \u00e5 hjelpe deg med \u00e5 tilpasse m\u00e5ten du spiller p\u00e5.<\/p>\n<\/div>\n<\/div>\n<div class=\"subgrid\">\n<div class=\"sub-grid sub-grid@mobile__1 sub-grid@tablet__1 sub-grid@desktop__2 +thin-row-gap \">\n<div class=\"subgridbox\">\n<div class=\"box box mb@mobile--none \">\n<div class=\"body-text-block txt-block-paragraph\">\n<div class=\"txt-block-paragraph text-align@mobile--left text-align@tablet-large--left text-align@desktop--left accessory-icon--horizontal txt-block--primary-color\">\n<div class=\"txt-block__paragraph\">\n<ul class=\"txt-style-unordered-list\">\n<li class=\"txt-style-unordered-list-item\">Acess-kontroller\u2122<\/li>\n<li class=\"txt-style-unordered-list-item\">USB-kabel<\/li>\n<li class=\"txt-style-unordered-list-item\">8x puteknapphetter (festet til kontrolleren)<\/li>\n<li class=\"txt-style-unordered-list-item\">4x flate knappehetter<\/li>\n<li class=\"txt-style-unordered-list-item\">4x Curve-knapphetter<\/li>\n<li class=\"txt-style-unordered-list-item\">2x Overheng knapphetter<\/li>\n<li class=\"txt-style-unordered-list-item\">1x brede flate knappehetter<\/li>\n<li class=\"txt-style-unordered-list-item\">Standard pinnehette<\/li>\n<li class=\"txt-style-unordered-list-item\">Kuppelpinnehette (festet til kontrolleren)<\/li>\n<li class=\"txt-style-unordered-list-item\">Kulepinnehette<\/li>\n<li class=\"txt-style-unordered-list-item\">23x tagger<\/li>\n<li class=\"txt-style-unordered-list-item\">Hurtigstartguide og sikkerhetsveiledning<\/li>\n<\/ul>\n<\/div>\n<\/div>\n<\/div>\n<\/div>\n<\/div>\n<div class=\"subgridbox\">\n<div class=\"box box mt@mobile--none \">\n<div class=\"body-text-block txt-block-paragraph\">\n<div class=\"txt-block-paragraph text-align@mobile--left text-align@tablet-large--left text-align@desktop--left accessory-icon--horizontal txt-block--primary-color\">\n<div class=\"txt-block__paragraph\">\n<p><img fetchpriority=\"high\" decoding=\"async\" class=\"alignnone size-large wp-image-9499\" src=\"https:\/\/www.ergocontech.no\/shop\/wp-content\/uploads\/2024\/08\/Screenshot-2024-08-05-at-09-25-22-Access-controller-A-customizable-adaptive-controller-kit-for-PS5-PlayStation-Norway-1024x353.png\" alt=\"\" width=\"980\" height=\"338\" srcset=\"https:\/\/www.ergocontech.no\/shop\/wp-content\/uploads\/2024\/08\/Screenshot-2024-08-05-at-09-25-22-Access-controller-A-customizable-adaptive-controller-kit-for-PS5-PlayStation-Norway-1024x353.png 1024w, https:\/\/www.ergocontech.no\/shop\/wp-content\/uploads\/2024\/08\/Screenshot-2024-08-05-at-09-25-22-Access-controller-A-customizable-adaptive-controller-kit-for-PS5-PlayStation-Norway-300x103.png 300w, https:\/\/www.ergocontech.no\/shop\/wp-content\/uploads\/2024\/08\/Screenshot-2024-08-05-at-09-25-22-Access-controller-A-customizable-adaptive-controller-kit-for-PS5-PlayStation-Norway-768x264.png 768w, https:\/\/www.ergocontech.no\/shop\/wp-content\/uploads\/2024\/08\/Screenshot-2024-08-05-at-09-25-22-Access-controller-A-customizable-adaptive-controller-kit-for-PS5-PlayStation-Norway-324x112.png 324w, https:\/\/www.ergocontech.no\/shop\/wp-content\/uploads\/2024\/08\/Screenshot-2024-08-05-at-09-25-22-Access-controller-A-customizable-adaptive-controller-kit-for-PS5-PlayStation-Norway-416x143.png 416w, https:\/\/www.ergocontech.no\/shop\/wp-content\/uploads\/2024\/08\/Screenshot-2024-08-05-at-09-25-22-Access-controller-A-customizable-adaptive-controller-kit-for-PS5-PlayStation-Norway.png 1060w\" sizes=\"(max-width: 980px) 100vw, 980px\" \/><\/p>\n<\/div>\n<\/div>\n<\/div>\n<\/div>\n<\/div>\n<\/div>\n<\/div>\n<\/div>\n<p>Eventuelle brytere med 3,5 mm jackplugg kan brukes &#8211; for eksempel Pretorians <a href=\"https:\/\/www.ergocontech.no\/shop\/produkt\/smoothie-75\/\"><b>Smoothie 75<\/b><\/a> og <a href=\"https:\/\/www.ergocontech.no\/shop\/produkt\/smoothie-125\/\"><b>Smoothie 125 <\/b><\/a>kan tilkobles de fire inngangene.<\/p>\n<h3 id=\"features\" class=\"title pane-toggler-down\">Egenskaper<\/h3>\n<h3 class=\"font-body\"><span class=\"font-regular text-xl lg:text-2xl pb-4\">M\u00e5l og vekt<\/span><\/h3>\n<div class=\"mt-4\">\n<dl class=\"grid grid-cols-2 py-1 gap-4\">\n<dt><span class=\"font-body text-sm lg:text-base break-words hyphens-auto align-top text-pretty\">H\u00f8yde (cm)<\/span><\/dt>\n<dd class=\"font-body font-bold text-sm lg:text-base break-words align-top text-pretty\">3.9<\/dd>\n<\/dl>\n<dl class=\"grid grid-cols-2 py-1 gap-4\">\n<dt><span class=\"font-body text-sm lg:text-base break-words hyphens-auto align-top text-pretty\">Bredde (cm)<\/span><\/dt>\n<dd class=\"font-body font-bold text-sm lg:text-base break-words align-top text-pretty\">14.1<\/dd>\n<\/dl>\n<dl class=\"grid grid-cols-2 py-1 gap-4\">\n<dt><span class=\"font-body text-sm lg:text-base break-words hyphens-auto align-top text-pretty\">Dybde (cm)<\/span><\/dt>\n<dd class=\"font-body font-bold text-sm lg:text-base break-words align-top text-pretty\">19.1<\/dd>\n<\/dl>\n<dl class=\"grid grid-cols-2 py-1 gap-4\">\n<dt><span class=\"font-body text-sm lg:text-base break-words hyphens-auto align-top text-pretty\">Vekt (g)<\/span><\/dt>\n<dd class=\"font-body font-bold text-sm lg:text-base break-words align-top text-pretty\">322<\/dd>\n<dd>USB-C-kabel, 1,5 m<\/dd>\n<\/dl>\n<\/div>\n<div class=\"pane-slider content pane-down\"><span style=\"color: #ffffff;\">1000038368<\/span><\/div>\n<div>\n<div data-uk-slideshow=\"{animation: 'random-fx',duration: 750,slices: 45,autoplay: true }\">\n<div class=\"uk-position-relative\"><\/div>\n<\/div>\n<\/div>\n","protected":false},"excerpt":{"rendered":"<div>\n<p class=\"c-paragraph\"><strong>PS5 Access kontroller<\/strong> er designet i tett samarbeid med gamere med nedsatt funksjonsevne. Kontrolleren kan brukes fra alle retninger og har en justerbar spak, utskiftbare og konfigurerbare knapper og egendefinerte profiler. Du har ogs\u00e5 muligheten til \u00e5 koble til tilbeh\u00f8r og en ekstra Access- eller Dual Sense-kontroller for \u00f8kt funksjonalitet.<\/p>\n<p><span style=\"color: #0000ff;\">P\u00e5 produsentlager. Estimert levering 11 dager.<\/span><br \/>\nNAV art.nr: 313910<\/p>\n<\/div>\n","protected":false},"featured_media":9502,"template":"","meta":[],"product_brand":[],"product_cat":[26,32,83],"product_tag":[],"class_list":{"0":"post-9498","1":"product","2":"type-product","3":"status-publish","4":"has-post-thumbnail","6":"product_cat-bryterbokser","7":"product_cat-gaming","8":"product_cat-playstation5","10":"first","11":"instock","12":"taxable","13":"shipping-taxable","14":"purchasable","15":"product-type-simple"},"_links":{"self":[{"href":"https:\/\/www.ergocontech.no\/shop\/wp-json\/wp\/v2\/product\/9498","targetHints":{"allow":["GET"]}}],"collection":[{"href":"https:\/\/www.ergocontech.no\/shop\/wp-json\/wp\/v2\/product"}],"about":[{"href":"https:\/\/www.ergocontech.no\/shop\/wp-json\/wp\/v2\/types\/product"}],"wp:featuredmedia":[{"embeddable":true,"href":"https:\/\/www.ergocontech.no\/shop\/wp-json\/wp\/v2\/media\/9502"}],"wp:attachment":[{"href":"https:\/\/www.ergocontech.no\/shop\/wp-json\/wp\/v2\/media?parent=9498"}],"wp:term":[{"taxonomy":"product_brand","embeddable":true,"href":"https:\/\/www.ergocontech.no\/shop\/wp-json\/wp\/v2\/product_brand?post=9498"},{"taxonomy":"product_cat","embeddable":true,"href":"https:\/\/www.ergocontech.no\/shop\/wp-json\/wp\/v2\/product_cat?post=9498"},{"taxonomy":"product_tag","embeddable":true,"href":"https:\/\/www.ergocontech.no\/shop\/wp-json\/wp\/v2\/product_tag?post=9498"}],"curies":[{"name":"wp","href":"https:\/\/api.w.org\/{rel}","templated":true}]}}