{"id":9449,"date":"2024-08-01T08:54:29","date_gmt":"2024-08-01T06:54:29","guid":{"rendered":"https:\/\/www.ergocontech.no\/shop\/?post_type=product&#038;p=9449"},"modified":"2026-03-09T18:52:35","modified_gmt":"2026-03-09T17:52:35","slug":"ultimate-switchbox","status":"publish","type":"product","link":"https:\/\/www.ergocontech.no\/shop\/produkt\/ultimate-switchbox\/","title":{"rendered":"Ultimate Switchbox"},"content":{"rendered":"<p><strong>Ultimate Switchbox<\/strong> er et sv\u00e6rt fleksibelt USB-switchgrensesnitt spesielt utviklet for bruk med hjelpeswitcher. Det f\u00f8lger med seks 3,5 mm stikkontakter, funksjonene til disse stilles inn ved \u00e5 velge ett av fire niv\u00e5er. Hver socket p\u00e5 hvert niv\u00e5 er fullstendig programmerbar til en av over hundre innstillinger, som omfatter alle tastaturtastene s\u00e5 vel som en pakke med mus- og gamepad-funksjoner.<\/p>\n<p>En syvende stikkontakt er dedikert til \u00e5 endre niv\u00e5 slik at brukeren kan navigere mellom niv\u00e5er uten \u00e5 trenge hjelp. Alternativt kan dette oppn\u00e5s ved \u00e5 bruke en knapp p\u00e5 frontpanelet til <strong>Ultimate Switchbox<\/strong>.<\/p>\n<p>Enheten leveres med n\u00f8ye utvalgte standardinnstillinger tildelt hver av stikkontaktene p\u00e5 hvert niv\u00e5, noe som betyr at i mange tilfeller er ingen konfigurasjon n\u00f8dvendig. Hvis innstillingene m\u00e5 endres, g\u00e5r du ganske enkelt inn i l\u00e6remodus og setter hver av dem etter tur i henhold til dine eksakte krav. N\u00e5r de er endret, lagres de i internminnet og hentes automatisk frem. Som med alle Pretorian-produkter, krever <strong>Ultimate Switchbox<\/strong> ingen drivere \u2013 bare plug and play!<\/p>\n<p>Fire makroer kan konfigureres til \u00e5 gi sekvenser p\u00e5 opptil fire tastetrykk, og disse kan tilordnes en hvilken som helst socket p\u00e5 hvilket som helst niv\u00e5.<\/p>\n<p>Ethvert tastaturtastetrykk kan konfigureres til \u00e5 ha en eller flere &laquo;modifikatoren&raquo; tilordnet, for eksempel Shift, Control eller Alt. De fleste funksjoner kan valgfritt gj\u00f8res om til \u00e5 bli l\u00e5st. Dette allsidighetsniv\u00e5et kan v\u00e6re spesielt nyttig n\u00e5r du programmerer en bryterboks for \u00e5 f\u00e5 tilgang til programvare som ikke prim\u00e6rt er designet for funksjonshemmede (dvs. ikke brytertilpasset).<\/p>\n<p>Venstreklikk, h\u00f8yreklikk, dobbeltklikk og dra musefunksjoner kan ogs\u00e5 konfigureres sammen med opp, ned, venstre og h\u00f8yre mark\u00f8rbevegelse ved en av tre mark\u00f8rhastigheter. Fire gamepad-knappinnstillinger er ogs\u00e5 tilgjengelige.<\/p>\n<h3>Funksjoner<\/h3>\n<ul>\n<li>Designet for \u00e5 tillate at ALLE tastetrykk konfigureres.<\/li>\n<li>Modifikatortaster kan legges til alle tastetrykk.<\/li>\n<li>Inkluderer innstillinger for tastatur, mus og gamepad.<\/li>\n<li>N\u00f8ye valgte standardinnstillinger betyr at det i mange tilfeller ikke er n\u00f8dvendig med konfigurasjon.<\/li>\n<li>Enkel eller avansert konfigurasjon.<\/li>\n<li>Fire niv\u00e5er, valgbare ved hjelp av en dedikert bryter eller integrert knapp.<\/li>\n<li>Seks 3,5 mm jack-innganger gj\u00f8r at alle typer brytere kan brukes.<\/li>\n<li>Syvende 3,5 mm stikkontakt for \u00e5 tillate niv\u00e5 \u00e5 velges av bruker.<\/li>\n<li>Enkel &laquo;plug and play&raquo;-installasjon, krever ikke driverprogramvare.<\/li>\n<\/ul>\n<div class=\"pane-slider content pane-down\">\n<h3 id=\"used_for\" class=\"title pane-toggler-down\"><a>Brukes til<\/a><\/h3>\n<div class=\"pane-slider content pane-down\">\n<ul class=\"pt_list pt_li_green pt_li_check\">\n<li>Datatilgang<\/li>\n<li>Nettbrett\/telefontilgang<\/li>\n<li>Bytt aktiviteter<\/li>\n<li>Tilgang til ikke-AT-programvare.<\/li>\n<\/ul>\n<\/div>\n<\/div>\n<p><a href=\"https:\/\/www.ergocontech.no\/PDF\/Ultimate_Switchbox.pdf\"><img decoding=\"async\" class=\"alignnone wp-image-778\" src=\"https:\/\/www.ergocontech.no\/shop\/wp-content\/uploads\/2018\/05\/last-ned-1-copy-1-e1546625063281-1024x291.jpg\" alt=\"\" width=\"169\" height=\"48\" srcset=\"https:\/\/www.ergocontech.no\/shop\/wp-content\/uploads\/2018\/05\/last-ned-1-copy-1-e1546625063281-1024x291.jpg 1024w, https:\/\/www.ergocontech.no\/shop\/wp-content\/uploads\/2018\/05\/last-ned-1-copy-1-e1546625063281-300x85.jpg 300w, https:\/\/www.ergocontech.no\/shop\/wp-content\/uploads\/2018\/05\/last-ned-1-copy-1-e1546625063281-768x218.jpg 768w, https:\/\/www.ergocontech.no\/shop\/wp-content\/uploads\/2018\/05\/last-ned-1-copy-1-e1546625063281-416x118.jpg 416w, https:\/\/www.ergocontech.no\/shop\/wp-content\/uploads\/2018\/05\/last-ned-1-copy-1-e1546625063281.jpg 1756w\" sizes=\"(max-width: 169px) 100vw, 169px\" \/><\/a><br \/>\n<span style=\"color: #ffffff;\">ULTSB<\/span><\/p>\n","protected":false},"excerpt":{"rendered":"<p>Ultimate Switchbox er en fleksibel USB-bryterboks for bruk med opptil 6 brytere. Bryterfunksjonene stilles inn ved \u00e5 velge ett av fire niv\u00e5er. Hver bryterinngang p\u00e5 hvert niv\u00e5 er fullstendig programmerbar til hvilken som helst av over hundre innstillinger, som omfatter alle tastaturtastene mus- og gamepad-funksjoner.<\/p>\n<p>HMS art.nr: 334133<\/p>\n<p><span style=\"color: #0000ff;\">P\u00e5 produsentlager. Estimert levering 11 dager.<\/span><\/p>\n","protected":false},"featured_media":9453,"template":"","meta":[],"product_brand":[],"product_cat":[26],"product_tag":[],"class_list":{"0":"post-9449","1":"product","2":"type-product","3":"status-publish","4":"has-post-thumbnail","6":"product_cat-bryterbokser","8":"first","9":"instock","10":"taxable","11":"shipping-taxable","12":"purchasable","13":"product-type-simple"},"_links":{"self":[{"href":"https:\/\/www.ergocontech.no\/shop\/wp-json\/wp\/v2\/product\/9449","targetHints":{"allow":["GET"]}}],"collection":[{"href":"https:\/\/www.ergocontech.no\/shop\/wp-json\/wp\/v2\/product"}],"about":[{"href":"https:\/\/www.ergocontech.no\/shop\/wp-json\/wp\/v2\/types\/product"}],"wp:featuredmedia":[{"embeddable":true,"href":"https:\/\/www.ergocontech.no\/shop\/wp-json\/wp\/v2\/media\/9453"}],"wp:attachment":[{"href":"https:\/\/www.ergocontech.no\/shop\/wp-json\/wp\/v2\/media?parent=9449"}],"wp:term":[{"taxonomy":"product_brand","embeddable":true,"href":"https:\/\/www.ergocontech.no\/shop\/wp-json\/wp\/v2\/product_brand?post=9449"},{"taxonomy":"product_cat","embeddable":true,"href":"https:\/\/www.ergocontech.no\/shop\/wp-json\/wp\/v2\/product_cat?post=9449"},{"taxonomy":"product_tag","embeddable":true,"href":"https:\/\/www.ergocontech.no\/shop\/wp-json\/wp\/v2\/product_tag?post=9449"}],"curies":[{"name":"wp","href":"https:\/\/api.w.org\/{rel}","templated":true}]}}