{"id":9361,"date":"2024-04-28T09:09:39","date_gmt":"2024-04-28T07:09:39","guid":{"rendered":"https:\/\/www.ergocontech.no\/shop\/?post_type=product&#038;p=9361"},"modified":"2025-01-06T12:06:23","modified_gmt":"2025-01-06T11:06:23","slug":"blue2-ft","status":"publish","type":"product","link":"https:\/\/www.ergocontech.no\/shop\/produkt\/blue2-ft\/","title":{"rendered":"Blue2 FT"},"content":{"rendered":"<p>Bluetooth-bryter. Gir dobbel tr\u00e5dl\u00f8s ber\u00f8ringsf\u00f8lsom brytertilgang til Mac, iPad, Windows og Chromebook.<\/p>\n<p>De to aktiveringsflatene er 6,35 cm i diameter.<\/p>\n<p>To brytere med 3,5 mm jack plug, kan tilkobles Blue2 bryteren som da fungerer som en tr\u00e5dl\u00f8s sender.<\/p>\n<p>De to bryterne sender Mellomromstast og Enter-tast. Dette kan endres til tegn 1, 2, 3 eller 4.<\/p>\n<p>Opp til 9 meter rekkevidde. Enkel installasjon. Anbefalte operativsystem: Windows 11, macOS Ventura, iPadOS 16, iOS 16, ChromeOS<\/p>\n<p>M\u00e5l: 157,7 mm x 68,6 mm x 26,7 mm<\/p>\n<p>Integrert oppladbart batteri som lades med USB C.<\/p>\n<p>&nbsp;<\/p>\n<p><a href=\"https:\/\/www.ergocontech.no\/PDF\/10000053-Blue2-FT-Instructions-for-Use-10-12-23.pdf\"><img decoding=\"async\" class=\"alignnone wp-image-778\" src=\"https:\/\/www.ergocontech.no\/shop\/wp-content\/uploads\/2018\/05\/last-ned-1-copy-1-e1546625063281-1024x291.jpg\" alt=\"\" width=\"169\" height=\"48\" srcset=\"https:\/\/www.ergocontech.no\/shop\/wp-content\/uploads\/2018\/05\/last-ned-1-copy-1-e1546625063281-1024x291.jpg 1024w, https:\/\/www.ergocontech.no\/shop\/wp-content\/uploads\/2018\/05\/last-ned-1-copy-1-e1546625063281-300x85.jpg 300w, https:\/\/www.ergocontech.no\/shop\/wp-content\/uploads\/2018\/05\/last-ned-1-copy-1-e1546625063281-768x218.jpg 768w, https:\/\/www.ergocontech.no\/shop\/wp-content\/uploads\/2018\/05\/last-ned-1-copy-1-e1546625063281-416x118.jpg 416w, https:\/\/www.ergocontech.no\/shop\/wp-content\/uploads\/2018\/05\/last-ned-1-copy-1-e1546625063281.jpg 1756w\" sizes=\"(max-width: 169px) 100vw, 169px\" \/><\/a><\/p>\n<p><span style=\"color: #ffffff;\">10000033<\/span><\/p>\n","protected":false},"excerpt":{"rendered":"<p>Tr\u00e5dl\u00f8s bluetooth-bryter med 2 ber\u00f8ringsf\u00f8lsomme aktiveringsflater . Gir dobbel tr\u00e5dl\u00f8s brytertilgang.<\/p>\n<p>Opp til 9 meter rekkevidde. Enkel installasjon.<\/p>\n<p>HMS art.nr: 325171<\/p>\n<p><span style=\"color: #0000ff;\">P\u00e5 produsentlager. Estimert leveringstid 11 dager.<\/span><\/p>\n","protected":false},"featured_media":9365,"template":"","meta":[],"product_brand":[],"product_cat":[26,24],"product_tag":[],"class_list":{"0":"post-9361","1":"product","2":"type-product","3":"status-publish","4":"has-post-thumbnail","6":"product_cat-bryterbokser","7":"product_cat-tradlose-brytere","9":"first","10":"instock","11":"taxable","12":"shipping-taxable","13":"purchasable","14":"product-type-simple"},"_links":{"self":[{"href":"https:\/\/www.ergocontech.no\/shop\/wp-json\/wp\/v2\/product\/9361","targetHints":{"allow":["GET"]}}],"collection":[{"href":"https:\/\/www.ergocontech.no\/shop\/wp-json\/wp\/v2\/product"}],"about":[{"href":"https:\/\/www.ergocontech.no\/shop\/wp-json\/wp\/v2\/types\/product"}],"wp:featuredmedia":[{"embeddable":true,"href":"https:\/\/www.ergocontech.no\/shop\/wp-json\/wp\/v2\/media\/9365"}],"wp:attachment":[{"href":"https:\/\/www.ergocontech.no\/shop\/wp-json\/wp\/v2\/media?parent=9361"}],"wp:term":[{"taxonomy":"product_brand","embeddable":true,"href":"https:\/\/www.ergocontech.no\/shop\/wp-json\/wp\/v2\/product_brand?post=9361"},{"taxonomy":"product_cat","embeddable":true,"href":"https:\/\/www.ergocontech.no\/shop\/wp-json\/wp\/v2\/product_cat?post=9361"},{"taxonomy":"product_tag","embeddable":true,"href":"https:\/\/www.ergocontech.no\/shop\/wp-json\/wp\/v2\/product_tag?post=9361"}],"curies":[{"name":"wp","href":"https:\/\/api.w.org\/{rel}","templated":true}]}}