{"id":9274,"date":"2023-12-02T18:39:21","date_gmt":"2023-12-02T17:39:21","guid":{"rendered":"https:\/\/www.ergocontech.no\/shop\/?post_type=product&#038;p=9274"},"modified":"2025-01-06T12:06:56","modified_gmt":"2025-01-06T11:06:56","slug":"all-turn-it-spinner","status":"publish","type":"product","link":"https:\/\/www.ergocontech.no\/shop\/produkt\/all-turn-it-spinner\/","title":{"rendered":"All Turn It Spinner"},"content":{"rendered":"<p><iframe title=\"Getting Started With The AbleNet All-Turn-It Spinner\" width=\"980\" height=\"551\" src=\"https:\/\/www.youtube.com\/embed\/YKSAoXkT8IQ?feature=oembed\" frameborder=\"0\" allow=\"accelerometer; autoplay; clipboard-write; encrypted-media; gyroscope; picture-in-picture; web-share\" referrerpolicy=\"strict-origin-when-cross-origin\" allowfullscreen><\/iframe><\/p>\n<p><span style=\"color: #ffffff;\">10070003<\/span><\/p>\n","protected":false},"excerpt":{"rendered":"<p>All-Turn-It Spinner muliggj\u00f8r tilfeldige terningkast for ulike spill gjennom \u00e5 trykke p\u00e5 bryter p\u00e5 enheten, eller koble til en kablet bryter. Pilen og den innerste skiven spinner ved aktivering. Drives med to C-batterier (ikke inkludert).<\/p>\n<p><span style=\"color: #0000ff;\">P\u00e5 produsentlager. Estimert leveringstid 11 dager.<\/span><\/p>\n","protected":false},"featured_media":9275,"template":"","meta":[],"product_brand":[],"product_cat":[32],"product_tag":[],"class_list":{"0":"post-9274","1":"product","2":"type-product","3":"status-publish","4":"has-post-thumbnail","6":"product_cat-gaming","8":"first","9":"instock","10":"taxable","11":"shipping-taxable","12":"purchasable","13":"product-type-simple"},"_links":{"self":[{"href":"https:\/\/www.ergocontech.no\/shop\/wp-json\/wp\/v2\/product\/9274","targetHints":{"allow":["GET"]}}],"collection":[{"href":"https:\/\/www.ergocontech.no\/shop\/wp-json\/wp\/v2\/product"}],"about":[{"href":"https:\/\/www.ergocontech.no\/shop\/wp-json\/wp\/v2\/types\/product"}],"wp:featuredmedia":[{"embeddable":true,"href":"https:\/\/www.ergocontech.no\/shop\/wp-json\/wp\/v2\/media\/9275"}],"wp:attachment":[{"href":"https:\/\/www.ergocontech.no\/shop\/wp-json\/wp\/v2\/media?parent=9274"}],"wp:term":[{"taxonomy":"product_brand","embeddable":true,"href":"https:\/\/www.ergocontech.no\/shop\/wp-json\/wp\/v2\/product_brand?post=9274"},{"taxonomy":"product_cat","embeddable":true,"href":"https:\/\/www.ergocontech.no\/shop\/wp-json\/wp\/v2\/product_cat?post=9274"},{"taxonomy":"product_tag","embeddable":true,"href":"https:\/\/www.ergocontech.no\/shop\/wp-json\/wp\/v2\/product_tag?post=9274"}],"curies":[{"name":"wp","href":"https:\/\/api.w.org\/{rel}","templated":true}]}}