{"id":9263,"date":"2023-11-23T09:58:24","date_gmt":"2023-11-23T08:58:24","guid":{"rendered":"https:\/\/www.ergocontech.no\/shop\/?post_type=product&#038;p=9263"},"modified":"2025-06-25T11:16:55","modified_gmt":"2025-06-25T09:16:55","slug":"4kajo50-d","status":"publish","type":"product","link":"https:\/\/www.ergocontech.no\/shop\/produkt\/4kajo50-d\/","title":{"rendered":"4kajo50 D"},"content":{"rendered":"<p>Bryterplaten er svakt tiltet mot bruker.<br \/>\nMaks h\u00f8yde: 36 mm<br \/>\nMin h\u00f8yde: 24 mm<br \/>\nBredde: 137 mm<br \/>\nDybde: 132 mm<\/p>\n<p>NB! Ikke mulig \u00e5 bytte posisjon p\u00e5 brytere.<\/p>\n<p>&nbsp;<\/p>\n<p><span style=\"color: #ffffff;\">4kajo50d<\/span><\/p>\n","protected":false},"excerpt":{"rendered":"<p>Brytere for gaming med gjenkjennbar design.<\/p>\n<p>4 brytere med 50 mm diameter hver med behagelig klikk. Aktiveringstrykk 150 gram. Montert p\u00e5 solid 3d-printet monteringsplate. Friksjonsbelegg p\u00e5 undersiden. 3.5 mm mono jack-plug til hver av bryterne p\u00e5 platen. Kabellengde 130 cm. 4 hull p\u00e5 undersiden med integrerte gjenger M5 for montering mot monteringsl\u00f8sninger med AMPS-m\u00f8nster med 4 hull. (for eksempel <a href=\"https:\/\/www.ergocontech.no\/shop\/produkt\/ram-ball-adapter-with-amps-plate-c-size\/\">RAM-347U<\/a> eller RAM-202U medf\u00f8lger ikke)<\/p>\n<p>HMS art.nr: 330283<\/p>\n","protected":false},"featured_media":9268,"template":"","meta":[],"product_brand":[],"product_cat":[16,32,84],"product_tag":[],"class_list":{"0":"post-9263","1":"product","2":"type-product","3":"status-publish","4":"has-post-thumbnail","6":"product_cat-brytere","7":"product_cat-gaming","8":"product_cat-nintendoswitch","10":"first","11":"instock","12":"taxable","13":"shipping-taxable","14":"purchasable","15":"product-type-simple"},"_links":{"self":[{"href":"https:\/\/www.ergocontech.no\/shop\/wp-json\/wp\/v2\/product\/9263","targetHints":{"allow":["GET"]}}],"collection":[{"href":"https:\/\/www.ergocontech.no\/shop\/wp-json\/wp\/v2\/product"}],"about":[{"href":"https:\/\/www.ergocontech.no\/shop\/wp-json\/wp\/v2\/types\/product"}],"wp:featuredmedia":[{"embeddable":true,"href":"https:\/\/www.ergocontech.no\/shop\/wp-json\/wp\/v2\/media\/9268"}],"wp:attachment":[{"href":"https:\/\/www.ergocontech.no\/shop\/wp-json\/wp\/v2\/media?parent=9263"}],"wp:term":[{"taxonomy":"product_brand","embeddable":true,"href":"https:\/\/www.ergocontech.no\/shop\/wp-json\/wp\/v2\/product_brand?post=9263"},{"taxonomy":"product_cat","embeddable":true,"href":"https:\/\/www.ergocontech.no\/shop\/wp-json\/wp\/v2\/product_cat?post=9263"},{"taxonomy":"product_tag","embeddable":true,"href":"https:\/\/www.ergocontech.no\/shop\/wp-json\/wp\/v2\/product_tag?post=9263"}],"curies":[{"name":"wp","href":"https:\/\/api.w.org\/{rel}","templated":true}]}}