{"id":9255,"date":"2023-11-22T22:49:00","date_gmt":"2023-11-22T21:49:00","guid":{"rendered":"https:\/\/www.ergocontech.no\/shop\/?post_type=product&#038;p=9255"},"modified":"2025-01-09T09:07:28","modified_gmt":"2025-01-09T08:07:28","slug":"4kajo50-c","status":"publish","type":"product","link":"https:\/\/www.ergocontech.no\/shop\/produkt\/4kajo50-c\/","title":{"rendered":"4kajo50 C"},"content":{"rendered":"<p>Bryterplaten er svakt tiltet mot bruker.<br \/>\nMaks h\u00f8yde: 36 mm<br \/>\nMin h\u00f8yde: 24 mm<br \/>\nBredde: 137 mm<br \/>\nDybde: 132 mm<\/p>\n<p>NB! Ikke mulig \u00e5 bytte posisjon p\u00e5 brytere.<\/p>\n<p><span style=\"color: #ffffff;\">4kajo50c<\/span><\/p>\n","protected":false},"excerpt":{"rendered":"<p>Brytere for gaming med gjenkjennbar design.<\/p>\n<p>4 brytere med 50 mm diameter hver med behagelig klikk. Aktiveringstrykk 150 gram. Montert p\u00e5 solid 3d-printet monteringsplate. Friksjonsbelegg p\u00e5 undersiden. 3.5 mm mono jack-plug til hver av bryterne p\u00e5 platen. Kabellengde 130 cm. 4 hull p\u00e5 undersiden med integrerte gjenger M5 for montering mot monteringsl\u00f8sninger med AMPS-m\u00f8nster med 4 hull. (for eksempel <a href=\"https:\/\/www.ergocontech.no\/shop\/produkt\/ram-ball-adapter-with-amps-plate-c-size\/\">RAM-347U<\/a> eller RAM-202U medf\u00f8lger ikke)<\/p>\n<p>HMS art.nr. 328158<\/p>\n","protected":false},"featured_media":9270,"template":"","meta":[],"product_brand":[],"product_cat":[16,32,82,81],"product_tag":[],"class_list":{"0":"post-9255","1":"product","2":"type-product","3":"status-publish","4":"has-post-thumbnail","6":"product_cat-brytere","7":"product_cat-gaming","8":"product_cat-pc","9":"product_cat-xbox","11":"first","12":"instock","13":"taxable","14":"shipping-taxable","15":"purchasable","16":"product-type-simple"},"_links":{"self":[{"href":"https:\/\/www.ergocontech.no\/shop\/wp-json\/wp\/v2\/product\/9255","targetHints":{"allow":["GET"]}}],"collection":[{"href":"https:\/\/www.ergocontech.no\/shop\/wp-json\/wp\/v2\/product"}],"about":[{"href":"https:\/\/www.ergocontech.no\/shop\/wp-json\/wp\/v2\/types\/product"}],"wp:featuredmedia":[{"embeddable":true,"href":"https:\/\/www.ergocontech.no\/shop\/wp-json\/wp\/v2\/media\/9270"}],"wp:attachment":[{"href":"https:\/\/www.ergocontech.no\/shop\/wp-json\/wp\/v2\/media?parent=9255"}],"wp:term":[{"taxonomy":"product_brand","embeddable":true,"href":"https:\/\/www.ergocontech.no\/shop\/wp-json\/wp\/v2\/product_brand?post=9255"},{"taxonomy":"product_cat","embeddable":true,"href":"https:\/\/www.ergocontech.no\/shop\/wp-json\/wp\/v2\/product_cat?post=9255"},{"taxonomy":"product_tag","embeddable":true,"href":"https:\/\/www.ergocontech.no\/shop\/wp-json\/wp\/v2\/product_tag?post=9255"}],"curies":[{"name":"wp","href":"https:\/\/api.w.org\/{rel}","templated":true}]}}