{"id":9238,"date":"2023-11-22T19:55:09","date_gmt":"2023-11-22T18:55:09","guid":{"rendered":"https:\/\/www.ergocontech.no\/shop\/?post_type=product&#038;p=9238"},"modified":"2025-02-09T14:16:59","modified_gmt":"2025-02-09T13:16:59","slug":"ram-ball-adapter-with-amps-plate-c-size","status":"publish","type":"product","link":"https:\/\/www.ergocontech.no\/shop\/produkt\/ram-ball-adapter-with-amps-plate-c-size\/","title":{"rendered":"RAM\u00ae Ball Adapter with AMPS Plate &#8211; C Size"},"content":{"rendered":"<p>&nbsp;<\/p>\n<p><span style=\"color: #ffffff;\">RAM-347U<\/span><\/p>\n<ul class=\"list-disc pl-4\">\n<li>Rektangul\u00e6r plate med AMPS-hullm\u00f8nster for tilkobling til en rekke enheter<\/li>\n<li>Inkludert C-st\u00f8rrelse 1,5&#8243; RAM\u00ae-gummikule gj\u00f8r det mulig \u00e5 koble til en hvilken som helst C-st\u00f8rrelse RAM\u00ae-dobbelsokkelarm; kule- og sokkelteknologi muliggj\u00f8r nesten uendelig justerbarhet<\/li>\n<li>Laget av pulverlakkert aluminium av marinekvalitet for holdbarhet og p\u00e5litelighet i de mest krevende milj\u00f8ene<\/li>\n<\/ul>\n<div class=\"product-info-wrapper flex flex-col md:flex-row items-top py-4\">\n<h4 class=\"font-medium mb-2 md:mb-0 w-full md:w-2\/5 uppercase md:text-lg text-lg\">HULL M\u00d8NSTER<\/h4>\n<div class=\"flex-1\">\n<p>4-Hole AMPS: 1.181&#8243; x 1.496&#8243;<\/p>\n<\/div>\n<\/div>\n<div class=\"product-info-wrapper flex flex-col md:flex-row items-top py-4\">\n<h4 class=\"font-medium mb-2 md:mb-0 w-full md:w-2\/5 uppercase md:text-lg text-lg\">PLATE ST\u00d8RRELSE<\/h4>\n<div class=\"flex-1\">\n<p>1.69&#8243; x 2&#8243;<\/p>\n<\/div>\n<\/div>\n<div class=\"product-info-wrapper flex flex-col md:flex-row items-top py-4\">\n<h4 class=\"font-medium mb-2 md:mb-0 w-full md:w-2\/5 uppercase md:text-lg text-lg\">BALL ST\u00d8RRELSE<\/h4>\n<div class=\"flex-1\">\n<p>C St\u00f8rrelse (1.5&#8243;)<\/p>\n<\/div>\n<\/div>\n<div class=\"product-info-wrapper flex flex-col md:flex-row items-top py-4\">\n<h4 class=\"font-medium mb-2 md:mb-0 w-full md:w-2\/5 uppercase md:text-lg text-lg\">VEKT KAPASITET<\/h4>\n<div class=\"flex-1\">\n<p>Standard Bruk: 4 lbs (ca. 1.81 kg)<br \/>\nHard Bruk: 3 lbs (ca. 1.36 kg)<\/p>\n<\/div>\n<\/div>\n<div class=\"product-info-wrapper flex flex-col md:flex-row items-top py-4\">\n<h4 class=\"font-medium mb-2 md:mb-0 w-full md:w-2\/5 uppercase md:text-lg text-lg\">MATERIALER<\/h4>\n<div class=\"flex-1\">\n<p>Marin kvalitet Aluminium<\/p>\n<\/div>\n<\/div>\n<div class=\"product-info-wrapper flex flex-col md:flex-row items-top py-4\">\n<h4 class=\"font-medium mb-2 md:mb-0 w-full md:w-2\/5 uppercase md:text-lg text-lg\">PACKAGINGS TYPE<\/h4>\n<div class=\"flex-1\">\n<p>Poly Bag<\/p>\n<\/div>\n<\/div>\n<div class=\"product-info-wrapper flex flex-col md:flex-row items-top py-4\">\n<h4 class=\"font-medium mb-2 md:mb-0 w-full md:w-2\/5 uppercase md:text-lg text-lg\">VEKT<\/h4>\n<div class=\"flex-1 \">\n<p>0.21 lb (ca. 95 gram)<\/p>\n<\/div>\n<\/div>\n","protected":false},"excerpt":{"rendered":"<p>C-kule med rektangul\u00e6r base og hull med AMPS-dimensjoner.<\/p>\n<p>HMS art.nr. 328155<\/p>\n","protected":false},"featured_media":9242,"template":"","meta":[],"product_brand":[],"product_cat":[68,49,85,33],"product_tag":[],"class_list":{"0":"post-9238","1":"product","2":"type-product","3":"status-publish","4":"has-post-thumbnail","6":"product_cat-deler","7":"product_cat-deler-c-kule","8":"product_cat-montering-gaming","9":"product_cat-ram","11":"first","12":"instock","13":"taxable","14":"shipping-taxable","15":"purchasable","16":"product-type-simple"},"_links":{"self":[{"href":"https:\/\/www.ergocontech.no\/shop\/wp-json\/wp\/v2\/product\/9238","targetHints":{"allow":["GET"]}}],"collection":[{"href":"https:\/\/www.ergocontech.no\/shop\/wp-json\/wp\/v2\/product"}],"about":[{"href":"https:\/\/www.ergocontech.no\/shop\/wp-json\/wp\/v2\/types\/product"}],"wp:featuredmedia":[{"embeddable":true,"href":"https:\/\/www.ergocontech.no\/shop\/wp-json\/wp\/v2\/media\/9242"}],"wp:attachment":[{"href":"https:\/\/www.ergocontech.no\/shop\/wp-json\/wp\/v2\/media?parent=9238"}],"wp:term":[{"taxonomy":"product_brand","embeddable":true,"href":"https:\/\/www.ergocontech.no\/shop\/wp-json\/wp\/v2\/product_brand?post=9238"},{"taxonomy":"product_cat","embeddable":true,"href":"https:\/\/www.ergocontech.no\/shop\/wp-json\/wp\/v2\/product_cat?post=9238"},{"taxonomy":"product_tag","embeddable":true,"href":"https:\/\/www.ergocontech.no\/shop\/wp-json\/wp\/v2\/product_tag?post=9238"}],"curies":[{"name":"wp","href":"https:\/\/api.w.org\/{rel}","templated":true}]}}