{"id":9160,"date":"2023-06-24T23:03:49","date_gmt":"2023-06-24T21:03:49","guid":{"rendered":"https:\/\/www.ergocontech.no\/shop\/?post_type=product&#038;p=9160"},"modified":"2024-06-25T14:36:49","modified_gmt":"2024-06-25T12:36:49","slug":"applicator-max","status":"publish","type":"product","link":"https:\/\/www.ergocontech.no\/shop\/produkt\/applicator-max\/","title":{"rendered":"APPlicator MAX"},"content":{"rendered":"<h3 class=\"desc2\">Beskrivelse<\/h3>\n<p><b>APPlicator MAX<\/b> tillater rask og enkel veksling mellom enheter ved hjelp av enten en separat bryter eller et lengre trykk p\u00e5 en av de funksjonelle bryterne.<\/p>\n<h2 class=\"dancing emp\">Visste du?<\/h2>\n<p><b>APPlicator MAX<\/b> inkluderer alle musefunksjoner og sveip opp, ned, venstre og h\u00f8yre, noe som gj\u00f8r den egnet for Bluetooth-aktiverte PC-er og AAC-enheter.<\/p>\n<p>Opptil fire brytere kan konfigureres, som hver er programmerbar med en annen funksjon for hver av enhetene, slik at en enkelt bryter eller sett med brytere kan kontrollere enhetene dine p\u00e5 en rekke forskjellige m\u00e5ter.<\/p>\n<p><b>APPlicator MAX<\/b> har et stort antall funksjoner for \u00e5 gi deg fleksibiliteten du trenger. Riktig konfigurert, <b>APPlicator MAX<\/b> skaper en kraftig metode for s\u00f8ml\u00f8s tilkobling av alle enhetene dine for \u00e5 sikre at du f\u00e5r det beste ut av dem.<\/p>\n<h3 class=\"grn\">Funksjoner )i tillegg til standard APPlikator)<\/h3>\n<ul>\n<li>Lar opptil fire brytere brukes p\u00e5 flere enheter\/apper uten \u00e5 koble til\/programmere p\u00e5 nytt.<\/li>\n<li>Kobles til opptil fire enheter (brukssak for flere enheter).<\/li>\n<li>Alternativt kan settes til Enkelt enhet, brukstilfelle for flere niv\u00e5er (4 niv\u00e5er).<\/li>\n<li>Femte bryter for \u00e5 velge enhet (eller utvidet trykk p\u00e5 en av de fire andre).<\/li>\n<li>Funksjonen til hver bryter kan velges individuelt for hver enhet.<\/li>\n<\/ul>\n<h3 class=\"grn\"><b>APPlicator MAX<\/b> kan konfigureres til \u00e5 fungere p\u00e5 \u00e9n av to forskjellige m\u00e5ter:<\/h3>\n<ul>\n<li style=\"list-style-type: none;\">\n<ul>\n<li><b><u>Multiple Device use-case<\/u><\/b> &#8211; <b>APPlicator MAX <\/b>kobles til opptil fire enheter og kan bytte mellom dem ved hjelp av en dedikert bryter eller et langt trykk p\u00e5 en av de andre bryterne. Nyttig n\u00e5r du har flere enheter du \u00f8nsker \u00e5 kontrollere fra en enkelt bryter, eller sett med brytere.<\/li>\n<\/ul>\n<\/li>\n<\/ul>\n<ul>\n<li><b><u>Enkel enhet, Flere niv\u00e5er brukstilfelle.<\/u><\/b> &#8211; <b>APPlicator MAX<\/b> Max kobles til en enkelt enhet og kan byttes mellom fire niv\u00e5er av bryterfunksjoner, slik at den kan brukes med flere apper som krever forskjellige bryterfunksjoner p\u00e5 samme enhet.<\/li>\n<\/ul>\n<h3 id=\"features\" class=\"title pane-toggler-down\">Egenskaper<\/h3>\n<div class=\"pane-slider content pane-down\">\n<ul class=\"pt_list pt_li_green pt_li_carrow\">\n<li>Kobles til opptil fire enheter (brukssak for flere enheter).<\/li>\n<li>Alternativt kan den settes til Enkelt enhet, brukstilfelle for flere niv\u00e5er (4 niv\u00e5er).<\/li>\n<li>Lar opptil fire brytere brukes p\u00e5 flere enheter\/apper uten \u00e5 koble til\/reprogrammere.<\/li>\n<li>Femte bryter for \u00e5 velge enhet (eller utvidet trykk p\u00e5 en av de fire andre).<\/li>\n<li>Funksjonen til hver bryter kan velges individuelt for hver enhet.<\/li>\n<li>QuickMediaTM-modus gir umiddelbar tilgang til mediespillerfunksjoner p\u00e5 utvalgte enheter.<\/li>\n<li>Ethvert tastaturtastetrykk kan velges.<\/li>\n<li>Fullt sett med musefunksjoner &#8211; venstreklikk, h\u00f8yreklikk, dobbeltklikk, dra og mark\u00f8rbevegelse.<\/li>\n<li>Integrert knapp lar skjermtastaturet vises eller skjules n\u00e5r som helst.<\/li>\n<li>Manuell avsl\u00e5ingsknapp.<\/li>\n<li>Knappl\u00e5sfunksjon for \u00e5 forhindre utilsiktede\/uautoriserte endringer i innstillinger.<\/li>\n<li>Single Shot-innstilling for \u00e5 forhindre flere aktiveringer.<\/li>\n<li>20m (64&#8242;) rekkevidde.<\/li>\n<li>Integrert litium-ion oppladbart batteri, ladet fra enhver USB-kontakt.<\/li>\n<\/ul>\n<\/div>\n<p><a href=\"https:\/\/www.ergocontech.no\/PDF\/APPlicator_MAX.pdf\"><img decoding=\"async\" class=\"alignnone wp-image-778\" src=\"https:\/\/www.ergocontech.no\/shop\/wp-content\/uploads\/2018\/05\/last-ned-1-copy-1-e1546625063281-1024x291.jpg\" alt=\"\" width=\"169\" height=\"48\" srcset=\"https:\/\/www.ergocontech.no\/shop\/wp-content\/uploads\/2018\/05\/last-ned-1-copy-1-e1546625063281-1024x291.jpg 1024w, https:\/\/www.ergocontech.no\/shop\/wp-content\/uploads\/2018\/05\/last-ned-1-copy-1-e1546625063281-300x85.jpg 300w, https:\/\/www.ergocontech.no\/shop\/wp-content\/uploads\/2018\/05\/last-ned-1-copy-1-e1546625063281-768x218.jpg 768w, https:\/\/www.ergocontech.no\/shop\/wp-content\/uploads\/2018\/05\/last-ned-1-copy-1-e1546625063281-416x118.jpg 416w, https:\/\/www.ergocontech.no\/shop\/wp-content\/uploads\/2018\/05\/last-ned-1-copy-1-e1546625063281.jpg 1756w\" sizes=\"(max-width: 169px) 100vw, 169px\" \/><\/a><br \/>\n<span style=\"color: #ffffff;\">APPMAX<\/span><\/p>\n","protected":false},"excerpt":{"rendered":"<p>APPlicator MAX er blitt utviklet for brukere som trenger \u00e5 bruke en eller flere brytere sammen med flere enheter, eller som trenger \u00e5 ha flere niv\u00e5er av innstillinger for bryterne i forskjellige apper. Den kan brukes med opptil fire enheter av alle typer, inkludert kommunikasjonshjelpemidler, iPad\/iPhone, Android-enheter, PC med Bluetooth-st\u00f8tte, Mac, Chromebook og Apple TV.<\/p>\n<p><span style=\"color: #0000ff;\">P\u00e5 produsentlager. Estimert levering 11 dager.<\/span><\/p>\n","protected":false},"featured_media":9165,"template":"","meta":[],"product_brand":[],"product_cat":[26],"product_tag":[],"class_list":{"0":"post-9160","1":"product","2":"type-product","3":"status-publish","4":"has-post-thumbnail","6":"product_cat-bryterbokser","8":"first","9":"instock","10":"taxable","11":"shipping-taxable","12":"purchasable","13":"product-type-simple"},"_links":{"self":[{"href":"https:\/\/www.ergocontech.no\/shop\/wp-json\/wp\/v2\/product\/9160","targetHints":{"allow":["GET"]}}],"collection":[{"href":"https:\/\/www.ergocontech.no\/shop\/wp-json\/wp\/v2\/product"}],"about":[{"href":"https:\/\/www.ergocontech.no\/shop\/wp-json\/wp\/v2\/types\/product"}],"wp:featuredmedia":[{"embeddable":true,"href":"https:\/\/www.ergocontech.no\/shop\/wp-json\/wp\/v2\/media\/9165"}],"wp:attachment":[{"href":"https:\/\/www.ergocontech.no\/shop\/wp-json\/wp\/v2\/media?parent=9160"}],"wp:term":[{"taxonomy":"product_brand","embeddable":true,"href":"https:\/\/www.ergocontech.no\/shop\/wp-json\/wp\/v2\/product_brand?post=9160"},{"taxonomy":"product_cat","embeddable":true,"href":"https:\/\/www.ergocontech.no\/shop\/wp-json\/wp\/v2\/product_cat?post=9160"},{"taxonomy":"product_tag","embeddable":true,"href":"https:\/\/www.ergocontech.no\/shop\/wp-json\/wp\/v2\/product_tag?post=9160"}],"curies":[{"name":"wp","href":"https:\/\/api.w.org\/{rel}","templated":true}]}}