{"id":9153,"date":"2023-05-25T10:18:47","date_gmt":"2023-05-25T08:18:47","guid":{"rendered":"https:\/\/www.ergocontech.no\/shop\/?post_type=product&#038;p=9153"},"modified":"2024-08-10T12:29:34","modified_gmt":"2024-08-10T10:29:34","slug":"applicator","status":"publish","type":"product","link":"https:\/\/www.ergocontech.no\/shop\/produkt\/applicator\/","title":{"rendered":"APPlicator"},"content":{"rendered":"<p>Den kan brukes med brytertilpassede apper, iOS Switch Control\/Android\u00ae Switch Access eller bare for \u00e5 spille av musikk\/video eller ta bilder. Pretorian APPlicator har v\u00e6rt den foretrukne Bluetooth-switch-tilgangsenheten for b\u00e5de l\u00e6rere, OT-er og helsepersonell siden iPad f\u00f8rst ble tatt i bruk for AT-bruk.<\/p>\n<h2 class=\"dancing emp\">Visste du?<\/h2>\n<p>Du kan bruke hvilken som helst bryter satt til Volum opp for \u00e5 ta bilder eller filme i kameraappen. Hvorfor er det volum opp? Fordi denne knappen er p\u00e5 et lignende sted p\u00e5 en iPhone som lukkeren p\u00e5 et konvensjonelt kamera.<\/p>\n<h3 class=\"dancing emph\">N\u00e5 med ekstra funksjoner kan du virkelig forbedre en vinner!<\/h3>\n<p>Hvis du foretrekker din Bluetooth-tilgangsenhet innebygd i en bryter, b\u00f8r du vurdere iSwitch, som er veldig lik APPlicator, men innebygd i en bryter!<\/p>\n<h4 class=\"grn\">\u00c5 f\u00e5 tilgang til brytertilpassede apper kunne ikke v\u00e6rt enklere<\/h4>\n<ul>\n<li>Par APPlicator med iPad\u00ae ved \u00e5 velge den i Bluetooth-menyen (ingen PIN-oppf\u00f8ring kreves)<\/li>\n<li>Koble eventuelle kablede brytere til en eller flere av de fire programmerbare bryterinngangene.<\/li>\n<li>Bruk den innebygde skjermen til \u00e5 velge funksjonen til hver bryter fra valget av 24 tastatur-\/mediekommandoer. Enhver kombinasjon av bryterfunksjoner er mulig.<\/li>\n<\/ul>\n<h4 class=\"grn\">\u00c5 ta bilder er en lek<\/h4>\n<ul>\n<li>Bare sett en bryter til &laquo;Volum opp&raquo;, og du er klar til \u00e5 ta bilder eller video i Kamera-appen.<\/li>\n<\/ul>\n<h4 class=\"grn\">\u00c5 f\u00e5 tilgang til musikkspillelister er en morsom m\u00e5te \u00e5 l\u00e6re \u00e5rsak og virkning p\u00e5<\/h4>\n<ul>\n<li>Trykk p\u00e5 Quick Media-knappen for forh\u00e5ndskonfigurert tilgang til \u00e5 spille av\/pause, hoppe forover, hoppe tilbake og tidsbestemt avspilling (10 sekunder)<\/li>\n<li>For flere lydfunksjoner, bruk den innebygde skjermen til \u00e5 velge mellom avspilling\/pause, hopp fremover, hopp tilbake, volumjustering, tidsavspilling og demping.<\/li>\n<li>Spill musikk i tidsbestemt avspillingsmodus for \u00e5 legge til interesse og inspirasjon, eller som en &laquo;bel\u00f8nning&raquo; for vellykket gjennomf\u00f8ring av en oppgave.<\/li>\n<\/ul>\n<h4 class=\"grn\">For h\u00f8yere fungerende brukere &#8211; vurder iOS Switch Control<\/h4>\n<ul>\n<li>Sett en eller flere brytere til standard tastaturfunksjoner som mellomrom og enter.<\/li>\n<li>Programmer disse i bryterkontrollmenyen til funksjoner som &laquo;Flytt til neste element&raquo; og &laquo;Velg element&raquo;.<\/li>\n<li>Velg mellom automatisk eller manuell skanning og sl\u00e5 deretter p\u00e5 bryterkontroll.<\/li>\n<li>Verden er n\u00e5 din \u00f8sters \u2013 alle aspekter og fasiliteter p\u00e5 iPad kan n\u00e5s med enten \u00e9n eller to brytere. Klikk p\u00e5 &laquo;videoer&raquo;-fanen nedenfor for mer informasjon.<\/li>\n<\/ul>\n<h4 class=\"grn\">Virker med Eye-Gaze-enheter<\/h4>\n<p>iPadOS15 (og nyere) inkluderer st\u00f8tte for \u00f8ye-blikk-enheter via Assistive Touch. Men fordi Switch Control og Assistive Touch ikke kan v\u00e6re p\u00e5 samtidig, kan ikke \u00f8yeblikk-enheter brukes sammen med brytere konfigurert i Switch Control, men for mange vil dette v\u00e6re den ideelle konfigurasjonen siden den unng\u00e5r forsinkelser for\u00e5rsaket av dveling. For \u00e5 l\u00f8se dette problemet har Pretorian n\u00e5 inkludert museklikk i APPlicator. Disse nye funksjonene gjenkjennes umiddelbart av iPad n\u00e5r Assistive Touch er sl\u00e5tt p\u00e5. B\u00e5de venstreklikk og h\u00f8yreklikk er lagt til, men fordi APPlicator ogs\u00e5 kan brukes p\u00e5 Windows-baserte nettbrett og AAC-enheter, er Double Click ogs\u00e5 inkludert.<\/p>\n<p><a href=\"https:\/\/www.ergocontech.no\/PDF\/APPlicator_II.pdf\"><img decoding=\"async\" class=\"alignnone wp-image-778\" src=\"https:\/\/www.ergocontech.no\/shop\/wp-content\/uploads\/2018\/05\/last-ned-1-copy-1-e1546625063281-1024x291.jpg\" alt=\"\" width=\"169\" height=\"48\" srcset=\"https:\/\/www.ergocontech.no\/shop\/wp-content\/uploads\/2018\/05\/last-ned-1-copy-1-e1546625063281-1024x291.jpg 1024w, https:\/\/www.ergocontech.no\/shop\/wp-content\/uploads\/2018\/05\/last-ned-1-copy-1-e1546625063281-300x85.jpg 300w, https:\/\/www.ergocontech.no\/shop\/wp-content\/uploads\/2018\/05\/last-ned-1-copy-1-e1546625063281-768x218.jpg 768w, https:\/\/www.ergocontech.no\/shop\/wp-content\/uploads\/2018\/05\/last-ned-1-copy-1-e1546625063281-416x118.jpg 416w, https:\/\/www.ergocontech.no\/shop\/wp-content\/uploads\/2018\/05\/last-ned-1-copy-1-e1546625063281.jpg 1756w\" sizes=\"(max-width: 169px) 100vw, 169px\" \/><\/a><\/p>\n<p><span style=\"color: #ffffff;\">APPL<\/span><\/p>\n","protected":false},"excerpt":{"rendered":"<p>Giving comprehensive switch access to iOS Switch Control, Switch Adapted Apps, Music and Camera on any iPad\/iPhone\u00ae or other Bluetooth connected tablet or computer, APPlicator is by far the most flexible Bluetooth switch access device on the market. Now includes mouse clicks too, giving access to iOS via Assistive Touch to work alongside eye-gaze devices.<\/p>\n","protected":false},"featured_media":9158,"template":"","meta":[],"product_brand":[],"product_cat":[26],"product_tag":[],"class_list":{"0":"post-9153","1":"product","2":"type-product","3":"status-publish","4":"has-post-thumbnail","6":"product_cat-bryterbokser","8":"first","9":"instock","10":"taxable","11":"shipping-taxable","12":"purchasable","13":"product-type-simple"},"_links":{"self":[{"href":"https:\/\/www.ergocontech.no\/shop\/wp-json\/wp\/v2\/product\/9153","targetHints":{"allow":["GET"]}}],"collection":[{"href":"https:\/\/www.ergocontech.no\/shop\/wp-json\/wp\/v2\/product"}],"about":[{"href":"https:\/\/www.ergocontech.no\/shop\/wp-json\/wp\/v2\/types\/product"}],"wp:featuredmedia":[{"embeddable":true,"href":"https:\/\/www.ergocontech.no\/shop\/wp-json\/wp\/v2\/media\/9158"}],"wp:attachment":[{"href":"https:\/\/www.ergocontech.no\/shop\/wp-json\/wp\/v2\/media?parent=9153"}],"wp:term":[{"taxonomy":"product_brand","embeddable":true,"href":"https:\/\/www.ergocontech.no\/shop\/wp-json\/wp\/v2\/product_brand?post=9153"},{"taxonomy":"product_cat","embeddable":true,"href":"https:\/\/www.ergocontech.no\/shop\/wp-json\/wp\/v2\/product_cat?post=9153"},{"taxonomy":"product_tag","embeddable":true,"href":"https:\/\/www.ergocontech.no\/shop\/wp-json\/wp\/v2\/product_tag?post=9153"}],"curies":[{"name":"wp","href":"https:\/\/api.w.org\/{rel}","templated":true}]}}