{"id":9131,"date":"2023-04-20T20:57:37","date_gmt":"2023-04-20T18:57:37","guid":{"rendered":"https:\/\/www.ergocontech.no\/shop\/?post_type=product&#038;p=9131"},"modified":"2025-11-13T13:03:58","modified_gmt":"2025-11-13T12:03:58","slug":"smooth-talker","status":"publish","type":"product","link":"https:\/\/www.ergocontech.no\/shop\/produkt\/smooth-talker\/","title":{"rendered":"Smooth Talker"},"content":{"rendered":"<h2 class=\"dancing emp\">Visste du?<\/h2>\n<p>Du kan pare Smooth Talker med iClick for \u00e5 la individuelle meldinger sl\u00e5 p\u00e5 str\u00f8mnettet apparater som en lampe eller musikkspiller. Bruk som bel\u00f8nning for \u00e5 fullf\u00f8re en oppgave eller som en metode for verbalt \u00e5 instruere brukere hvordan de skal fullf\u00f8re en oppgave.<\/p>\n<p>Funksjoner det er mulig \u00e5 velge mellom er:<\/p>\n<ul>\n<li><strong>Sekvensielt<\/strong>\u00a0(SEQUENCE) spill av meldingene i rekkef\u00f8lge, og begynner med den f\u00f8rste.<\/li>\n<li><strong>Tilfeldig\u00a0<\/strong>\u00a0(RANDOM) spiller en tilfeldig melding og er for eksempel flott som \u00e5 sl\u00e5 terning med tale.<\/li>\n<li><strong>Tilfeldig (ingen gjentakelser).<\/strong>\u00a0(RANDOM no repeat)En ny modus som tilfeldig spiller hver melding n\u00f8yaktig \u00e9n gang f\u00f8r du starter p\u00e5 nytt. Perfekt for \u00e5 velge hvem som g\u00e5r neste gang i en gruppeaktivitet, ingen g\u00e5r glipp av og ingen f\u00e5r to ganger!<\/li>\n<li><strong>Valg<\/strong>\u00a0(CHOICE)krever to brytere og brukes til \u00e5 la brukeren velge mellom to elementer eller konsepter. Den andre bryteren kan v\u00e6re kablet eller tr\u00e5dl\u00f8s.<\/li>\n<li><strong>Valgprogresjon<\/strong>\u00a0(CHOICE PROGRESSION)Velg mellom flere par med elementer eller konsepter, for eksempel \u00e5 velge menyelementer.<\/li>\n<li><strong>Fortell<\/strong>\u00a0(CONVERSE) en virkelig unik funksjon som har kommet for \u00e5 definere Smooth Talker med niv\u00e5er. Krever to brytere og lar to brukere gjennomf\u00f8re en toveis samtale uten frykt for at de kommer ut av rekkef\u00f8lgen.<\/li>\n<li><strong>Auditiv foresp\u00f8rsel.<\/strong>\u00a0(PROMT)Bruk den andre bryteren til \u00e5 velge en melding ved \u00e5 s\u00f8ke gjennom dem raskt og med lavt volum. Spill deretter av den valgte meldingen med hovedbryteren p\u00e5 normalt volum.<\/li>\n<li><strong>Sp\u00f8rsm\u00e5l\/svar.<\/strong>\u00a0(Q &amp; A)Ta opp meldingene dine som sp\u00f8rsm\u00e5l og svar, og deretter lar denne modusen sp\u00f8rsm\u00e5let og svaret gjentas flere ganger f\u00f8r du g\u00e5r videre, for \u00e5 tillate gjentakelse og forsterkning.<\/li>\n<\/ul>\n<p>&nbsp;<\/p>\n<p>Utgang til aktivering av leke kan legges til en hvilken som helst melding etter hvert som den blir tatt opp. Selv om det f\u00f8lger med en utgang til leke (3,5 mm jack), er Smooth Talker med niv\u00e5er en SimplyWorks-enhet og kan derfor pares med en SimplyWorks-lekekontroller som Control eller Control Pro, eller kan brukes til \u00e5 sl\u00e5 p\u00e5 et apparat ved \u00e5 pare med\u00a0<a href=\"https:\/\/www.ergocontech.no\/shop\/produkt\/iclick\/\">iClick<\/a>.<\/p>\n<p>&nbsp;<\/p>\n<p>En ytterligere stikkontakt er tilveiebrakt for en andre bryter og brukes i modusene Valg, Omvendt, Auditiv foresp\u00f8rsel og Sp\u00f8rsm\u00e5l\/Svar, eller kan ganske enkelt brukes i stedet for hovedbryteren i sekvensiell eller en av de tilfeldige modusene. Fordi Smooth Talker with Levels er en SimplyWorks-enhet, kan den ogs\u00e5 pares med en tr\u00e5dl\u00f8s bryter. (<a href=\"https:\/\/www.ergocontech.no\/shop\/produkt\/switch-75\/\">Switch 75<\/a>\u00a0eller\u00a0<a href=\"https:\/\/www.ergocontech.no\/shop\/produkt\/switch-125\/\">Switch 125<\/a>)<\/p>\n<p>&nbsp;<\/p>\n<p>Unikt har Smooth Talker muligheten til \u00e5 legge til meldinger til dine eksisterende opptak uten \u00e5 m\u00e5tte slette det du tidligere har spilt inn.<\/p>\n<p>&nbsp;<\/p>\n<p>Smooth Talker er s\u00e5 enkel eller s\u00e5 kompleks som du trenger det \u2013 valget er ditt. Det er noen flotte ressurser p\u00e5 nettet, for eksempel videoer og regneark, s\u00e5 ta en titt p\u00e5 nettstedet v\u00e5rt for \u00e5 se fordelene som Smooth Talker kan gi AAC.<\/p>\n<div><\/div>\n<div id=\"sliders\" class=\"pane-sliders\">\n<div class=\"panel\">\n<h3 id=\"features\" class=\"title pane-toggler-down\">Egenskaper<\/h3>\n<div class=\"pane-slider content pane-down\">\n<ul class=\"pt_list pt_li_green pt_li_carrow\">\n<li>En enorm \u00e5tte minutter med opptak og avspillingstid.<\/li>\n<li>Digital forsterker med doble h\u00f8yttalere for overlegen lydkvalitet.<\/li>\n<li>Innebygd oppladbart litiumbatteri &#8211; lad fra en USB-kontakt. Kan brukes under lading.<\/li>\n<li>Sekvensiell, Tilfeldig, Tilfeldig (ingen repetisjoner), Valg, Valgprogresjon, Samtale, Auditiv foresp\u00f8rsel og Sp\u00f8rsm\u00e5l\/Svar-modus.<\/li>\n<li>Inngangskontakt for \u00e5 koble til en kablet, ekstern bryter, eller alternativt bruk en SimplyWorks tr\u00e5dl\u00f8s bryter.<\/li>\n<li>Tr\u00e5dl\u00f8s lekeaktivering ved hjelp av SimplyWorks-lekekontrollere, eller bruk 3,5 mm leket\u00f8yskontakten.<\/li>\n<li>Kan konfigureres for \u00e5 aktivere et nettdrevet apparat sammen med Energize- eller iClick-str\u00f8mkontrollere.<\/li>\n<li>Innebygd symbolholder.<\/li>\n<li>Stort (125 mm), lav profil, bryteraktiveringsomr\u00e5de.<\/li>\n<li>Brytertopp kan ikke fjernes av bruker &#8211; forhindrer distraksjon (fargede topper kan kun skiftes med verkt\u00f8y).<\/li>\n<\/ul>\n<\/div>\n<\/div>\n<\/div>\n<p><span style=\"color: #ffffff;\">STR<\/span><\/p>\n<p>&nbsp;<\/p>\n<p><a href=\"https:\/\/www.ergocontech.no\/PDF\/Smooth-Talker2.pdf\"><img decoding=\"async\" class=\"alignnone wp-image-778\" src=\"https:\/\/www.ergocontech.no\/shop\/wp-content\/uploads\/2018\/05\/last-ned-1-copy-1-e1546625063281-1024x291.jpg\" alt=\"\" width=\"169\" height=\"48\" srcset=\"https:\/\/www.ergocontech.no\/shop\/wp-content\/uploads\/2018\/05\/last-ned-1-copy-1-e1546625063281-1024x291.jpg 1024w, https:\/\/www.ergocontech.no\/shop\/wp-content\/uploads\/2018\/05\/last-ned-1-copy-1-e1546625063281-300x85.jpg 300w, https:\/\/www.ergocontech.no\/shop\/wp-content\/uploads\/2018\/05\/last-ned-1-copy-1-e1546625063281-768x218.jpg 768w, https:\/\/www.ergocontech.no\/shop\/wp-content\/uploads\/2018\/05\/last-ned-1-copy-1-e1546625063281-416x118.jpg 416w, https:\/\/www.ergocontech.no\/shop\/wp-content\/uploads\/2018\/05\/last-ned-1-copy-1-e1546625063281.jpg 1756w\" sizes=\"(max-width: 169px) 100vw, 169px\" \/><\/a><\/p>\n<h6 class=\"ink\">Download The Smooth Talker Booklet<\/h6>\n<p><a class=\"btn btn-small btn-primary\" href=\"https:\/\/www.pretorianuk.com\/downloads\/Smooth_Talker.pdf\" target=\"_blank\" rel=\"nofollow noopener\">Download Now<\/a><\/p>\n<p><span style=\"color: #ffffff;\">STR<\/span><\/p>\n","protected":false},"excerpt":{"rendered":"<p>Smooth Talker er et av Pretorians flaggskipprodukter og er uten tvil den mest allsidige enkle AAC-enheten p\u00e5 markedet. Nylig redesignet for \u00e5 inkludere enda flere funksjoner, enorme 8 minutters opptakstid og overlegen lydkvalitet, den har n\u00e5 ogs\u00e5 et innebygd oppladbart litiumbatteri som vil gi mange timers bruk mellom ladingene (og viktigere, fortsatt kan brukes mens du lader) , s\u00e5 sparer du penger p\u00e5 batterier.<\/p>\n<p>HMS art.nr: 177899<\/p>\n","protected":false},"featured_media":9135,"template":"","meta":[],"product_brand":[],"product_cat":[64,67],"product_tag":[],"class_list":{"0":"post-9131","1":"product","2":"type-product","3":"status-publish","4":"has-post-thumbnail","6":"product_cat-bryter-med-tale","7":"product_cat-kommunikasjon","9":"first","10":"instock","11":"taxable","12":"shipping-taxable","13":"purchasable","14":"product-type-simple"},"_links":{"self":[{"href":"https:\/\/www.ergocontech.no\/shop\/wp-json\/wp\/v2\/product\/9131","targetHints":{"allow":["GET"]}}],"collection":[{"href":"https:\/\/www.ergocontech.no\/shop\/wp-json\/wp\/v2\/product"}],"about":[{"href":"https:\/\/www.ergocontech.no\/shop\/wp-json\/wp\/v2\/types\/product"}],"wp:featuredmedia":[{"embeddable":true,"href":"https:\/\/www.ergocontech.no\/shop\/wp-json\/wp\/v2\/media\/9135"}],"wp:attachment":[{"href":"https:\/\/www.ergocontech.no\/shop\/wp-json\/wp\/v2\/media?parent=9131"}],"wp:term":[{"taxonomy":"product_brand","embeddable":true,"href":"https:\/\/www.ergocontech.no\/shop\/wp-json\/wp\/v2\/product_brand?post=9131"},{"taxonomy":"product_cat","embeddable":true,"href":"https:\/\/www.ergocontech.no\/shop\/wp-json\/wp\/v2\/product_cat?post=9131"},{"taxonomy":"product_tag","embeddable":true,"href":"https:\/\/www.ergocontech.no\/shop\/wp-json\/wp\/v2\/product_tag?post=9131"}],"curies":[{"name":"wp","href":"https:\/\/api.w.org\/{rel}","templated":true}]}}