{"id":9123,"date":"2023-04-20T20:30:11","date_gmt":"2023-04-20T18:30:11","guid":{"rendered":"https:\/\/www.ergocontech.no\/shop\/?post_type=product&#038;p=9123"},"modified":"2025-11-13T13:03:25","modified_gmt":"2025-11-13T12:03:25","slug":"smooth-talker-with-levels","status":"publish","type":"product","link":"https:\/\/www.ergocontech.no\/shop\/produkt\/smooth-talker-with-levels\/","title":{"rendered":"Smooth Talker with levels"},"content":{"rendered":"<p>Ulike funksjoner det er mulig \u00e5 velge:<\/p>\n<ul>\n<li><strong>Sekvensielt<\/strong> (SEQUENCE) spill av meldingene i rekkef\u00f8lge, og begynner med den f\u00f8rste.<\/li>\n<li><strong>Tilfeldig\u00a0<\/strong> (RANDOM) spiller en tilfeldig melding og er for eksempel flott som \u00e5 sl\u00e5 terning med tale.<\/li>\n<li><strong>Tilfeldig (ingen gjentakelser).<\/strong> (RANDOM no repeat)En ny modus som tilfeldig spiller hver melding n\u00f8yaktig \u00e9n gang f\u00f8r du starter p\u00e5 nytt. Perfekt for \u00e5 velge hvem som g\u00e5r neste gang i en gruppeaktivitet, ingen g\u00e5r glipp av og ingen f\u00e5r to ganger!<\/li>\n<li><strong>Valg<\/strong> (CHOICE)krever to brytere og brukes til \u00e5 la brukeren velge mellom to elementer eller konsepter. Den andre bryteren kan v\u00e6re kablet eller tr\u00e5dl\u00f8s.<\/li>\n<li><strong>Valgprogresjon<\/strong> (CHOICE PROGRESSION)Velg mellom flere par med elementer eller konsepter, for eksempel \u00e5 velge menyelementer.<\/li>\n<li><strong>Fortell<\/strong> (CONVERSE) en virkelig unik funksjon som har kommet for \u00e5 definere Smooth Talker med niv\u00e5er. Krever to brytere og lar to brukere gjennomf\u00f8re en toveis samtale uten frykt for at de kommer ut av rekkef\u00f8lgen.<\/li>\n<li><strong>Auditiv foresp\u00f8rsel.<\/strong> (PROMT)Bruk den andre bryteren til \u00e5 velge en melding ved \u00e5 s\u00f8ke gjennom dem raskt og med lavt volum. Spill deretter av den valgte meldingen med hovedbryteren p\u00e5 normalt volum.<\/li>\n<li><strong>Sp\u00f8rsm\u00e5l\/svar.<\/strong> (Q &amp; A)Ta opp meldingene dine som sp\u00f8rsm\u00e5l og svar, og deretter lar denne modusen sp\u00f8rsm\u00e5let og svaret gjentas flere ganger f\u00f8r du g\u00e5r videre, for \u00e5 tillate gjentakelse og forsterkning.<\/li>\n<\/ul>\n<p>&nbsp;<\/p>\n<p>Utgang til aktivering av leke kan legges til en hvilken som helst melding etter hvert som den blir tatt opp. Selv om det f\u00f8lger med en utgang til leke (3,5 mm jack), er Smooth Talker med niv\u00e5er en SimplyWorks-enhet og kan derfor pares med en SimplyWorks-lekekontroller som Control eller Control Pro, eller kan brukes til \u00e5 sl\u00e5 p\u00e5 et apparat ved \u00e5 pare med <a href=\"https:\/\/www.ergocontech.no\/shop\/produkt\/iclick\/\">iClick<\/a>.<\/p>\n<p>&nbsp;<\/p>\n<p>En ytterligere stikkontakt er tilveiebrakt for en andre bryter og brukes i modusene Valg, Omvendt, Auditiv foresp\u00f8rsel og Sp\u00f8rsm\u00e5l\/Svar, eller kan ganske enkelt brukes i stedet for hovedbryteren i sekvensiell eller en av de tilfeldige modusene. Fordi Smooth Talker with Levels er en SimplyWorks-enhet, kan den ogs\u00e5 pares med en tr\u00e5dl\u00f8s bryter. (<a href=\"https:\/\/www.ergocontech.no\/shop\/produkt\/switch-75\/\">Switch 75<\/a> eller <a href=\"https:\/\/www.ergocontech.no\/shop\/produkt\/switch-125\/\">Switch 125<\/a>)<\/p>\n<p>&nbsp;<\/p>\n<p>Unikt har Smooth Talker med niv\u00e5er muligheten til \u00e5 legge til meldinger til dine eksisterende opptak uten \u00e5 m\u00e5tte slette det du tidligere har spilt inn.<\/p>\n<p>&nbsp;<\/p>\n<p>Smooth Talker med niv\u00e5er er s\u00e5 enkel eller s\u00e5 kompleks som du trenger det \u2013 valget er ditt. Det er noen flotte ressurser p\u00e5 nettet, for eksempel videoer og regneark, s\u00e5 ta en titt p\u00e5 nettstedet v\u00e5rt for \u00e5 se fordelene som Smooth Talker med niv\u00e5er kan gi AAC.<\/p>\n<h3>Egenskaper<\/h3>\n<ul class=\"pt_list pt_li_green pt_li_carrow\">\n<li>Fem niv\u00e5er.<\/li>\n<li>8 minutter med opptak og avspillingstid.<\/li>\n<li>Innebygd oppladbart litiumbatteri &#8211; lad fra en USB-kontakt. Kan brukes under lading.<\/li>\n<li>\u00c5tte avspillingsmoduser.<\/li>\n<li>Digital forsterker og doble h\u00f8yttalere for overlegen lydkvalitet.<\/li>\n<li>Inngangskontakt for ekstern bryter (eller bruk SimplyWorks tr\u00e5dl\u00f8s bryter)<\/li>\n<li>Utgangskontakt for ekstern leket\u00f8y\/apparatkontroll (eller bruk SimplyWorks leket\u00f8y\/apparatkontrollere).<\/li>\n<li>Innebygd symbolholder<\/li>\n<li>Stort (125 mm) bryteraktiveringsomr\u00e5de med lav profil.<\/li>\n<\/ul>\n<p>&nbsp;<\/p>\n<h6 class=\"ink\">Download The Smooth Talker Booklet<\/h6>\n<p><a class=\"btn btn-small btn-primary\" href=\"https:\/\/www.pretorianuk.com\/downloads\/Smooth_Talker.pdf\" target=\"_blank\" rel=\"nofollow noopener\">Download Now<\/a><\/p>\n<p><a href=\"https:\/\/www.ergocontech.no\/PDF\/Smooth-Talker-w_Levels.pdf\"><img decoding=\"async\" class=\"alignnone wp-image-778\" src=\"https:\/\/www.ergocontech.no\/shop\/wp-content\/uploads\/2018\/05\/last-ned-1-copy-1-e1546625063281-1024x291.jpg\" alt=\"\" width=\"169\" height=\"48\" srcset=\"https:\/\/www.ergocontech.no\/shop\/wp-content\/uploads\/2018\/05\/last-ned-1-copy-1-e1546625063281-1024x291.jpg 1024w, https:\/\/www.ergocontech.no\/shop\/wp-content\/uploads\/2018\/05\/last-ned-1-copy-1-e1546625063281-300x85.jpg 300w, https:\/\/www.ergocontech.no\/shop\/wp-content\/uploads\/2018\/05\/last-ned-1-copy-1-e1546625063281-768x218.jpg 768w, https:\/\/www.ergocontech.no\/shop\/wp-content\/uploads\/2018\/05\/last-ned-1-copy-1-e1546625063281-416x118.jpg 416w, https:\/\/www.ergocontech.no\/shop\/wp-content\/uploads\/2018\/05\/last-ned-1-copy-1-e1546625063281.jpg 1756w\" sizes=\"(max-width: 169px) 100vw, 169px\" \/><\/a><\/p>\n<p><span style=\"color: #ffffff;\">1002520<\/span><\/p>\n","protected":false},"excerpt":{"rendered":"<p>Vi har nettopp gjort det beste enda bedre! Alle funksjonene til Smooth Talker men n\u00e5 med 5 adaptive niv\u00e5er. De avanserte minneadministrasjonsfunksjonene i den nye Smooth Talker med niv\u00e5er tildeler minne etter hvert som det brukes, noe som betyr at du kan ha en forskjellig mengde opptakstid p\u00e5 hvert niv\u00e5 for \u00e5 m\u00f8te dine eksakte behov. Den eneste grensen er 8 minutter, fordelt p\u00e5 de fem niv\u00e5ene. S\u00e5, for eksempel, kan du ha fire minutter med meldinger p\u00e5 niv\u00e5 1, og ett minutt p\u00e5 hvert av de andre niv\u00e5ene hvis du \u00f8nsker det, eller en hvilken som helst annen kombinasjon som legger opp til 8 minutter. Minnetildeling skjer automatisk uten inngrep fra brukeren.<\/p>\n<p><strong><span style=\"color: #3366ff;\">P\u00e5 produsentlager: Forventet leveringstid 13 dager.<\/span><\/strong><\/p>\n","protected":false},"featured_media":9128,"template":"","meta":[],"product_brand":[],"product_cat":[64,67],"product_tag":[],"class_list":{"0":"post-9123","1":"product","2":"type-product","3":"status-publish","4":"has-post-thumbnail","6":"product_cat-bryter-med-tale","7":"product_cat-kommunikasjon","9":"first","10":"instock","11":"taxable","12":"shipping-taxable","13":"purchasable","14":"product-type-simple"},"_links":{"self":[{"href":"https:\/\/www.ergocontech.no\/shop\/wp-json\/wp\/v2\/product\/9123","targetHints":{"allow":["GET"]}}],"collection":[{"href":"https:\/\/www.ergocontech.no\/shop\/wp-json\/wp\/v2\/product"}],"about":[{"href":"https:\/\/www.ergocontech.no\/shop\/wp-json\/wp\/v2\/types\/product"}],"wp:featuredmedia":[{"embeddable":true,"href":"https:\/\/www.ergocontech.no\/shop\/wp-json\/wp\/v2\/media\/9128"}],"wp:attachment":[{"href":"https:\/\/www.ergocontech.no\/shop\/wp-json\/wp\/v2\/media?parent=9123"}],"wp:term":[{"taxonomy":"product_brand","embeddable":true,"href":"https:\/\/www.ergocontech.no\/shop\/wp-json\/wp\/v2\/product_brand?post=9123"},{"taxonomy":"product_cat","embeddable":true,"href":"https:\/\/www.ergocontech.no\/shop\/wp-json\/wp\/v2\/product_cat?post=9123"},{"taxonomy":"product_tag","embeddable":true,"href":"https:\/\/www.ergocontech.no\/shop\/wp-json\/wp\/v2\/product_tag?post=9123"}],"curies":[{"name":"wp","href":"https:\/\/api.w.org\/{rel}","templated":true}]}}