{"id":9117,"date":"2023-04-20T20:10:13","date_gmt":"2023-04-20T18:10:13","guid":{"rendered":"https:\/\/www.ergocontech.no\/shop\/?post_type=product&#038;p=9117"},"modified":"2025-03-10T19:27:13","modified_gmt":"2025-03-10T18:27:13","slug":"quicktalker-feathertouch-12","status":"publish","type":"product","link":"https:\/\/www.ergocontech.no\/shop\/produkt\/quicktalker-feathertouch-12\/","title":{"rendered":"QuickTalker FeatherTouch 12"},"content":{"rendered":"<h4 class=\"font-blue bold\">Vanlige bruksomr\u00e5der<\/h4>\n<ul>\n<li>For de tre kjernemeldingene som er like p\u00e5 alle opptaksniv\u00e5er, ta opp vanlige foresp\u00f8rsler som &laquo;Jeg trenger hjelp&raquo;, &laquo;Jeg trenger \u00e5 bruke badet&raquo; og &laquo;Jeg er t\u00f8rst&raquo;<\/li>\n<li>Ta opp meldinger som &laquo;snu siden&raquo;, &laquo;se&raquo;, &laquo;Jeg liker dette&raquo; og &laquo;Jeg vil slutte&raquo; for bruk n\u00e5r du leser en bok<\/li>\n<li>Bruk hvert opptaksniv\u00e5 til \u00e5 ta opp meldinger basert p\u00e5 milj\u00f8et som klasserommet, lunsjrommet, lekeplassen, bussen og hjemme<\/li>\n<\/ul>\n<h4 class=\"font-blue bold\">Egenskaper<\/h4>\n<ul>\n<li>Bedre enn noensinne digital lydutgang som passer for nesten alle milj\u00f8er<\/li>\n<li>Inkluderer tre kjernemeldinger som er de samme p\u00e5 alle opptaksniv\u00e5er<\/li>\n<li>Inkluderer 9 meldinger som er forskjellige p\u00e5 hvert opptaksniv\u00e5<\/li>\n<\/ul>\n<h4 class=\"font-blue bold\">Symboloverlegg<\/h4>\n<p>Symboloverlegg er ikke inkludert i QuickTalker FeatherTouch 23. Last ned den gratis free <a href=\"https:\/\/apps.apple.com\/us\/app\/symbol-overlay-maker\/id1510255596\">AbleNet Symbol Overlay app<\/a> for iPad for \u00e5 lage symboloverlegg for AbleNet-taleenheten din.<\/p>\n<ul>\n<li>Meldinger \/ opptaksniv\u00e5er: 9 + 3 kjerner \/ 5<\/li>\n<li>Opptakstid: 12 min<\/li>\n<li>Bryterinngang: Nei<\/li>\n<li>Leket\u00f8y\/apparat\/ECU-utgang: Nei<\/li>\n<li>Aktiveringsoverflate: 3 kjernemeldinger &#8211; 8,6 x 6,7 cm; 9 unike meldinger 5.5 x 4.3 cm<\/li>\n<li>Vekt med batteri: 748-g<\/li>\n<li>Batteritype: 4 AA (ikke inkludert)<\/li>\n<li>Tilbeh\u00f8r tilgjengelig: Nei<\/li>\n<li>Monteringstilkobling: Nei, inkluderer b\u00e6reh\u00e5ndtak<\/li>\n<li>HCPC-kode: E2502<\/li>\n<\/ul>\n<p><iframe title=\"Getting Started With The AbleNet QuickTalker FeatherTouch 7, 12, and 23 Speech Devices\" width=\"980\" height=\"551\" src=\"https:\/\/www.youtube.com\/embed\/UsRts1t6qDY?feature=oembed\" frameborder=\"0\" allow=\"accelerometer; autoplay; clipboard-write; encrypted-media; gyroscope; picture-in-picture; web-share\" referrerpolicy=\"strict-origin-when-cross-origin\" allowfullscreen><\/iframe><\/p>\n<p><span style=\"color: #ffffff;\">10000037<\/span><\/p>\n<p>&nbsp;<\/p>\n","protected":false},"excerpt":{"rendered":"<p>Kommunikasjonshjelpemidlet gir multimeldingskommunikasjon og er sv\u00e6rt b\u00e6rbar, holdbar og enkel \u00e5 bruke. FeatherTouch-membranen reagerer p\u00e5 de letteste ber\u00f8ringene og de minste fingrene, og gj\u00f8r det enkelt for nesten alle \u00e5 kommunisere. QuickTalker FeatherTouch 12 inkluderer 48 unike meldinger tilgjengelig p\u00e5 fem opptaksniv\u00e5er og gir en person robuste kommunikasjonsmuligheter gjennom dagen.<\/p>\n<p>HMS art.nr: 189322<\/p>\n<p><span style=\"color: #0000ff;\">P\u00e5 produsentlager. Estimert leveringstid 11 dager.<\/span><\/p>\n","protected":false},"featured_media":9116,"template":"","meta":[],"product_brand":[],"product_cat":[67],"product_tag":[],"class_list":{"0":"post-9117","1":"product","2":"type-product","3":"status-publish","4":"has-post-thumbnail","6":"product_cat-kommunikasjon","8":"first","9":"instock","10":"taxable","11":"shipping-taxable","12":"purchasable","13":"product-type-simple"},"_links":{"self":[{"href":"https:\/\/www.ergocontech.no\/shop\/wp-json\/wp\/v2\/product\/9117","targetHints":{"allow":["GET"]}}],"collection":[{"href":"https:\/\/www.ergocontech.no\/shop\/wp-json\/wp\/v2\/product"}],"about":[{"href":"https:\/\/www.ergocontech.no\/shop\/wp-json\/wp\/v2\/types\/product"}],"wp:featuredmedia":[{"embeddable":true,"href":"https:\/\/www.ergocontech.no\/shop\/wp-json\/wp\/v2\/media\/9116"}],"wp:attachment":[{"href":"https:\/\/www.ergocontech.no\/shop\/wp-json\/wp\/v2\/media?parent=9117"}],"wp:term":[{"taxonomy":"product_brand","embeddable":true,"href":"https:\/\/www.ergocontech.no\/shop\/wp-json\/wp\/v2\/product_brand?post=9117"},{"taxonomy":"product_cat","embeddable":true,"href":"https:\/\/www.ergocontech.no\/shop\/wp-json\/wp\/v2\/product_cat?post=9117"},{"taxonomy":"product_tag","embeddable":true,"href":"https:\/\/www.ergocontech.no\/shop\/wp-json\/wp\/v2\/product_tag?post=9117"}],"curies":[{"name":"wp","href":"https:\/\/api.w.org\/{rel}","templated":true}]}}