{"id":9095,"date":"2023-01-31T08:49:54","date_gmt":"2023-01-31T07:49:54","guid":{"rendered":"https:\/\/www.ergocontech.no\/shop\/?post_type=product&#038;p=9095"},"modified":"2025-03-16T13:25:37","modified_gmt":"2025-03-16T12:25:37","slug":"blueline","status":"publish","type":"product","link":"https:\/\/www.ergocontech.no\/shop\/produkt\/blueline\/","title":{"rendered":"Blueline"},"content":{"rendered":"<p>BlueLine har tre innfelte knapper og to bryter-kontakter for eksterne brytere, som alle kan konfigureres individuelt i henhold til brukerens presise behov. Enheten st\u00f8tter ogs\u00e5 fire mark\u00f8rhastighetsinnstillinger som kan endres av brukeren. Andre knappealternativer inkluderer sveip til venstre og sveip til h\u00f8yre, som er ideelle for sidevending i tillegg til dra-l\u00e5s- og dvel-klikk-funksjoner.<\/p>\n<p>Alle programmerbare funksjoner blir lagret i joysticken og blir automatisk tilbakekalt hver gang enheten brukes, uavhengig av hvilken enhet den brukes p\u00e5.<\/p>\n<p>BlueLine har et innebygd oppladbart litiumbatteri som gir 15 timers konstant bruk mellom ladning. I praksis vil tiden mellom ladning sannsynligvis v\u00e6re flere dager, avhengig av bruk. Enheten leveres med en ladekabel som fungerer via en hvilken som helst USB-kontakt og kan fortsette \u00e5 brukes under ladning.<\/p>\n<p>M\u00e5l 18 x 10 x 12 cm.<\/p>\n<p>Tre grep leveres med joysticken for ekstra fleksibilitet: Standardknott for generell bruk T-h\u00e5ndtak Skumball med stor diameter for brukere som trenger \u00e5 skyve stikka for \u00e5 oppn\u00e5 mark\u00f8rbevegelse. Tillater ogs\u00e5 at joysticken beveges av h\u00e5ndledd eller underarm, for eksempel.<\/p>\n<p><a href=\"https:\/\/www.ergocontech.no\/PDF\/Blueline_Instructions.pdf\"><img decoding=\"async\" class=\"alignnone wp-image-778\" src=\"https:\/\/www.ergocontech.no\/shop\/wp-content\/uploads\/2018\/05\/last-ned-1-copy-1-e1546625063281-1024x291.jpg\" alt=\"\" width=\"169\" height=\"48\" srcset=\"https:\/\/www.ergocontech.no\/shop\/wp-content\/uploads\/2018\/05\/last-ned-1-copy-1-e1546625063281-1024x291.jpg 1024w, https:\/\/www.ergocontech.no\/shop\/wp-content\/uploads\/2018\/05\/last-ned-1-copy-1-e1546625063281-300x85.jpg 300w, https:\/\/www.ergocontech.no\/shop\/wp-content\/uploads\/2018\/05\/last-ned-1-copy-1-e1546625063281-768x218.jpg 768w, https:\/\/www.ergocontech.no\/shop\/wp-content\/uploads\/2018\/05\/last-ned-1-copy-1-e1546625063281-416x118.jpg 416w, https:\/\/www.ergocontech.no\/shop\/wp-content\/uploads\/2018\/05\/last-ned-1-copy-1-e1546625063281.jpg 1756w\" sizes=\"(max-width: 169px) 100vw, 169px\" \/><\/a><\/p>\n<p><iframe title=\"Introducing BlueLine by Pretorian - Bluetooth Joystick\" width=\"980\" height=\"551\" src=\"https:\/\/www.youtube.com\/embed\/oy-XcPGjGAI?list=PLDyqOJRL8LTy2AH2cOlpM4p1u5ZZ5LqYv\" frameborder=\"0\" allow=\"accelerometer; autoplay; clipboard-write; encrypted-media; gyroscope; picture-in-picture; web-share\" referrerpolicy=\"strict-origin-when-cross-origin\" allowfullscreen><\/iframe><\/p>\n<p><span style=\"color: #ffffff;\">BLULN<\/span><\/p>\n","protected":false},"excerpt":{"rendered":"<p>Pretorian BlueLine er en kompakt Bluetooth-joystick med tr\u00e5dl\u00f8s tilkobling til datamaskin eller nettbrett som har innebygd Bluetooth. Ideell for tilkobling til iPad eller iPhone ved hjelp av iOS Assistive Touch for \u00e5 gi presis mark\u00f8rbevegelse uten behov for finmotorikk. Gir ogs\u00e5 enkel tilkobling til Android-enheter.<\/p>\n<p>HMS art.nr: 295475<\/p>\n<p><strong style=\"color: blue;\">Forventet leveringstid 9 dager.<\/strong><\/p>\n","protected":false},"featured_media":9105,"template":"","meta":[],"product_brand":[],"product_cat":[42],"product_tag":[],"class_list":{"0":"post-9095","1":"product","2":"type-product","3":"status-publish","4":"has-post-thumbnail","6":"product_cat-mus","8":"first","9":"instock","10":"taxable","11":"shipping-taxable","12":"purchasable","13":"product-type-simple"},"_links":{"self":[{"href":"https:\/\/www.ergocontech.no\/shop\/wp-json\/wp\/v2\/product\/9095","targetHints":{"allow":["GET"]}}],"collection":[{"href":"https:\/\/www.ergocontech.no\/shop\/wp-json\/wp\/v2\/product"}],"about":[{"href":"https:\/\/www.ergocontech.no\/shop\/wp-json\/wp\/v2\/types\/product"}],"wp:featuredmedia":[{"embeddable":true,"href":"https:\/\/www.ergocontech.no\/shop\/wp-json\/wp\/v2\/media\/9105"}],"wp:attachment":[{"href":"https:\/\/www.ergocontech.no\/shop\/wp-json\/wp\/v2\/media?parent=9095"}],"wp:term":[{"taxonomy":"product_brand","embeddable":true,"href":"https:\/\/www.ergocontech.no\/shop\/wp-json\/wp\/v2\/product_brand?post=9095"},{"taxonomy":"product_cat","embeddable":true,"href":"https:\/\/www.ergocontech.no\/shop\/wp-json\/wp\/v2\/product_cat?post=9095"},{"taxonomy":"product_tag","embeddable":true,"href":"https:\/\/www.ergocontech.no\/shop\/wp-json\/wp\/v2\/product_tag?post=9095"}],"curies":[{"name":"wp","href":"https:\/\/api.w.org\/{rel}","templated":true}]}}