{"id":9007,"date":"2022-10-26T10:39:06","date_gmt":"2022-10-26T08:39:06","guid":{"rendered":"https:\/\/www.ergocontech.no\/shop\/?post_type=product&#038;p=9007"},"modified":"2025-03-16T13:21:05","modified_gmt":"2025-03-16T12:21:05","slug":"ultra-joystick","status":"publish","type":"product","link":"https:\/\/www.ergocontech.no\/shop\/produkt\/ultra-joystick\/","title":{"rendered":"Ultra Joystick"},"content":{"rendered":"<p>Ultra Joystick er designet for montering. Liten st\u00f8rrelse og mulighet for eksterne brytere, gj\u00f8r den ideell for bruk sittende i rullestol.<\/p>\n<p>To 3,5 mm jack uttak, gj\u00f8r at alle typer brytere kan brukes sammen med Ultra Joystick, og funksjonen til hver av bryterne kan programmeres til \u00e5 v\u00e6re en hvilken som helst kombinasjon av venstreklikk, h\u00f8yreklikk, dobbeltklikk eller dra. Alternativt, for brukere som synes det er vanskelig \u00e5 bruke brytere, kan en Dwell Click-funksjon programmeres slik at Ultra Joystick kan brukes helt uten brytere.<\/p>\n<p>Fire mark\u00f8rhastighetsinnstillinger er tilgjengelige, og alle innstillinger lagres i joysticken og hentes frem hver gang enheten sl\u00e5s p\u00e5.<\/p>\n<p>Ultra er kompatibel for spill enten ved \u00e5 koble til en PC eller via en adaptiv kontroller til en spillkonsoll.<\/p>\n<p>Som med alle Pretorian USB-produkter, kreves det ingen drivere hvilket gj\u00f8r installasjonen enkel.<\/p>\n<p>Ultra Joystick leveres med ulike utskiftbare knotter.<\/p>\n<ul class=\"pt_list pt_li_green pt_li_carrow\">\n<li>Dimensioner: 60mm diameter x 110mm<\/li>\n<li>Avstand mellom skruehull M4: 1,25&#8243; (31,75 mm)<\/li>\n<li>Passer sammen med: <a href=\"https:\/\/www.ergocontech.no\/shop\/produkt\/monteringsplate-n4\/\">Monteringsplate N4<\/a> Art.nr: 1002540<\/li>\n<\/ul>\n<p>&nbsp;<\/p>\n<table>\n<tbody>\n<tr>\n<td><a href=\"https:\/\/www.pretorianuk.com\/images\/datasheets\/Ultra_Joystick.pdf\"><img decoding=\"async\" class=\"alignnone wp-image-778\" src=\"https:\/\/www.ergocontech.no\/shop\/wp-content\/uploads\/2018\/05\/last-ned-1-copy-1-e1546625063281-1024x291.jpg\" alt=\"\" width=\"169\" height=\"48\" srcset=\"https:\/\/www.ergocontech.no\/shop\/wp-content\/uploads\/2018\/05\/last-ned-1-copy-1-e1546625063281-1024x291.jpg 1024w, https:\/\/www.ergocontech.no\/shop\/wp-content\/uploads\/2018\/05\/last-ned-1-copy-1-e1546625063281-300x85.jpg 300w, https:\/\/www.ergocontech.no\/shop\/wp-content\/uploads\/2018\/05\/last-ned-1-copy-1-e1546625063281-768x218.jpg 768w, https:\/\/www.ergocontech.no\/shop\/wp-content\/uploads\/2018\/05\/last-ned-1-copy-1-e1546625063281-416x118.jpg 416w, https:\/\/www.ergocontech.no\/shop\/wp-content\/uploads\/2018\/05\/last-ned-1-copy-1-e1546625063281.jpg 1756w\" sizes=\"(max-width: 169px) 100vw, 169px\" \/> Manual PC<\/a><\/td>\n<td><a href=\"https:\/\/www.pretorianuk.com\/images\/datasheets\/Ultra_Joystick_-_Gaming.pdf\"><img decoding=\"async\" class=\"alignnone wp-image-778\" src=\"https:\/\/www.ergocontech.no\/shop\/wp-content\/uploads\/2018\/05\/last-ned-1-copy-1-e1546625063281-1024x291.jpg\" alt=\"\" width=\"169\" height=\"48\" srcset=\"https:\/\/www.ergocontech.no\/shop\/wp-content\/uploads\/2018\/05\/last-ned-1-copy-1-e1546625063281-1024x291.jpg 1024w, https:\/\/www.ergocontech.no\/shop\/wp-content\/uploads\/2018\/05\/last-ned-1-copy-1-e1546625063281-300x85.jpg 300w, https:\/\/www.ergocontech.no\/shop\/wp-content\/uploads\/2018\/05\/last-ned-1-copy-1-e1546625063281-768x218.jpg 768w, https:\/\/www.ergocontech.no\/shop\/wp-content\/uploads\/2018\/05\/last-ned-1-copy-1-e1546625063281-416x118.jpg 416w, https:\/\/www.ergocontech.no\/shop\/wp-content\/uploads\/2018\/05\/last-ned-1-copy-1-e1546625063281.jpg 1756w\" sizes=\"(max-width: 169px) 100vw, 169px\" \/>Manual Gaming<\/a><\/td>\n<\/tr>\n<\/tbody>\n<\/table>\n<p>&nbsp;<\/p>\n<div id=\"sliders\" class=\"pane-sliders\">\n<div class=\"panel\">\n<div class=\"pane-slider content pane-down\">\n<p><span style=\"color: #ffffff;\">ULTRA<\/span><\/p>\n<\/div>\n<\/div>\n<\/div>\n","protected":false},"excerpt":{"rendered":"<p>Ultra Joystick er en veldig kompakt, robust USB-joystick som er ideell for bruk med monteringssystemer, spesielt n\u00e5r den betjenes av brukerens hode eller hake. Joystickens kropp, inkludert de gjengede monteringshullene, er laget utelukkende av metall, noe som gj\u00f8r enheten ekstremt robust. Kompatibel med <a href=\"https:\/\/www.ergocontech.no\/shop\/produkt\/flex-controller\/\">Flex Controller<\/a> og Xbox Adaptive Controller.<\/p>\n<p>HMS art.nr. 312976<\/p>\n<p><strong style=\"color: blue;\">P\u00e5 produsentlager: Forventet leveringstid 13 dager.<\/strong><\/p>\n","protected":false},"featured_media":9011,"template":"","meta":[],"product_brand":[],"product_cat":[32,80,42,84,82,81],"product_tag":[],"class_list":{"0":"post-9007","1":"product","2":"type-product","3":"status-publish","4":"has-post-thumbnail","6":"product_cat-gaming","7":"product_cat-joystick","8":"product_cat-mus","9":"product_cat-nintendoswitch","10":"product_cat-pc","11":"product_cat-xbox","13":"first","14":"instock","15":"taxable","16":"shipping-taxable","17":"purchasable","18":"product-type-simple"},"_links":{"self":[{"href":"https:\/\/www.ergocontech.no\/shop\/wp-json\/wp\/v2\/product\/9007","targetHints":{"allow":["GET"]}}],"collection":[{"href":"https:\/\/www.ergocontech.no\/shop\/wp-json\/wp\/v2\/product"}],"about":[{"href":"https:\/\/www.ergocontech.no\/shop\/wp-json\/wp\/v2\/types\/product"}],"wp:featuredmedia":[{"embeddable":true,"href":"https:\/\/www.ergocontech.no\/shop\/wp-json\/wp\/v2\/media\/9011"}],"wp:attachment":[{"href":"https:\/\/www.ergocontech.no\/shop\/wp-json\/wp\/v2\/media?parent=9007"}],"wp:term":[{"taxonomy":"product_brand","embeddable":true,"href":"https:\/\/www.ergocontech.no\/shop\/wp-json\/wp\/v2\/product_brand?post=9007"},{"taxonomy":"product_cat","embeddable":true,"href":"https:\/\/www.ergocontech.no\/shop\/wp-json\/wp\/v2\/product_cat?post=9007"},{"taxonomy":"product_tag","embeddable":true,"href":"https:\/\/www.ergocontech.no\/shop\/wp-json\/wp\/v2\/product_tag?post=9007"}],"curies":[{"name":"wp","href":"https:\/\/api.w.org\/{rel}","templated":true}]}}