{"id":8972,"date":"2022-07-30T12:16:04","date_gmt":"2022-07-30T10:16:04","guid":{"rendered":"https:\/\/www.ergocontech.no\/shop\/?post_type=product&#038;p=8972"},"modified":"2025-03-16T14:43:56","modified_gmt":"2025-03-16T13:43:56","slug":"icontrol","status":"publish","type":"product","link":"https:\/\/www.ergocontech.no\/shop\/produkt\/icontrol\/","title":{"rendered":"iControl"},"content":{"rendered":"<p>Appen har mange funksjoner for \u00e5 gj\u00f8re l\u00e6ringsmilj\u00f8et morsomt og effektivt. Velg for eksempel fargen p\u00e5 hver bryter eller bytt ut bryteren med et bilde tatt med iPads innebygde kamera eller valgt fra enhetens eksisterende bildegalleri. Appen kan ogs\u00e5 skannes ved hjelp av iOS Switch Control av brukere som ikke kan bruke ber\u00f8ringsskjermen.<\/p>\n<p><strong>Direct &#8211;<\/strong> leke\/apparat er drevet s\u00e5 lenge brukeren ber\u00f8rer bryteren p\u00e5 iPad-skjermen &#8211; en fin m\u00e5te \u00e5 l\u00e6re \u00e5rsak og virkning.<\/p>\n<p><strong>Latching &#8211;<\/strong> Trykk \u00e9n gang for p\u00e5 og igjen for av.<\/p>\n<p><strong>Timed<\/strong> \u2013 Ett trykk sl\u00e5r p\u00e5 leket\u00f8yet i en periode bestemt i appen, fra s\u00e5 lite som 1 sekund til 250 minutter.<\/p>\n<p><strong>Cooperation<\/strong> &#8211; Krever at to brukere ber\u00f8rer en bryter hver for at leken skal sl\u00e5 seg p\u00e5. Flott for \u00e5 l\u00e6re sosiale ferdigheter og samarbeidslek.<\/p>\n<p><strong>On\/off<\/strong>&#8211; En bryter sl\u00e5r p\u00e5 leken og den andre sl\u00e5r den av.<\/p>\n<p>iControl har to 3,5 mm tilkoblinger slik at leket\u00f8yet eller andre apparater kan kobles til.<\/p>\n<p>Merk &#8211; Krever iPad 3, iPad Mini, iPad Air, iPad Pro eller nyere. Fungerer ikke med f\u00f8rstegenerasjons iPad eller iPad 2. iClick og iControl bruker Bluetooth Low Energy (Bluetooth 4.0) for \u00e5 kommunisere med iPad. Denne funksjonen ble introdusert med iPad 3 og iPad Air og er ogs\u00e5 tilgjengelig p\u00e5 alle iPad Mini. Tidligere enheter vil ikke fungere.<\/p>\n<div id=\"sliders\" class=\"pane-sliders\">\n<div class=\"panel\">\n<div class=\"pane-slider content pane-down\">\n<p><a href=\"https:\/\/www.ergocontech.no\/PDF\/iClick_(EU).pdf\"><img decoding=\"async\" class=\"alignnone wp-image-778\" src=\"https:\/\/www.ergocontech.no\/shop\/wp-content\/uploads\/2018\/05\/last-ned-1-copy-1-e1546625063281-1024x291.jpg\" alt=\"\" width=\"169\" height=\"48\" srcset=\"https:\/\/www.ergocontech.no\/shop\/wp-content\/uploads\/2018\/05\/last-ned-1-copy-1-e1546625063281-1024x291.jpg 1024w, https:\/\/www.ergocontech.no\/shop\/wp-content\/uploads\/2018\/05\/last-ned-1-copy-1-e1546625063281-300x85.jpg 300w, https:\/\/www.ergocontech.no\/shop\/wp-content\/uploads\/2018\/05\/last-ned-1-copy-1-e1546625063281-768x218.jpg 768w, https:\/\/www.ergocontech.no\/shop\/wp-content\/uploads\/2018\/05\/last-ned-1-copy-1-e1546625063281-416x118.jpg 416w, https:\/\/www.ergocontech.no\/shop\/wp-content\/uploads\/2018\/05\/last-ned-1-copy-1-e1546625063281.jpg 1756w\" sizes=\"(max-width: 169px) 100vw, 169px\" \/><\/a><\/p>\n<p><span style=\"color: #ffffff;\">ICTRL<\/span><\/p>\n<\/div>\n<\/div>\n<\/div>\n","protected":false},"excerpt":{"rendered":"<p>N\u00e5 er det mulig \u00e5 kontrollere leker og andre batteridrevne apparater fra iPaden din.<\/p>\n<p>Den innovative iControl lar deg sl\u00e5 batterileker og andre drevne apparater av og p\u00e5 tr\u00e5dl\u00f8st ved \u00e5 bruke en gratis app p\u00e5 iPaden din. \u00a0(<a href=\"https:\/\/apps.apple.com\/us\/app\/i-click\/id1110677945\">iClick-appen<\/a>, tilgjengelig fra App Store.)<\/p>\n<p>Koble favorittleken din eller andre sm\u00e5 batteridrevne apparater til iControl og kontroller den fra iPaden.<\/p>\n<p><strong style=\"color: blue;\">P\u00e5 produsentlager: Forventet leveringstid 11 dager.<\/strong><\/p>\n","protected":false},"featured_media":8973,"template":"","meta":[],"product_brand":[],"product_cat":[66],"product_tag":[],"class_list":{"0":"post-8972","1":"product","2":"type-product","3":"status-publish","4":"has-post-thumbnail","6":"product_cat-mottakere","8":"first","9":"instock","10":"taxable","11":"shipping-taxable","12":"purchasable","13":"product-type-simple"},"_links":{"self":[{"href":"https:\/\/www.ergocontech.no\/shop\/wp-json\/wp\/v2\/product\/8972","targetHints":{"allow":["GET"]}}],"collection":[{"href":"https:\/\/www.ergocontech.no\/shop\/wp-json\/wp\/v2\/product"}],"about":[{"href":"https:\/\/www.ergocontech.no\/shop\/wp-json\/wp\/v2\/types\/product"}],"wp:featuredmedia":[{"embeddable":true,"href":"https:\/\/www.ergocontech.no\/shop\/wp-json\/wp\/v2\/media\/8973"}],"wp:attachment":[{"href":"https:\/\/www.ergocontech.no\/shop\/wp-json\/wp\/v2\/media?parent=8972"}],"wp:term":[{"taxonomy":"product_brand","embeddable":true,"href":"https:\/\/www.ergocontech.no\/shop\/wp-json\/wp\/v2\/product_brand?post=8972"},{"taxonomy":"product_cat","embeddable":true,"href":"https:\/\/www.ergocontech.no\/shop\/wp-json\/wp\/v2\/product_cat?post=8972"},{"taxonomy":"product_tag","embeddable":true,"href":"https:\/\/www.ergocontech.no\/shop\/wp-json\/wp\/v2\/product_tag?post=8972"}],"curies":[{"name":"wp","href":"https:\/\/api.w.org\/{rel}","templated":true}]}}