{"id":8949,"date":"2022-06-21T19:53:20","date_gmt":"2022-06-21T17:53:20","guid":{"rendered":"https:\/\/www.ergocontech.no\/shop\/?post_type=product&#038;p=8949"},"modified":"2025-03-16T13:41:52","modified_gmt":"2025-03-16T12:41:52","slug":"iclick","status":"publish","type":"product","link":"https:\/\/www.ergocontech.no\/shop\/produkt\/iclick\/","title":{"rendered":"iClick"},"content":{"rendered":"<p>Appen har mange funksjoner for \u00e5 gj\u00f8re l\u00e6ringsmilj\u00f8et morsomt og effektivt. Velg for eksempel fargen p\u00e5 hver bryter eller bytt bryteren ut med et bilde tatt med iPads innebygde kamera eller valgt fra enhetens eksisterende bildegalleri. Appen kan ogs\u00e5 skannes med iOS Switch Control av brukere som ikke kan bruke ber\u00f8ringsskjermen.<\/p>\n<p>Fordi det ikke er noen fysisk forbindelse mellom iPad og iClick eller apparatene, f\u00e5r brukeren maksimalt mulig sikkerhetsniv\u00e5. iClick st\u00f8tter ogs\u00e5 fullt ut Pretorian SimplyWorks tr\u00e5dl\u00f8se brytere og alle typer kablede brytere via de to 3,5 mm-kontaktene.<\/p>\n<p>iClick-appen er tilgjengelig gratis fra App Store.<\/p>\n<p>St\u00f8tter fullt ut SimplyWorks tr\u00e5dl\u00f8se brytere<\/p>\n<p>To 3,5 mm bryterinngangskontakter for alle typer kablede brytere.<\/p>\n<p>Interferensfri drift p\u00e5 opptil 20 meter (60&#8242;) avstand<\/p>\n<p>Merk &#8211; Krever iPad 3, iPad Mini, iPad Air, iPad Pro eller nyere. Fungerer ikke med f\u00f8rstegenerasjons iPad eller iPad 2. iClick og iControl bruker Bluetooth Low Energy (Bluetooth 4.0) for \u00e5 kommunisere med iPad. Denne funksjonen ble introdusert med iPad 3 og iPad Air og er ogs\u00e5 tilgjengelig p\u00e5 alle iPad Mini. Tidligere enheter vil ikke fungere.<\/p>\n<p><a href=\"https:\/\/www.ergocontech.no\/PDF\/iClick_(EU).pdf\"><img decoding=\"async\" class=\"alignnone wp-image-778\" src=\"https:\/\/www.ergocontech.no\/shop\/wp-content\/uploads\/2018\/05\/last-ned-1-copy-1-e1546625063281-1024x291.jpg\" alt=\"\" width=\"169\" height=\"48\" srcset=\"https:\/\/www.ergocontech.no\/shop\/wp-content\/uploads\/2018\/05\/last-ned-1-copy-1-e1546625063281-1024x291.jpg 1024w, https:\/\/www.ergocontech.no\/shop\/wp-content\/uploads\/2018\/05\/last-ned-1-copy-1-e1546625063281-300x85.jpg 300w, https:\/\/www.ergocontech.no\/shop\/wp-content\/uploads\/2018\/05\/last-ned-1-copy-1-e1546625063281-768x218.jpg 768w, https:\/\/www.ergocontech.no\/shop\/wp-content\/uploads\/2018\/05\/last-ned-1-copy-1-e1546625063281-416x118.jpg 416w, https:\/\/www.ergocontech.no\/shop\/wp-content\/uploads\/2018\/05\/last-ned-1-copy-1-e1546625063281.jpg 1756w\" sizes=\"(max-width: 169px) 100vw, 169px\" \/><\/a><\/p>\n<p><span style=\"color: #ffffff;\">ICLKEU<\/span><\/p>\n","protected":false},"excerpt":{"rendered":"<p>N\u00e5 er det mulig \u00e5 styre elektriske apparater fra din iPad.<\/p>\n<p>Den innovative iClick lar deg sl\u00e5 elektriske apparater p\u00e5 og av tr\u00e5dl\u00f8st ved \u00e5 bruke en gratis app p\u00e5 iPaden. iClick-appen er tilgjengelig i App Store.<\/p>\n<p>Ogs\u00e5 mulig \u00e5 bruke tr\u00e5dl\u00f8se <a href=\"https:\/\/www.ergocontech.no\/shop\/produkt\/switch-75\/\">Switch 75<\/a> og <a href=\"https:\/\/www.ergocontech.no\/shop\/produkt\/switch-125\/\">Switch 125<\/a> eller brytere med kabel.<\/p>\n<p>iClick har to stikkontakter som du kan kontrollere uavhengig.<\/p>\n<p><strong style=\"color: blue;\">P\u00e5 produsentlager: Forventet leveringstid 11 dager.<\/strong><\/p>\n","protected":false},"featured_media":8950,"template":"","meta":[],"product_brand":[],"product_cat":[26],"product_tag":[],"class_list":{"0":"post-8949","1":"product","2":"type-product","3":"status-publish","4":"has-post-thumbnail","6":"product_cat-bryterbokser","8":"first","9":"instock","10":"taxable","11":"shipping-taxable","12":"purchasable","13":"product-type-simple"},"_links":{"self":[{"href":"https:\/\/www.ergocontech.no\/shop\/wp-json\/wp\/v2\/product\/8949","targetHints":{"allow":["GET"]}}],"collection":[{"href":"https:\/\/www.ergocontech.no\/shop\/wp-json\/wp\/v2\/product"}],"about":[{"href":"https:\/\/www.ergocontech.no\/shop\/wp-json\/wp\/v2\/types\/product"}],"wp:featuredmedia":[{"embeddable":true,"href":"https:\/\/www.ergocontech.no\/shop\/wp-json\/wp\/v2\/media\/8950"}],"wp:attachment":[{"href":"https:\/\/www.ergocontech.no\/shop\/wp-json\/wp\/v2\/media?parent=8949"}],"wp:term":[{"taxonomy":"product_brand","embeddable":true,"href":"https:\/\/www.ergocontech.no\/shop\/wp-json\/wp\/v2\/product_brand?post=8949"},{"taxonomy":"product_cat","embeddable":true,"href":"https:\/\/www.ergocontech.no\/shop\/wp-json\/wp\/v2\/product_cat?post=8949"},{"taxonomy":"product_tag","embeddable":true,"href":"https:\/\/www.ergocontech.no\/shop\/wp-json\/wp\/v2\/product_tag?post=8949"}],"curies":[{"name":"wp","href":"https:\/\/api.w.org\/{rel}","templated":true}]}}