{"id":8926,"date":"2022-02-08T18:51:28","date_gmt":"2022-02-08T17:51:28","guid":{"rendered":"https:\/\/www.ergocontech.no\/shop\/?post_type=product&#038;p=8926"},"modified":"2025-03-16T13:43:51","modified_gmt":"2025-03-16T12:43:51","slug":"quester-joystick","status":"publish","type":"product","link":"https:\/\/www.ergocontech.no\/shop\/produkt\/quester-joystick\/","title":{"rendered":"Quester Joystick"},"content":{"rendered":"<p>Quester Joystick er en kompakt, stasjon\u00e6r joystick spesielt designet for PC-spilling der WASD og piltastnavigering brukes. Den fungerer i en av f\u00f8lgende tre moduser, og veksling mellom dem kan enkelt oppn\u00e5s enten ved \u00e5 bruke den midterste knappen eller en bryter koblet til den h\u00f8yre 3,5 mm jack-kontakten:<\/p>\n<ul>\n<li>WASD-modus<\/li>\n<li>Piltastmodus<\/li>\n<li>Musemodus<\/li>\n<\/ul>\n<p>En spiller kan enten bruke modusbryteren for \u00e5 veksle mellom moduser, eller to Quester-joysticker kan kobles til PC-en for \u00e5 la begge betjenes samtidig &#8211; for eksempel kan en v\u00e6re WASD og en kan v\u00e6re musemodus.<\/p>\n<p>Diagonal bevegelse er aktivert som standard, men kan sl\u00e5s av hvis det ikke er n\u00f8dvendig. De to ytre knappene p\u00e5 Quester Joystick fungerer alltid som venstreklikk og h\u00f8yreklikk uansett hvilken modus som er satt.<\/p>\n<p>De to 3,5 mm bryterkontaktene kan konfigureres i l\u00e6remodus for \u00e5 fungere som enten:<\/p>\n<p>Venstreklikk og h\u00f8yreklikk<\/p>\n<p>Space &amp; Enter<\/p>\n<p>Escape &amp; Mode-bryter<\/p>\n<p>&nbsp;<\/p>\n<p>L\u00e6ringsmodus lar brukeren velge antall tilgjengelige driftsmoduser for \u00e5 redusere antall knappetrykk. For eksempel, hvis WASD- og piltastmodus er n\u00f8dvendig, men musemodus ikke er det, kan sistnevnte fjernes slik at modusknappen\/bryteren veksler mellom WASD- og piltastmodus.<\/p>\n<p>L\u00e6ringsmodus lar ogs\u00e5 joysticken konfigureres for venstreh\u00e5ndsbetjening og buzzern aktiveres eller deaktiveres. Alle innstillinger for l\u00e6remodus lagres i innebygd minne og hentes frem hver gang joysticken sl\u00e5s p\u00e5, noe som betyr at innstillingene forblir med joysticken uansett hvilken enhet de er koblet til.<\/p>\n<p>Dimensjoner:<\/p>\n<p>180 x 102 x 112 mm h\u00f8y<\/p>\n<p>H\u00e5ndst\u00f8tteh\u00f8yde ca 35 mm.<\/p>\n<p>Som med alle Pretorian-produkter, krever Quester Joystick ingen drivere \u2013 bare plug and play!<\/p>\n<p>Quester Joystick har ogs\u00e5 en lav profil, som gir en naturlig h\u00e5ndst\u00f8tte for komfortabel betjening, og vil fungere med USB-kompatible datamaskiner av alle typer.<\/p>\n<p>&nbsp;<\/p>\n<div>\n<p><iframe title=\"Sea of Thieves - on the Quester range\" width=\"980\" height=\"551\" src=\"https:\/\/www.youtube.com\/embed\/cRtIFp5c0R8?feature=oembed\" frameborder=\"0\" allow=\"accelerometer; autoplay; clipboard-write; encrypted-media; gyroscope; picture-in-picture; web-share\" referrerpolicy=\"strict-origin-when-cross-origin\" allowfullscreen><\/iframe><\/p>\n<\/div>\n<div><\/div>\n<div class=\"bg-box bg-info\">\n<p><strong>Tre knotter f\u00f8lger med joysticken for ekstra fleksibilitet:<\/strong><\/p>\n<ul>\n<li>Acorn knott for generell bruk<\/li>\n<li>T-Bar-knott for brukere som trenger \u00e5 ta tak i pinnen<\/li>\n<li>Skumball med stor diameter for brukere som trenger \u00e5 skyve pinnen for \u00e5 oppn\u00e5 mark\u00f8rbevegelse. Lar ogs\u00e5 pinnen beveges med for eksempel h\u00e5ndledd eller underarm.<\/li>\n<\/ul>\n<p><strong>Egenskaper<\/strong><\/p>\n<ul>\n<li>Joystick spesielt for PC-spill.<\/li>\n<li>Kan byttes mellom W,A,S,D, piltast (\u2191, \u2193, \u2190, \u2192) og museoperasjon.<\/li>\n<li>Bytt mellom driftsmoduser med midtknapp eller ekstern bryter.<\/li>\n<li>Venstreklikk og H\u00f8yreklikk tilgjengelig i alle driftsmoduser.<\/li>\n<li>Fire mark\u00f8rhastighetsinnstillinger for musedrift.<\/li>\n<li>To 3,5 mm-sokler, konfigurerbare som venstreklikk\/h\u00f8yreklikk, mellomrom\/Enter eller escape\/modus.<\/li>\n<li>L\u00e6remodus for \u00e5 konfigurere enheten. Innstillinger lagret i ikke-flyktig minne p\u00e5 joysticken.<\/li>\n<li>Enkel &laquo;plug and play&raquo;-installasjon, krever ikke driverprogramvare.<\/li>\n<li>Robust konstruksjon og ergonomisk design.<\/li>\n<li>Lett ber\u00f8ringsbevegelse med joystick (0,5 Newton).<\/li>\n<\/ul>\n<\/div>\n<h3 class=\"desc2\"><a style=\"font-size: 16px;\" href=\"https:\/\/www.ergocontech.no\/PDF\/Quester_Joystick_Instructions.pdf\"><img decoding=\"async\" class=\"alignnone wp-image-778\" src=\"https:\/\/www.ergocontech.no\/shop\/wp-content\/uploads\/2018\/05\/last-ned-1-copy-1-e1546625063281-1024x291.jpg\" alt=\"\" width=\"169\" height=\"48\" srcset=\"https:\/\/www.ergocontech.no\/shop\/wp-content\/uploads\/2018\/05\/last-ned-1-copy-1-e1546625063281-1024x291.jpg 1024w, https:\/\/www.ergocontech.no\/shop\/wp-content\/uploads\/2018\/05\/last-ned-1-copy-1-e1546625063281-300x85.jpg 300w, https:\/\/www.ergocontech.no\/shop\/wp-content\/uploads\/2018\/05\/last-ned-1-copy-1-e1546625063281-768x218.jpg 768w, https:\/\/www.ergocontech.no\/shop\/wp-content\/uploads\/2018\/05\/last-ned-1-copy-1-e1546625063281-416x118.jpg 416w, https:\/\/www.ergocontech.no\/shop\/wp-content\/uploads\/2018\/05\/last-ned-1-copy-1-e1546625063281.jpg 1756w\" sizes=\"(max-width: 169px) 100vw, 169px\" \/><\/a><\/h3>\n<div id=\"sliders\" class=\"pane-sliders\">\n<div class=\"panel\">\n<div class=\"pane-slider content pane-down\">\n<p><span style=\"color: #ffffff;\">QUESTJ<\/span><\/p>\n<\/div>\n<\/div>\n<\/div>\n","protected":false},"excerpt":{"rendered":"<p>Quester Joystick er laget for \u00e5 muliggj\u00f8re ulike bevegelser i PC-spill .<\/p>\n<p>Ulike\u00a0 kommando for bevegelse. WASD, Pil-navigering eller mus-navigering<\/p>\n<p>HMS art.nr. 295672<\/p>\n<p><strong style=\"color: blue;\">P\u00e5 produsentlager: Forventet leveringstid 11 dager.<\/strong><\/p>\n","protected":false},"featured_media":8931,"template":"","meta":[],"product_brand":[],"product_cat":[32,80,42,82],"product_tag":[],"class_list":{"0":"post-8926","1":"product","2":"type-product","3":"status-publish","4":"has-post-thumbnail","6":"product_cat-gaming","7":"product_cat-joystick","8":"product_cat-mus","9":"product_cat-pc","11":"first","12":"instock","13":"taxable","14":"shipping-taxable","15":"purchasable","16":"product-type-simple"},"_links":{"self":[{"href":"https:\/\/www.ergocontech.no\/shop\/wp-json\/wp\/v2\/product\/8926","targetHints":{"allow":["GET"]}}],"collection":[{"href":"https:\/\/www.ergocontech.no\/shop\/wp-json\/wp\/v2\/product"}],"about":[{"href":"https:\/\/www.ergocontech.no\/shop\/wp-json\/wp\/v2\/types\/product"}],"wp:featuredmedia":[{"embeddable":true,"href":"https:\/\/www.ergocontech.no\/shop\/wp-json\/wp\/v2\/media\/8931"}],"wp:attachment":[{"href":"https:\/\/www.ergocontech.no\/shop\/wp-json\/wp\/v2\/media?parent=8926"}],"wp:term":[{"taxonomy":"product_brand","embeddable":true,"href":"https:\/\/www.ergocontech.no\/shop\/wp-json\/wp\/v2\/product_brand?post=8926"},{"taxonomy":"product_cat","embeddable":true,"href":"https:\/\/www.ergocontech.no\/shop\/wp-json\/wp\/v2\/product_cat?post=8926"},{"taxonomy":"product_tag","embeddable":true,"href":"https:\/\/www.ergocontech.no\/shop\/wp-json\/wp\/v2\/product_tag?post=8926"}],"curies":[{"name":"wp","href":"https:\/\/api.w.org\/{rel}","templated":true}]}}