{"id":8901,"date":"2022-02-08T18:48:40","date_gmt":"2022-02-08T17:48:40","guid":{"rendered":"https:\/\/www.ergocontech.no\/shop\/?post_type=product&#038;p=8901"},"modified":"2025-03-16T13:44:34","modified_gmt":"2025-03-16T12:44:34","slug":"quester-switchbox","status":"publish","type":"product","link":"https:\/\/www.ergocontech.no\/shop\/produkt\/quester-switchbox\/","title":{"rendered":"Quester Switchbox"},"content":{"rendered":"<p><strong>Quester Switchbox<\/strong> er en enkel bryterboks med USB tilkobling som gj\u00f8r det mulig \u00e5 bruke brytere ved PC-spilling. Den har 6 tilkoblingsmuligheter for 3,5 mm jack plug, og funksjonene til disse stilles inn ved \u00e5 velge ett av fire niv\u00e5er. Niv\u00e5 1-3 har faste funksjoner, mens i niv\u00e5 4 kan alle programmeres til \u00e5 v\u00e6re en hvilken som helst tast, p\u00e5 tastaturet eller et museklikk, pluss noen spillspesifikke funksjoner som vedvarende trykk (latching) W, A, S eller D (se tabell 2 for en full liste over tilgjengelige funksjoner).<\/p>\n<p>Et syvende 3.5 mm jack er dedikert til \u00e5 endre niv\u00e5 slik at spilleren kan navigere mellom niv\u00e5er uten \u00e5 trenge hjelp. Alternativt kan dette oppn\u00e5s ved \u00e5 bruke en knapp p\u00e5 frontpanelet til Quester Switchbox.<\/p>\n<p>Niv\u00e5 1 og 2 er konfigurert for navigering innenfor en rekke spill, mens Niv\u00e5 3 lar v\u00e5pen velges eller lignende funksjoner, avhengig av spillet. Og p\u00e5 grunn av sin programmerbare natur, kan niv\u00e5 4 v\u00e6re hva du enn trenger det.<\/p>\n<p>Niv\u00e5 4 kan programmeres med en enkel metode som ikke krever at programvare m\u00e5 inn p\u00e5 PC-en. N\u00e5r hvert uttak p\u00e5 niv\u00e5 4 er konfigurert, lagres innstillingene i Quester Switchbox sitt internminne.<\/p>\n<p>Muligheten for vedvarende trykk (latching) W-, A-, S- og D-funksjoner lar spilleren g\u00e5 eller l\u00f8pe i alle retninger i det uendelige, og hendene kan brukes til andre funksjoner. Trege taster (Sticky*) og vedvarende trykk (Latching Modifiers) legger ytterligere til programmerbarheten for \u00e5 tillate unike kombinasjoner av funksjoner \u00e5 lages. Et eksempel p\u00e5 dette kan v\u00e6re hvis du trenger en bryter for \u00e5 utf\u00f8re Sticky Shift, deretter en annen tast, for \u00e5 lage en stor bokstav.<\/p>\n<p>Enheten krever ingen drivere &#8211; bare koble den til en ledig USB-port og spill!<\/p>\n<p>&nbsp;<\/p>\n<table class=\"quest\">\n<tbody>\n<tr>\n<th class=\"q\">Niv\u00e5 1<\/th>\n<th class=\"q\">Niv\u00e5 2<\/th>\n<th class=\"q\">Niv\u00e5 3<\/th>\n<th class=\"q\">Niv\u00e5 4<br \/>\n(Defaults)<\/th>\n<\/tr>\n<tr>\n<td class=\"q\">W<\/td>\n<td class=\"q\"><b>\u2191<\/b><\/td>\n<td class=\"q\">1<\/td>\n<td class=\"q\">Space<\/td>\n<\/tr>\n<tr>\n<td class=\"q\">A<\/td>\n<td class=\"q\"><b>\u27f5<\/b><\/td>\n<td class=\"q\">2<\/td>\n<td class=\"q\">Tab<\/td>\n<\/tr>\n<tr>\n<td class=\"q\">S<\/td>\n<td class=\"q\"><b>\u2193<\/b><\/td>\n<td class=\"q\">3<\/td>\n<td class=\"q\">Shift<\/td>\n<\/tr>\n<tr>\n<td class=\"q\">D<\/td>\n<td class=\"q\"><b>\u27f6<\/b><\/td>\n<td class=\"q\">4<\/td>\n<td class=\"q\">Ctrl<\/td>\n<\/tr>\n<tr>\n<td class=\"q\">Left Click<\/td>\n<td class=\"q\">Escape<\/td>\n<td class=\"q\">5<\/td>\n<td class=\"q\">Latching-w (vedvarende trykk)<\/td>\n<\/tr>\n<tr>\n<td class=\"q\">Right Click<\/td>\n<td class=\"q\">Enter<\/td>\n<td class=\"q\">6<\/td>\n<td class=\"q\">Caps<\/td>\n<\/tr>\n<\/tbody>\n<\/table>\n<p class=\"mid\"><small><i>Tabell 1: Quester Switchbox funksjoner<\/i><\/small><\/p>\n<p><i>*\u00a0<\/i>Trege taster (Sticky modifikatorer) forblir valgt n\u00e5r de trykkes inn til neste bryter er aktivert. For eksempel, programmer en inngang med Sticky (treg tast) og\u00a0 Shift og en annen til w-tasten. Trykk f\u00f8rst og slipp Sticky Shift og trykk deretter w og du f\u00e5r stor W. Et ytterligere trykk p\u00e5 w vil returnere sm\u00e5 bokstaver w, dvs. sticky shift er n\u00e5 avbrutt.<i>\u00a0<\/i><\/p>\n<div>\n<table class=\"quest\">\n<tbody>\n<tr class=\"q\">\n<td>Bokstaver a-z<\/td>\n<\/tr>\n<tr class=\"q\">\n<td>Siffer 0-9<\/td>\n<\/tr>\n<tr class=\"q\">\n<td><b>\u2191\u2193\u2190\u2192<\/b><\/td>\n<\/tr>\n<tr class=\"q\">\n<td>Latching (vedvarende trykk) w, a, s and d<\/td>\n<\/tr>\n<tr class=\"q\">\n<td>Alle skilletegn<\/td>\n<\/tr>\n<tr class=\"q\">\n<td>Kortvarige modifikasjonstaster (Shift, Alt, Ctrl, Gui)<\/td>\n<\/tr>\n<tr class=\"q\">\n<td>Sticky Modifier keys (Trege Modifier-taster)<\/td>\n<\/tr>\n<tr class=\"q\">\n<td>Latching Modifier keys (Vedvarende modifikasjonstaster)<\/td>\n<\/tr>\n<tr class=\"q\">\n<td>F1-F12 taster<\/td>\n<\/tr>\n<tr class=\"q\">\n<td>Space, Backspace, Tab, Escape, Caps<\/td>\n<\/tr>\n<tr class=\"q\">\n<td>Venstre klikk, H\u00f8yre Klikk<\/td>\n<\/tr>\n<\/tbody>\n<\/table>\n<\/div>\n<p class=\"mid\"><small><i>Tabell 2: Tilgjengelige funksjoner p\u00e5 niv\u00e5 4.<\/i><\/small><\/p>\n<p>&nbsp;<\/p>\n<div>\n<p><iframe title=\"Welcome to QUESTER\" width=\"980\" height=\"551\" src=\"https:\/\/www.youtube.com\/embed\/O_zfMP-Px-M?feature=oembed\" frameborder=\"0\" allow=\"accelerometer; autoplay; clipboard-write; encrypted-media; gyroscope; picture-in-picture; web-share\" referrerpolicy=\"strict-origin-when-cross-origin\" allowfullscreen><\/iframe><\/p>\n<\/div>\n<div id=\"sliders\" class=\"pane-sliders\">\n<div class=\"panel\">\n<h3 id=\"features\" class=\"title pane-toggler-down\"><\/h3>\n<div class=\"pane-slider content pane-down\">\n<p><a href=\"https:\/\/www.ergocontech.no\/PDF\/Quester_Switchbox_Instructions.pdf\"><img decoding=\"async\" class=\"alignnone wp-image-778\" src=\"https:\/\/www.ergocontech.no\/shop\/wp-content\/uploads\/2018\/05\/last-ned-1-copy-1-e1546625063281-1024x291.jpg\" alt=\"\" width=\"169\" height=\"48\" srcset=\"https:\/\/www.ergocontech.no\/shop\/wp-content\/uploads\/2018\/05\/last-ned-1-copy-1-e1546625063281-1024x291.jpg 1024w, https:\/\/www.ergocontech.no\/shop\/wp-content\/uploads\/2018\/05\/last-ned-1-copy-1-e1546625063281-300x85.jpg 300w, https:\/\/www.ergocontech.no\/shop\/wp-content\/uploads\/2018\/05\/last-ned-1-copy-1-e1546625063281-768x218.jpg 768w, https:\/\/www.ergocontech.no\/shop\/wp-content\/uploads\/2018\/05\/last-ned-1-copy-1-e1546625063281-416x118.jpg 416w, https:\/\/www.ergocontech.no\/shop\/wp-content\/uploads\/2018\/05\/last-ned-1-copy-1-e1546625063281.jpg 1756w\" sizes=\"(max-width: 169px) 100vw, 169px\" \/><\/a><\/p>\n<p><span style=\"color: #ffffff;\">QUESTSB<\/span><\/p>\n<\/div>\n<\/div>\n<\/div>\n","protected":false},"excerpt":{"rendered":"<p>Quester Switchbox er en USB-enhet laget for PC-spill ved av hjelp brytere.<\/p>\n<p>4 ulike niv\u00e5er med kommando, hvorav et programmerbart.<\/p>\n<p>Mulig \u00e5 bruke l\u00e5setaster og trege taster.<\/p>\n<p>HMS art.nr. 295671<\/p>\n<p><strong style=\"color: blue;\">P\u00e5 produsentlager: Forventet leveringstid 11 dager.<\/strong><\/p>\n","protected":false},"featured_media":8924,"template":"","meta":[],"product_brand":[],"product_cat":[26,32,82],"product_tag":[],"class_list":{"0":"post-8901","1":"product","2":"type-product","3":"status-publish","4":"has-post-thumbnail","6":"product_cat-bryterbokser","7":"product_cat-gaming","8":"product_cat-pc","10":"first","11":"instock","12":"taxable","13":"shipping-taxable","14":"purchasable","15":"product-type-simple"},"_links":{"self":[{"href":"https:\/\/www.ergocontech.no\/shop\/wp-json\/wp\/v2\/product\/8901","targetHints":{"allow":["GET"]}}],"collection":[{"href":"https:\/\/www.ergocontech.no\/shop\/wp-json\/wp\/v2\/product"}],"about":[{"href":"https:\/\/www.ergocontech.no\/shop\/wp-json\/wp\/v2\/types\/product"}],"wp:featuredmedia":[{"embeddable":true,"href":"https:\/\/www.ergocontech.no\/shop\/wp-json\/wp\/v2\/media\/8924"}],"wp:attachment":[{"href":"https:\/\/www.ergocontech.no\/shop\/wp-json\/wp\/v2\/media?parent=8901"}],"wp:term":[{"taxonomy":"product_brand","embeddable":true,"href":"https:\/\/www.ergocontech.no\/shop\/wp-json\/wp\/v2\/product_brand?post=8901"},{"taxonomy":"product_cat","embeddable":true,"href":"https:\/\/www.ergocontech.no\/shop\/wp-json\/wp\/v2\/product_cat?post=8901"},{"taxonomy":"product_tag","embeddable":true,"href":"https:\/\/www.ergocontech.no\/shop\/wp-json\/wp\/v2\/product_tag?post=8901"}],"curies":[{"name":"wp","href":"https:\/\/api.w.org\/{rel}","templated":true}]}}