{"id":8807,"date":"2021-11-10T10:16:05","date_gmt":"2021-11-10T09:16:05","guid":{"rendered":"https:\/\/www.ergocontech.no\/shop\/?post_type=product&#038;p=8807"},"modified":"2025-03-10T20:19:26","modified_gmt":"2025-03-10T19:19:26","slug":"bigmack","status":"publish","type":"product","link":"https:\/\/www.ergocontech.no\/shop\/produkt\/bigmack\/","title":{"rendered":"BIGmack"},"content":{"rendered":"<div class=\"product attibute description\">\n<div class=\"value\">\n<div data-content-type=\"row\" data-appearance=\"contained\" data-element=\"main\">\n<div data-enable-parallax=\"0\" data-parallax-speed=\"0.5\" data-background-images=\"{}\" data-element=\"inner\">\n<div data-content-type=\"html\" data-appearance=\"default\" data-element=\"main\" data-decoded=\"true\">\n<p>Om<\/p>\n<p>Start kommunikasjonsreisen med en BIGmack-taleenhet. Med et trykk p\u00e5 den store fargede knappen kan en person kommunisere en enkelt melding p\u00e5 opptil 2 minutter. Nye meldinger registreres enkelt og raskt til BIGmack i l\u00f8pet av dagen for \u00e5 gi muligheter til \u00e5 kommunisere i nesten alle scenarier.<\/p>\n<p>Vanlige bruksomr\u00e5der<\/p>\n<ul>\n<li>Foresp\u00f8rsel som &laquo;Jeg vil ha&raquo; eller &laquo;Jeg trenger hjelp&raquo;<\/li>\n<li>Delta i en aktivitet med &laquo;snu siden&raquo; eller &laquo;Det er din tur&raquo;<\/li>\n<li>Fortell klassekameratene dine hva du gjorde i helgen under et morgenm\u00f8te<\/li>\n<li>Legg til kommunikasjon til et bryterstyrt leket\u00f8y eller apparat<\/li>\n<\/ul>\n<p>Egenskaper<\/p>\n<ul>\n<li style=\"list-style-type: none;\">\n<ul>\n<li>Bedre enn noensinne digital lydutgang som passer for nesten alle milj\u00f8er<\/li>\n<li>Inkluderer r\u00f8de, gule, gr\u00f8nne og bl\u00e5 knapptopper<\/li>\n<li>Tydelig trykkdeksel for \u00e5 feste bildesymboler og gi kommunikasjons kontekst til brukeren<\/li>\n<li>Mykt belegg gj\u00f8r enheten lettere \u00e5 holde<\/li>\n<\/ul>\n<\/li>\n<\/ul>\n<\/div>\n<\/div>\n<\/div>\n<\/div>\n<\/div>\n<p><a href=\"https:\/\/www.ergocontech.no\/PDF\/bigmack_quick_start_guide.pdf\"><img decoding=\"async\" class=\"alignnone wp-image-778\" src=\"https:\/\/www.ergocontech.no\/shop\/wp-content\/uploads\/2018\/05\/last-ned-1-copy-1-e1546625063281-1024x291.jpg\" alt=\"\" width=\"169\" height=\"48\" srcset=\"https:\/\/www.ergocontech.no\/shop\/wp-content\/uploads\/2018\/05\/last-ned-1-copy-1-e1546625063281-1024x291.jpg 1024w, https:\/\/www.ergocontech.no\/shop\/wp-content\/uploads\/2018\/05\/last-ned-1-copy-1-e1546625063281-300x85.jpg 300w, https:\/\/www.ergocontech.no\/shop\/wp-content\/uploads\/2018\/05\/last-ned-1-copy-1-e1546625063281-768x218.jpg 768w, https:\/\/www.ergocontech.no\/shop\/wp-content\/uploads\/2018\/05\/last-ned-1-copy-1-e1546625063281-416x118.jpg 416w, https:\/\/www.ergocontech.no\/shop\/wp-content\/uploads\/2018\/05\/last-ned-1-copy-1-e1546625063281.jpg 1756w\" sizes=\"(max-width: 169px) 100vw, 169px\" \/><\/a><\/p>\n","protected":false},"excerpt":{"rendered":"<p>Enhet med 1 bryter med mulighet for \u00e5 lese inn beskjeder.<\/p>\n<ul>\n<li>Messages\/Levels: 1 message up to 2-minutes long \/ 1 level<\/li>\n<li>Recording Time: 2-min<\/li>\n<li>Switch Input: 1<\/li>\n<li>Toy\/Appliance Output\/ECU: 1<\/li>\n<li>Activation Surface: 12.7-cm<\/li>\n<li>Activation Force: 85 to 142-g<\/li>\n<li>Weight with Battery: 439-g<\/li>\n<li>Battery Type: 9-volt<\/li>\n<\/ul>\n<p>HMS art.nr: 028256<\/p>\n<p><span style=\"color: #3366ff;\"><strong>P\u00e5 produsentlager: Forventet leveringstid 11 dager. <span style=\"color: #ffffff;\">10000028<\/span><br \/>\n<\/strong><\/span><\/p>\n","protected":false},"featured_media":8808,"template":"","meta":[],"product_brand":[],"product_cat":[64,16,67],"product_tag":[],"class_list":{"0":"post-8807","1":"product","2":"type-product","3":"status-publish","4":"has-post-thumbnail","6":"product_cat-bryter-med-tale","7":"product_cat-brytere","8":"product_cat-kommunikasjon","10":"first","11":"instock","12":"taxable","13":"shipping-taxable","14":"purchasable","15":"product-type-simple"},"_links":{"self":[{"href":"https:\/\/www.ergocontech.no\/shop\/wp-json\/wp\/v2\/product\/8807","targetHints":{"allow":["GET"]}}],"collection":[{"href":"https:\/\/www.ergocontech.no\/shop\/wp-json\/wp\/v2\/product"}],"about":[{"href":"https:\/\/www.ergocontech.no\/shop\/wp-json\/wp\/v2\/types\/product"}],"wp:featuredmedia":[{"embeddable":true,"href":"https:\/\/www.ergocontech.no\/shop\/wp-json\/wp\/v2\/media\/8808"}],"wp:attachment":[{"href":"https:\/\/www.ergocontech.no\/shop\/wp-json\/wp\/v2\/media?parent=8807"}],"wp:term":[{"taxonomy":"product_brand","embeddable":true,"href":"https:\/\/www.ergocontech.no\/shop\/wp-json\/wp\/v2\/product_brand?post=8807"},{"taxonomy":"product_cat","embeddable":true,"href":"https:\/\/www.ergocontech.no\/shop\/wp-json\/wp\/v2\/product_cat?post=8807"},{"taxonomy":"product_tag","embeddable":true,"href":"https:\/\/www.ergocontech.no\/shop\/wp-json\/wp\/v2\/product_tag?post=8807"}],"curies":[{"name":"wp","href":"https:\/\/api.w.org\/{rel}","templated":true}]}}