{"id":8785,"date":"2021-09-21T19:50:00","date_gmt":"2021-09-21T17:50:00","guid":{"rendered":"https:\/\/www.ergocontech.no\/shop\/?post_type=product&#038;p=8785"},"modified":"2025-01-06T17:04:52","modified_gmt":"2025-01-06T16:04:52","slug":"italk4","status":"publish","type":"product","link":"https:\/\/www.ergocontech.no\/shop\/produkt\/italk4\/","title":{"rendered":"iTalk4"},"content":{"rendered":"<div class=\"product attibute description\">\n<div class=\"value\">\n<div data-content-type=\"row\" data-appearance=\"contained\" data-element=\"main\">\n<div data-enable-parallax=\"0\" data-parallax-speed=\"0.5\" data-background-images=\"{}\" data-element=\"inner\">\n<div data-content-type=\"html\" data-appearance=\"default\" data-element=\"main\" data-decoded=\"true\">\n<p>Den enkleste m\u00e5ten \u00e5 gi en person fire side-ved-side-kommunikasjonsvalg er med iTalk4-taleenheten. Trykk p\u00e5 den fargede knappen for \u00e5 spille av \u00f8nsket melding. Nye meldinger registreres enkelt og raskt til iTalk2 p\u00e5 farten, eller bruk niv\u00e5ene forh\u00e5ndsregistrering opptil tre sett med meldinger p\u00e5 forh\u00e5nd.<\/p>\n<p>Vanlige bruksomr\u00e5der<\/p>\n<ul>\n<li>Gi et unikt svar p\u00e5 et sp\u00f8rsm\u00e5l som &laquo;Hvordan er v\u00e6ret ute?&raquo;<\/li>\n<li>Svar p\u00e5 en vurdering<\/li>\n<li>Gi en m\u00e5te \u00e5 komme med unike foresp\u00f8rsler som \u00abjeg trenger hjelp\u00bb, \u00abjeg er ferdig\u00bb, \u00abjeg m\u00e5 bruke badet\u00bb og \u00abjeg er t\u00f8rst\u00bb<\/li>\n<li>Legg til kommunikasjon til et bryterstyrt leket\u00f8y eller apparat<\/li>\n<\/ul>\n<p>Egenskaper<\/p>\n<ul>\n<li>Bedre enn noensinne digital lydutgang som passer for nesten alle milj\u00f8er<\/li>\n<li>Tydelig trykkdeksel for \u00e5 feste bildesymboler og gi kommunikasjonskontekst til brukeren<\/li>\n<\/ul>\n<\/div>\n<\/div>\n<\/div>\n<\/div>\n<\/div>\n<p><a href=\"https:\/\/www.ergocontech.no\/PDF\/10000028-iTalk4-QSG-06-18-21.pdf\"><img decoding=\"async\" class=\"alignnone wp-image-778\" src=\"https:\/\/www.ergocontech.no\/shop\/wp-content\/uploads\/2018\/05\/last-ned-1-copy-1-e1546625063281-1024x291.jpg\" alt=\"\" width=\"169\" height=\"48\" srcset=\"https:\/\/www.ergocontech.no\/shop\/wp-content\/uploads\/2018\/05\/last-ned-1-copy-1-e1546625063281-1024x291.jpg 1024w, https:\/\/www.ergocontech.no\/shop\/wp-content\/uploads\/2018\/05\/last-ned-1-copy-1-e1546625063281-300x85.jpg 300w, https:\/\/www.ergocontech.no\/shop\/wp-content\/uploads\/2018\/05\/last-ned-1-copy-1-e1546625063281-768x218.jpg 768w, https:\/\/www.ergocontech.no\/shop\/wp-content\/uploads\/2018\/05\/last-ned-1-copy-1-e1546625063281-416x118.jpg 416w, https:\/\/www.ergocontech.no\/shop\/wp-content\/uploads\/2018\/05\/last-ned-1-copy-1-e1546625063281.jpg 1756w\" sizes=\"(max-width: 169px) 100vw, 169px\" \/><\/a><\/p>\n","protected":false},"excerpt":{"rendered":"<p>Enhet med 4 brytere med mulighet for \u00e5 lese inn beskjeder.<\/p>\n<ul>\n<li>Activation Type: Pressure<\/li>\n<li>Activation Surface Size: Small (less than 6.35-cm)<\/li>\n<li>Recording Time: 6-min<\/li>\n<li>Number of Message Locations: 4<\/li>\n<li>Weight: 658-g<\/li>\n<\/ul>\n<p>HMS art.nr: 292082<\/p>\n<p><span style=\"color: #3366ff;\"><strong>P\u00e5 produsentlager: Forventet leveringstid 11 dager. <span style=\"color: #ffffff;\">10000028<\/span><br \/>\n<\/strong><\/span><\/p>\n","protected":false},"featured_media":8788,"template":"","meta":[],"product_brand":[],"product_cat":[64,16,67],"product_tag":[],"class_list":{"0":"post-8785","1":"product","2":"type-product","3":"status-publish","4":"has-post-thumbnail","6":"product_cat-bryter-med-tale","7":"product_cat-brytere","8":"product_cat-kommunikasjon","10":"first","11":"instock","12":"taxable","13":"shipping-taxable","14":"purchasable","15":"product-type-simple"},"_links":{"self":[{"href":"https:\/\/www.ergocontech.no\/shop\/wp-json\/wp\/v2\/product\/8785","targetHints":{"allow":["GET"]}}],"collection":[{"href":"https:\/\/www.ergocontech.no\/shop\/wp-json\/wp\/v2\/product"}],"about":[{"href":"https:\/\/www.ergocontech.no\/shop\/wp-json\/wp\/v2\/types\/product"}],"wp:featuredmedia":[{"embeddable":true,"href":"https:\/\/www.ergocontech.no\/shop\/wp-json\/wp\/v2\/media\/8788"}],"wp:attachment":[{"href":"https:\/\/www.ergocontech.no\/shop\/wp-json\/wp\/v2\/media?parent=8785"}],"wp:term":[{"taxonomy":"product_brand","embeddable":true,"href":"https:\/\/www.ergocontech.no\/shop\/wp-json\/wp\/v2\/product_brand?post=8785"},{"taxonomy":"product_cat","embeddable":true,"href":"https:\/\/www.ergocontech.no\/shop\/wp-json\/wp\/v2\/product_cat?post=8785"},{"taxonomy":"product_tag","embeddable":true,"href":"https:\/\/www.ergocontech.no\/shop\/wp-json\/wp\/v2\/product_tag?post=8785"}],"curies":[{"name":"wp","href":"https:\/\/api.w.org\/{rel}","templated":true}]}}