{"id":8780,"date":"2021-09-21T19:32:20","date_gmt":"2021-09-21T17:32:20","guid":{"rendered":"https:\/\/www.ergocontech.no\/shop\/?post_type=product&#038;p=8780"},"modified":"2025-02-15T11:51:37","modified_gmt":"2025-02-15T10:51:37","slug":"italk2","status":"publish","type":"product","link":"https:\/\/www.ergocontech.no\/shop\/produkt\/italk2\/","title":{"rendered":"iTalk2"},"content":{"rendered":"<div class=\"product attibute description\">\n<div class=\"value\">\n<div data-content-type=\"row\" data-appearance=\"contained\" data-element=\"main\">\n<div data-enable-parallax=\"0\" data-parallax-speed=\"0.5\" data-background-images=\"{}\" data-element=\"inner\">\n<div data-content-type=\"html\" data-appearance=\"default\" data-element=\"main\" data-decoded=\"true\">\n<p>Den enkleste m\u00e5ten \u00e5 gi en person to side-ved-side-kommunikasjonsvalg er med iTalk2-taleenheten. Trykk p\u00e5 den r\u00f8de eller gule knappen for \u00e5 spille av \u00f8nsket melding. Nye meldinger registreres enkelt og raskt til iTalk2 p\u00e5 farten, eller bruk niv\u00e5ene forh\u00e5ndsregistrering opptil tre sett med meldinger p\u00e5 forh\u00e5nd.<\/p>\n<p>Vanlige bruksomr\u00e5der<\/p>\n<ul>\n<li>Bruk for ja og nei svar<\/li>\n<li>Velg mellom to alternativer for mat, drikke eller aktiviteter<\/li>\n<li>Gi en m\u00e5te \u00e5 komme med to unike foresp\u00f8rsler som \u00abJeg trenger hjelp\u00bb og \u00abJeg er ferdig\u00bb<\/li>\n<\/ul>\n<p>Egenskaper<\/p>\n<ul>\n<li>Bedre enn noensinne digital lydutgang som passer for nesten alle milj\u00f8er<\/li>\n<li>Tydelig trykkdeksel for \u00e5 feste bildesymboler og gi kommunikasjonskontekst til brukeren<\/li>\n<li>Mykt belegg gj\u00f8r enheten lettere \u00e5 holde<\/li>\n<\/ul>\n<\/div>\n<\/div>\n<\/div>\n<\/div>\n<\/div>\n<p><a href=\"https:\/\/www.ergocontech.no\/PDF\/10000045-iTalk2-QSG-06-18-21.pdf\"><img decoding=\"async\" class=\"alignnone wp-image-778\" src=\"https:\/\/www.ergocontech.no\/shop\/wp-content\/uploads\/2018\/05\/last-ned-1-copy-1-e1546625063281-1024x291.jpg\" alt=\"\" width=\"169\" height=\"48\" srcset=\"https:\/\/www.ergocontech.no\/shop\/wp-content\/uploads\/2018\/05\/last-ned-1-copy-1-e1546625063281-1024x291.jpg 1024w, https:\/\/www.ergocontech.no\/shop\/wp-content\/uploads\/2018\/05\/last-ned-1-copy-1-e1546625063281-300x85.jpg 300w, https:\/\/www.ergocontech.no\/shop\/wp-content\/uploads\/2018\/05\/last-ned-1-copy-1-e1546625063281-768x218.jpg 768w, https:\/\/www.ergocontech.no\/shop\/wp-content\/uploads\/2018\/05\/last-ned-1-copy-1-e1546625063281-416x118.jpg 416w, https:\/\/www.ergocontech.no\/shop\/wp-content\/uploads\/2018\/05\/last-ned-1-copy-1-e1546625063281.jpg 1756w\" sizes=\"(max-width: 169px) 100vw, 169px\" \/><\/a><\/p>\n","protected":false},"excerpt":{"rendered":"<p>Enhet med to brytere med mulighet for \u00e5 lese inn beskjeder.<\/p>\n<ul>\n<li>Messages\/Levels: 2\/3<\/li>\n<li>Recording Time: 4-min.<\/li>\n<li>Switch Input: 2<\/li>\n<li>Toy\/Appliance Output\/ECU: 2<\/li>\n<li>Activation Surface: 2.5-in\/6.4-cm<\/li>\n<li>Activation Force: 2- to 5-oz\/57- to 142-g<\/li>\n<li>Weight with Battery: 12.5-oz\/354-g<\/li>\n<li>Battery Type: 9-volt &#8211; It is highly recommended to use a standard Alkaline 9V battery with this device. Alternative batteries may be comprised of materials that do not distribute power in a suitable manner, and when installed, some users may experience inconsistencies.<\/li>\n<li>Mounting Connection: Universal Mounting Plate<\/li>\n<\/ul>\n<p>HMS art.nr: 189318<\/p>\n<p><span style=\"color: #3366ff;\"><strong>P\u00e5 produsentlager: Forventet leveringstid 11 dager. <\/strong><\/span><span style=\"color: #ffffff;\"><strong>10000045<\/strong><\/span><span style=\"color: #3366ff;\"><strong><br \/>\n<\/strong><\/span><\/p>\n","protected":false},"featured_media":8781,"template":"","meta":[],"product_brand":[],"product_cat":[64,16,67],"product_tag":[],"class_list":{"0":"post-8780","1":"product","2":"type-product","3":"status-publish","4":"has-post-thumbnail","6":"product_cat-bryter-med-tale","7":"product_cat-brytere","8":"product_cat-kommunikasjon","10":"first","11":"instock","12":"taxable","13":"shipping-taxable","14":"purchasable","15":"product-type-simple"},"_links":{"self":[{"href":"https:\/\/www.ergocontech.no\/shop\/wp-json\/wp\/v2\/product\/8780","targetHints":{"allow":["GET"]}}],"collection":[{"href":"https:\/\/www.ergocontech.no\/shop\/wp-json\/wp\/v2\/product"}],"about":[{"href":"https:\/\/www.ergocontech.no\/shop\/wp-json\/wp\/v2\/types\/product"}],"wp:featuredmedia":[{"embeddable":true,"href":"https:\/\/www.ergocontech.no\/shop\/wp-json\/wp\/v2\/media\/8781"}],"wp:attachment":[{"href":"https:\/\/www.ergocontech.no\/shop\/wp-json\/wp\/v2\/media?parent=8780"}],"wp:term":[{"taxonomy":"product_brand","embeddable":true,"href":"https:\/\/www.ergocontech.no\/shop\/wp-json\/wp\/v2\/product_brand?post=8780"},{"taxonomy":"product_cat","embeddable":true,"href":"https:\/\/www.ergocontech.no\/shop\/wp-json\/wp\/v2\/product_cat?post=8780"},{"taxonomy":"product_tag","embeddable":true,"href":"https:\/\/www.ergocontech.no\/shop\/wp-json\/wp\/v2\/product_tag?post=8780"}],"curies":[{"name":"wp","href":"https:\/\/api.w.org\/{rel}","templated":true}]}}