{"id":8735,"date":"2021-06-26T22:01:54","date_gmt":"2021-06-26T20:01:54","guid":{"rendered":"https:\/\/www.ergocontech.no\/shop\/?post_type=product&#038;p=8735"},"modified":"2024-02-07T13:40:21","modified_gmt":"2024-02-07T12:40:21","slug":"cosmo-explore","status":"publish","type":"product","link":"https:\/\/www.ergocontech.no\/shop\/produkt\/cosmo-explore\/","title":{"rendered":"Cosmo Explore"},"content":{"rendered":"<div>\n<p>Cosmo er et prisbel\u00f8nt system som p\u00e5 en ny m\u00e5te gj\u00f8r det mulig \u00e5 trene fysiske, kognitive og kommunikative evner.<br \/>\nSystemet best\u00e5r av dynamiske tr\u00e5dl\u00f8se brytere og spesialutviklet programvare som kj\u00f8res via egen iPad.<br \/>\nSystemet gir bryterstyrte aktiviteter med mulighet for variabel vanskelighetsgrad og integrasjon av egen musikk.<\/p>\n<figure><iframe src=\"https:\/\/www.youtube.com\/embed\/CyHfzPQ7r68\" width=\"900\" height=\"455\" frameborder=\"0\" allowfullscreen=\"allowfullscreen\"><\/iframe><\/figure>\n<figure><\/figure>\n<figure><\/figure>\n<figure class=\"left top\">Noen apper har aktiviteter med enkel \u00e5rsak\/virkning og noen apper har enkel eller avansert probleml\u00f8sning.<br \/>\nMange av aktivitetene er basert p\u00e5 musikk og rytme og i noen aktiviteter kan egen musikk brukes.<br \/>\nAktivitetene kan utf\u00f8res sammen med andre eller individuelt.<br \/>\nBryterne er oppladbare og tr\u00e5dl\u00f8se med god rekkevidde.<br \/>\nDette gj\u00f8r at bryterne kan plasseres i forhold til brukers fysiske evner og behov for utfordring.<\/figure>\n<p>&nbsp;<\/p>\n<p><a href=\"http:\/\/www.hjelpemiddeldatabasen.no\/blobs\/brugsvejl\/54095.pdf\"><img decoding=\"async\" src=\"https:\/\/www.ergocontech.no\/img\/cos l\u00e6replaner last .jpg\" alt=\"logo\" width=\"500\" \/><\/a><\/p>\n<figure><\/figure>\n<p>&nbsp;<\/p>\n<figure><span style=\"font-size: xx-large;\"><b>Aktiviteter<\/b><\/span><\/figure>\n<table style=\"width: 92%;\" align=\"left\">\n<tbody>\n<tr>\n<th>\n<figure><img decoding=\"async\" src=\"https:\/\/www.ergocontech.no\/img\/Allthesame.png\" alt=\"logo\" width=\"200\" \/><\/figure>\n<\/th>\n<th><b><span style=\"font-size: x-large;\"> Samme Farge<\/span><\/b><\/p>\n<p>Samme Farge er en spennende sekvens- og problem-l\u00f8sningsaktivitet.<br \/>\nHver gang brukeren trykker p\u00e5 en cosmoid s\u00e5 bytter den farge.<br \/>\nM\u00e5let er \u00e5 f\u00e5 alle cosmoidene til \u00e5 lyse i samme farge. Start p\u00e5 det enkleste<br \/>\nniv\u00e5et, og jobb dere fram til det vanskeligste.<\/th>\n<th><b>For hvem? SL, ML, BKFB<\/b><\/p>\n<p><span style=\"color: blue;\">Ferdighetsomr\u00e5der<\/span><\/p>\n<p>Sekvenser \/ Probleml\u00f8sning \/ Felles oppmerksomhet \/ Samarbeid \/ Grovmotorikk \/ Visuomotorisk kontroll \/ Reaksjonshastighet<\/th>\n<\/tr>\n<tr>\n<th>\n<figure><img decoding=\"async\" src=\"https:\/\/www.ergocontech.no\/img\/Colourmatching.png\" alt=\"logo\" width=\"200\" \/><\/figure>\n<\/th>\n<th><b><span style=\"font-size: x-large;\">Farge Match<\/span><\/b><\/p>\n<p>Farge Match er en god aktivitet for \u00e5 utvikle fargekunnskaper og delt<br \/>\noppmerksomhets ferdighet. M\u00e5let er \u00e5 finne de 2 cosmoidene som lyser<br \/>\nopp med samme farge, for s\u00e5 \u00e5 trykke p\u00e5 dem samtidig. Brukeren f\u00e5r en<br \/>\naudiovisuell bel\u00f8nningsrespons n\u00e5r de trykker p\u00e5 riktige farger.<\/th>\n<th><b>For hvem? SL, ML, BKFB<\/b><\/p>\n<p><span style=\"color: blue;\">Ferdighetsomr\u00e5der<\/span><\/p>\n<p>Visuell persepsjon og utskilling \/ Probleml\u00f8sning \/ Reaksjon p\u00e5 visuelle stimuli \/ Samarbeid \/ Fargeordforr\u00e5d \/ Felles oppmerksomhet \/ Visuomotorisk kontroll<\/th>\n<\/tr>\n<tr>\n<th>\n<figure><img decoding=\"async\" src=\"https:\/\/www.ergocontech.no\/img\/Exercise.png\" alt=\"logo\" width=\"200\" \/><\/figure>\n<\/th>\n<th><b><span style=\"font-size: x-large;\">Trening<\/span><\/b><\/p>\n<p>Trening er en morsom, multisensorisk aktivitet som er designet til \u00e5 f\u00e5<br \/>\nbrukerene til \u00e5 bevege seg. Denne aktiviteten er laget for \u00e5 utvikle<br \/>\nkoordinasjon ved bevegelse, samarbeid, orientering og oppmerksomhet.<br \/>\nPlasser cosmoidene rundt i rommet og start spillet.<\/th>\n<th><b>For hvem? SSL, SL, ML, BKFB <\/b><\/p>\n<p><span style=\"color: blue;\">Ferdighetsomr\u00e5der<\/span><\/p>\n<p>\u00c5rsak-virkning \/ Visuell persepsjon og utskilling \/ Samarbeid \/ Respons hastighet\/ Rombevissthet<\/th>\n<\/tr>\n<tr>\n<th>\n<figure><img decoding=\"async\" src=\"https:\/\/www.ergocontech.no\/img\/Exploration.png\" alt=\"logo\" width=\"200\" \/><\/figure>\n<\/th>\n<th><b><span style=\"font-size: x-large;\">Utforsking<\/span><\/b><\/p>\n<p>Utforsking er en &laquo;\u00e5rsak\/virkning&raquo; aktivitet som bruker en &laquo;cosmoid&raquo;.<br \/>\nN\u00e5r brukeren r\u00f8rer den cosmoiden som lyser vil sangen som er valgt, spille<br \/>\ntil brukeren stopper \u00e5 r\u00f8re cosmoiden. Ved \u00e5 presse hardere vil lyden endre<br \/>\nseg, hvis effekter( effects) er aktivert.<\/th>\n<th><b>For hvem? SSL, SL, BKFB<\/b><\/p>\n<p><span style=\"color: blue;\">Ferdighetsomr\u00e5der<\/span><\/p>\n<p>\u00c5rsak-virkning \/ Turtaking \/ Uttrykke personlig preferanse \/ Grovmotorikk \/ Visuomotorisk kontroll\/ Rombevissthet \/ Musikalsk selvuttrykk<\/th>\n<\/tr>\n<tr>\n<th>\n<figure><img decoding=\"async\" src=\"https:\/\/www.ergocontech.no\/img\/Fireworks.png\" alt=\"logo\" width=\"200\" \/><\/figure>\n<\/th>\n<th><b><span style=\"font-size: x-large;\">Fyrverkeri<\/span><\/b><\/p>\n<p>Fyrverkeri er en &laquo;\u00e5rsak\/virkning&raquo; aktivitet der en &laquo;cosmoid&raquo; brukes.<br \/>\nN\u00e5r brukeren presser p\u00e5 cosmoiden blir de bel\u00f8nnet med vakkert fyrverkeri<br \/>\np\u00e5 skjermen. Dette er en god aktivitet for \u00e5 utvikle bevisste<br \/>\nkommunikasjonferdigheter.<\/th>\n<th><b>For hvem? SSL, BKFB<\/b><\/p>\n<p><span style=\"color: blue;\">Ferdighetsomr\u00e5der<\/span><\/p>\n<p>\u00c5rsak-virkning \/ Viljestyrt kommunikasjon \/ Grovmotorikk \/ Visuomotorisk kontroll \/ Rombevissthet \/ Respons hastighet<\/th>\n<\/tr>\n<tr>\n<th>\n<figure><img decoding=\"async\" src=\"https:\/\/www.ergocontech.no\/img\/Flappycosmonaut.png\" alt=\"logo\" width=\"200\" \/><\/figure>\n<\/th>\n<th><b><span style=\"font-size: x-large;\">Flappy Cosmonaut<\/span><\/b><\/p>\n<p>Flappy Cosmonaut er en morsom individuell aktivitet som lar brukeren<br \/>\nutvikle sine fin og grov motoriske ferdigheter ved \u00e5 f\u00e5 kosmonauten til \u00e5 fly<br \/>\nover skjermen. Desto hardere man trykker, desto h\u00f8yere flyr cosmonauten.<br \/>\nSe om du kan f\u00e5 en &laquo;high score&raquo;.<\/th>\n<th><b>For hvem? SL, ML, BKFB<\/b><\/p>\n<p><span style=\"color: blue;\">Ferdighetsomr\u00e5der<\/span><\/p>\n<p>\u00c5rsak-virkning \/ Visuell persepsjon \/ Konsentrasjon \/ Fin- og Grovmotorisk kontroll\/ Visuomotorisk kontroll<\/th>\n<\/tr>\n<tr>\n<th>\n<figure><img decoding=\"async\" src=\"https:\/\/www.ergocontech.no\/img\/Improvisation.png\" alt=\"logo\" width=\"200\" \/><\/figure>\n<\/th>\n<th><b><span style=\"font-size: x-large;\">Improvisasjon<\/span><\/b><\/p>\n<p>Denne aktiviteten lar brukerene bli kreative og spille musikk via cosmoidene.<br \/>\nHver cosmoid representerer en lyd som brukeren kan legge til i sine favoritt<br \/>\nsanger. Ved \u00e5 trykke p\u00e5 cosmoiden vil lyden bli spilt. Brukeren kan velge mellom<br \/>\nxylofon-, gitar- og panfl\u00f8yte.<\/th>\n<th><b>For hvem? SSL, SL, ML, BKFB<\/b><\/p>\n<p><span style=\"color: blue;\">Ferdighetsomr\u00e5der<\/span><\/p>\n<p>Auditorisk oppfatning \/ Uttrykke personlig preferanse\/ Auditiv og visuell persepsjon<br \/>\n\/ Felles oppmerksomhet \/ Samarbeid \/ Visuomotorisk kontroll\/ Rombevissthet \/ Musikalsk selvuttrykk \/ Improvisasjon<\/th>\n<\/tr>\n<tr>\n<th>\n<figure><img decoding=\"async\" src=\"https:\/\/www.ergocontech.no\/img\/Memory.png\" alt=\"logo\" width=\"200\" \/><\/figure>\n<\/th>\n<th><b><span style=\"font-size: x-large;\">Hukommelse<\/span><\/b><\/p>\n<p>Denne aktiviteten lar brukere utvikle ferdigheter innen probleml\u00f8sning og<br \/>\nsekvenser. F\u00f8lg med p\u00e5 lys-sekvensene p\u00e5 cosmoidene, og trykk p\u00e5 riktig farge<br \/>\ni riktig rekkef\u00f8lge. Hvis det blir utf\u00f8rt riktig f\u00e5r brukeren en audiovisuell<br \/>\nbel\u00f8nningsrespons.<\/th>\n<th><b>For hvem? SSL, SL, ML, BKFB<\/b><\/p>\n<p><span style=\"color: blue;\">Ferdighetsomr\u00e5der<\/span><\/p>\n<p>Visuelt minne \/ Sekvenser \/ Reaksjon p\u00e5 visuell stimuli \/ Probleml\u00f8sning \/ Turtaking \/ Visuomotorisk kontroll \/ Responshastighet<\/th>\n<\/tr>\n<tr>\n<th>\n<figure><img decoding=\"async\" src=\"https:\/\/www.ergocontech.no\/img\/Myvoice.png\" alt=\"logo\" width=\"200\" \/><\/figure>\n<\/th>\n<th><b><span style=\"font-size: x-large;\">Min Stemme<\/span><\/b><\/p>\n<p>Ved et trykk p\u00e5 en knapp kan brukeren spille inn sin egen stemme eller velge en<br \/>\nlyd brukeren liker. Brukeren kan endre p\u00e5 lyden eller stemmen sin ved \u00e5 trykke<br \/>\np\u00e5 cosmoidene. Denne aktiviteten gj\u00f8r at brukeren bruker sin egen stemme og<br \/>\nutvikler fantasien sin.<\/th>\n<th><b>For hvem? SSL, SL, ML, BKFB<\/b><\/p>\n<p><span style=\"color: blue;\">Ferdighetsomr\u00e5der<\/span><\/p>\n<p>\u00c5rsak-virkning \/ Auditiv persepsjon \/ Verbal kommunikasjon \/ Visuomotorisk kontroll \/ Vokalisering<br \/>\n\/ Musikalsk selvuttrykk<\/th>\n<\/tr>\n<tr>\n<th>\n<figure><img decoding=\"async\" src=\"https:\/\/www.ergocontech.no\/img\/Orchestration.png\" alt=\"logo\" width=\"200\" \/><\/figure>\n<\/th>\n<th><b><span style=\"font-size: x-large;\">Orkester<\/span><\/b><\/p>\n<p>Denne aktiviteten lar brukerene bli dirigenter. Brukeren lager sin egen sang ved<br \/>\n\u00e5 legge til trommer, gitar, piano og mange andre instrumenter. Denne aktiviteten<br \/>\nkan gj\u00f8res alene eller i &laquo;band&raquo;.<\/th>\n<th><b>For hvem? SSL, SLD, BKFB<\/b><\/p>\n<p><span style=\"color: blue;\">Ferdighetsomr\u00e5der<\/span><\/p>\n<p>Auditiv persepsjon \/ Visuell persepsjon \/ Uttrykke personlig preferanse \/ Auditiv utskilling<br \/>\n\/ Felles oppmerksomhet \/ Samarbeid \/ Visuomotorisk kontroll\/ Rombevissthet<\/th>\n<\/tr>\n<tr>\n<th>\n<figure><img decoding=\"async\" src=\"https:\/\/www.ergocontech.no\/img\/Showdown.png\" alt=\"logo\" width=\"200\" \/><\/figure>\n<\/th>\n<th><b><span style=\"font-size: x-large;\">Konkurranse<\/span><\/b><\/p>\n<p>Konkurranse er en aktivitet med h\u00f8yt tempo. Aktiveteten kan brukes av 2-6<br \/>\nbrukere samtidig som deles opp i 2 lag. Et lag m\u00e5 finne og trykke p\u00e5 de gr\u00f8nne<br \/>\nknappene mens det andre laget m\u00e5 finne de oransje. Det laget som har funnet<br \/>\nog trykt p\u00e5 flest av sin farge vinner.<\/th>\n<th><b>For hvem? SL, ML, BKFB<\/b><\/p>\n<p><span style=\"color: blue;\">Ferdighetsomr\u00e5der<\/span><\/p>\n<p>\u00c5rsak-virkning \/ Turtaking \/ Uttrykke personlig preferanse \/ Grovmotorikk \/ Visuomotorisk kontroll \/ Rombevissthet<\/th>\n<\/tr>\n<tr>\n<th>\n<figure><img decoding=\"async\" src=\"https:\/\/www.ergocontech.no\/img\/Storytelling.png\" alt=\"logo\" width=\"200\" \/><\/figure>\n<\/th>\n<th><b><span style=\"font-size: x-large;\">Historiefortelling<\/span><\/b><\/p>\n<p>Denne aktiviteten lar brukeren lage et eventyr ved \u00e5 trykke p\u00e5 cosmoidene.<br \/>\nHver cosmoid spiller av en del til eventyret. Trykk p\u00e5 cosmoidene i rekkef\u00f8lge.<br \/>\nDenne aktiviteten er god for \u00e5 hjelpe ikke verbale brukere og sensoriske brukere.<\/th>\n<th><b>For hvem? <\/b>SSL, SL, ML, BKFB<\/p>\n<p><span style=\"color: blue;\">Ferdighetsomr\u00e5der<\/span><\/p>\n<p>Sanseintegrasjon \/ Sekvenser \/ Turtaking \/ Venting \/ Visuomotorisk kontroll \/ Rombevissthet<\/th>\n<\/tr>\n<tr>\n<th>\n<figure><img decoding=\"async\" src=\"https:\/\/www.ergocontech.no\/img\/Turntaking.png\" alt=\"logo\" width=\"200\" \/><\/figure>\n<\/th>\n<th><b><span style=\"font-size: x-large;\">Turtaking<\/span><\/b><\/p>\n<p>Turtaking lar brukerene samarbeide for \u00e5 spille sine favoritt sanger.<br \/>\nAktiviteten er god for \u00e5 utvilke ferdigheter som t\u00e5lmodighet, venting og<br \/>\nsamarbeid. Velg en sang og gi en cosmoid til hver av brukerene. Hver cosmoid<br \/>\naktiverer en del av sangen. Cosmoiden lyser opp for \u00e5 indikere hvem sin tur<br \/>\ndet er. Sangen spiller s\u00e5 lenge brukeren trykker p\u00e5 cosmoiden.<\/th>\n<th><b>For hvem? SSL, SL, ML, BKFB <\/b><\/p>\n<p><span style=\"color: blue;\">Ferdighetsomr\u00e5der<\/span><\/p>\n<p>\u00c5rsak-virkning \/ Turtaking \/ Uttrykke personlig preferanse \/ Grovmotorikk \/ Visuomotorisk kontroll \/ Rombevissthet \/ Musikalsk selvuttrykk<\/th>\n<\/tr>\n<\/tbody>\n<\/table>\n<p><b>Forkortelser:<\/b><\/p>\n<p>SL &#8211; Store l\u00e6revansker<\/p>\n<p>SSL &#8211; Store sammensatte l\u00e6revansker<\/p>\n<p>ML &#8211; moderate l\u00e6revansker<\/p>\n<p>BKFB \u2013 Basiskunnskaper og ferdigheter i barnehagealder.<\/p>\n<p>&nbsp;<\/p>\n<figure class=\"left top\"><iframe src=\"https:\/\/player.vimeo.com\/video\/239425455\" width=\"870\" height=\"360\" frameborder=\"0\" allowfullscreen=\"allowfullscreen\"><\/iframe><\/figure>\n<\/div>\n<div>\n<p><!--\n\n\n \n<figcaption><a href=\"prod tilsyn.php?p=D-link\"\/a><img decoding=\"async\" src=\"img\/tilsyn prom.jpg\" alt=\"logo\" width=440><a>&nbsp;&nbsp;<\/a>\n\n<\/figcaption>\n \n<\/figure>\n\n\n--><\/p>\n<p><!--  <a href=\"http:\/\/trk.cp20.com\/Tracking\/t.c?7le65-ikwfo-vyxoli0&_v=2\"\/a><img decoding=\"async\" src=\"img\/Android Prom1.jpg\" alt=\"logo\" width=1000>\n\n--><\/p>\n<\/div>\n<p>&nbsp;<\/p>\n<p>&nbsp;<\/p>\n","protected":false},"excerpt":{"rendered":"<p>Cosmo gir mulighet for kreativ l\u00e6ring og er en god introduksjon til bryterstyring og kognitiv probleml\u00f8sing.<br \/>\nCosmo best\u00e5r av brytere og ulike Cosmo apper som styrer bryteraktivitetene.<br \/>\nAktivitetenes vanskelighetgrad kan stilles i de ulike appene.<br \/>\nCosmo Explore: 3 Cosmo brytere, lader, 14 Cosmo program-aktiviteter for iPad (iPad er ikke inkludert)(Utforsking, Fyrverkeri, Trening,\u00a0 Min Stemme, Turtaking, Historiefortelling,\u00a0 Flappy Cosmonaut, Konkurranse,\u00a0 Videofortelling, Veksle, Mens den lyser, Fargespillet, Forskjellige farger, Hukommelse)<\/p>\n<p>HMS art.nr: 315993<\/p>\n","protected":false},"featured_media":8738,"template":"","meta":[],"product_brand":[],"product_cat":[16,35],"product_tag":[],"class_list":{"0":"post-8735","1":"product","2":"type-product","3":"status-publish","4":"has-post-thumbnail","6":"product_cat-brytere","7":"product_cat-https-www-ergocontech-no-shop-cosmo","9":"first","10":"instock","11":"taxable","12":"shipping-taxable","13":"purchasable","14":"product-type-simple"},"_links":{"self":[{"href":"https:\/\/www.ergocontech.no\/shop\/wp-json\/wp\/v2\/product\/8735","targetHints":{"allow":["GET"]}}],"collection":[{"href":"https:\/\/www.ergocontech.no\/shop\/wp-json\/wp\/v2\/product"}],"about":[{"href":"https:\/\/www.ergocontech.no\/shop\/wp-json\/wp\/v2\/types\/product"}],"wp:featuredmedia":[{"embeddable":true,"href":"https:\/\/www.ergocontech.no\/shop\/wp-json\/wp\/v2\/media\/8738"}],"wp:attachment":[{"href":"https:\/\/www.ergocontech.no\/shop\/wp-json\/wp\/v2\/media?parent=8735"}],"wp:term":[{"taxonomy":"product_brand","embeddable":true,"href":"https:\/\/www.ergocontech.no\/shop\/wp-json\/wp\/v2\/product_brand?post=8735"},{"taxonomy":"product_cat","embeddable":true,"href":"https:\/\/www.ergocontech.no\/shop\/wp-json\/wp\/v2\/product_cat?post=8735"},{"taxonomy":"product_tag","embeddable":true,"href":"https:\/\/www.ergocontech.no\/shop\/wp-json\/wp\/v2\/product_tag?post=8735"}],"curies":[{"name":"wp","href":"https:\/\/api.w.org\/{rel}","templated":true}]}}