{"id":8729,"date":"2021-06-24T21:12:35","date_gmt":"2021-06-24T19:12:35","guid":{"rendered":"https:\/\/www.ergocontech.no\/shop\/?post_type=product&#038;p=8729"},"modified":"2025-07-28T12:53:43","modified_gmt":"2025-07-28T10:53:43","slug":"d-stand","status":"publish","type":"product","link":"https:\/\/www.ergocontech.no\/shop\/produkt\/d-stand\/","title":{"rendered":"D-Stand Standard 1"},"content":{"rendered":"","protected":false},"excerpt":{"rendered":"<p>Gulvstativ med trygg montering og regulering av skjermer nettbrett og kommunikasjonsl\u00f8sninger. VESA-brakett Dialog og Dialog\/REHAdapt adapterplate passer til innfesting som har mye justeringsmuligheter. For bruk i stol, sofa, rullestol, seng og i st\u00e5ende. H\u00f8y og lav regulering av h\u00f8yde for best mulig tilpasning.<\/p>\n<p>&nbsp;<\/p>\n","protected":false},"featured_media":8733,"template":"","meta":[],"product_brand":[],"product_cat":[91,92,22],"product_tag":[],"class_list":{"0":"post-8729","1":"product","2":"type-product","3":"status-publish","4":"has-post-thumbnail","6":"product_cat-dialog","7":"product_cat-dialog-monteringsarmer","8":"product_cat-montering","10":"first","11":"instock","12":"taxable","13":"shipping-taxable","14":"purchasable","15":"product-type-simple"},"_links":{"self":[{"href":"https:\/\/www.ergocontech.no\/shop\/wp-json\/wp\/v2\/product\/8729","targetHints":{"allow":["GET"]}}],"collection":[{"href":"https:\/\/www.ergocontech.no\/shop\/wp-json\/wp\/v2\/product"}],"about":[{"href":"https:\/\/www.ergocontech.no\/shop\/wp-json\/wp\/v2\/types\/product"}],"wp:featuredmedia":[{"embeddable":true,"href":"https:\/\/www.ergocontech.no\/shop\/wp-json\/wp\/v2\/media\/8733"}],"wp:attachment":[{"href":"https:\/\/www.ergocontech.no\/shop\/wp-json\/wp\/v2\/media?parent=8729"}],"wp:term":[{"taxonomy":"product_brand","embeddable":true,"href":"https:\/\/www.ergocontech.no\/shop\/wp-json\/wp\/v2\/product_brand?post=8729"},{"taxonomy":"product_cat","embeddable":true,"href":"https:\/\/www.ergocontech.no\/shop\/wp-json\/wp\/v2\/product_cat?post=8729"},{"taxonomy":"product_tag","embeddable":true,"href":"https:\/\/www.ergocontech.no\/shop\/wp-json\/wp\/v2\/product_tag?post=8729"}],"curies":[{"name":"wp","href":"https:\/\/api.w.org\/{rel}","templated":true}]}}