{"id":8712,"date":"2021-06-21T20:59:10","date_gmt":"2021-06-21T18:59:10","guid":{"rendered":"https:\/\/www.ergocontech.no\/shop\/?post_type=product&#038;p=8712"},"modified":"2024-11-23T12:25:54","modified_gmt":"2024-11-23T11:25:54","slug":"flex-controller","status":"publish","type":"product","link":"https:\/\/www.ergocontech.no\/shop\/produkt\/flex-controller\/","title":{"rendered":"Flex Controller"},"content":{"rendered":"<p><b>Flex Controller<\/b> er et spennende tillegg som lar spillere bruke eksterne brytere og joysticker for \u00e5 spille videospill p\u00e5 Nintendo Switch. <b>Flex Controller<\/b> kan ogs\u00e5 brukes til spill p\u00e5 en Windows 10 PC. V\u00e6r oppmerksom p\u00e5 at Nintendo Switch m\u00e5 v\u00e6re i dokkingstasjonen for at Flex-kontrolleren skal kunne kobles til. Ikke kompatibel med Nintendo Switch Lite.<\/p>\n<p>&nbsp;<\/p>\n<div class=\"mid\"><img decoding=\"async\" src=\"https:\/\/www.pretorianuk.com\/images\/flex-controller-banner1.webp\" alt=\"Flex Controller\" width=\"800\" \/><\/div>\n<p>&nbsp;<\/p>\n<p>Eventuelle brytere som ender i en 3,5 mm jackplugg kan brukes &#8211; for eksempel Pretorians <a href=\"https:\/\/www.ergocontech.no\/shop\/produkt\/smoothie-75\/\"><b>Smoothie 75<\/b><\/a> og <a href=\"https:\/\/www.ergocontech.no\/shop\/produkt\/smoothie-125\/\"><b>Smoothie 125<\/b><\/a>. Joysticks som kan brukes er <a href=\"https:\/\/www.ergocontech.no\/shop\/produkt\/optima-game\/\"><b>Optima Game<\/b><\/a> eller <a href=\"https:\/\/www.ergocontech.no\/shop\/produkt\/ultra-joystick\/\">Ultra Joystic<\/a>k eller av de kompatible Hori-kontrollerne (se kompatibilitetslisten nedenfor).<\/p>\n<p>&nbsp;<\/p>\n<p>Den gratis <b>Flex Controller Settings-Appen<\/b> for Windows 10<sup>1<\/sup> tillater konfigurasjon av hver bryter og joystick, inkludert nye innstillinger som dobbelttrykkintervall, &laquo;ignorer gjentatt trykkperiode&raquo; for brukere med skjelvinger og programmerbar d\u00f8db\u00e5nd, orientering og f\u00f8lsomhet for styrespakene . N\u00e5r alle n\u00f8dvendige innstillinger er programmert, kan de lagres i en av 12 profiler (6 for Nintendo Switch og 6 for PC) og hentes frem etter behov. Denne appen kan lastes ned nedenfor.<\/p>\n<p>&nbsp;<\/p>\n<p>N\u00e5r du bruker <b>Flex Controller<\/b> p\u00e5 en PC, kan en Tobii Eye-Tracker 4C eller 5 kobles til PC-en og brukes til \u00e5 forenkle \u00f8ye-blikkspilling. Flex Controller Eye-tracker-appen (FCEA) kan lastes ned nedenfor sammen med instruksjoner om hvordan du installerer og bruker den. Spillet kan enten kj\u00f8res p\u00e5 selve PC-en eller p\u00e5 en dokket Nintendo Switch, og begge krever en ekstra kabel for \u00e5 gj\u00f8re det. Bruk av Nintendo Switch via en PC krever en rimelig videoopptaksenhet som st\u00f8ttes av programvare som OBS Studio.<\/p>\n<p>&nbsp;<\/p>\n<p>V\u00e6r oppmerksom p\u00e5 at Flex Controller ikke kan brukes med Nintendo Switch Lite, og heller ikke med Nintendo Switch i h\u00e5ndholdt modus.<\/p>\n<h4><b>Kompatible joysticks<\/b><\/h4>\n<ul>\n<li><a href=\"https:\/\/www.ergocontech.no\/shop\/produkt\/optima-game\/\"><b>Optima Game Joystick<\/b><\/a>, fra Pretorian Technologies<\/li>\n<li><a href=\"https:\/\/www.ergocontech.no\/shop\/produkt\/ultra-joystick\/\"><b>Ultra Joystick<\/b><\/a>, fra Pretorian Technologies<\/li>\n<li>Horipad for Nintendo Switch<\/li>\n<li>Real Arcade Pro V Hayabusa for Nintendo Switch<\/li>\n<li>Battle Pad for Nintendo Switch<\/li>\n<li>Nintendo Switch HORIPAD Mini<\/li>\n<\/ul>\n<h3 id=\"features\" class=\"title pane-toggler-down\">Egenskaper<\/h3>\n<div class=\"pane-slider content pane-down\">\n<ul class=\"pt_list pt_li_green pt_li_carrow\">\n<li>Bruk med Nintendo Switch (i TV-modus via dokkingstasjon) eller Windows 10.<\/li>\n<li>18 stikkontakter (3,5 mm) for alle typer brytere.<\/li>\n<li>To USB-uttak for styrespaker (se kompatibilitetsliste).<\/li>\n<li>Tolv profiler tillater tilpasning av bryterhandlinger ved hjelp av PC-app.<\/li>\n<li>Utvidelsesappen for Windows 10 lar Flex brukes med Tobii Eye-Tracker 4C eller 5.<\/li>\n<li>Kan monteres med \u00bc\u201d b\u00f8ssing p\u00e5 baksiden av enheten.<\/li>\n<\/ul>\n<div class=\"panel\">\n<h3 id=\"used_for\" class=\"title pane-toggler-down\">Brukes til<\/h3>\n<div class=\"pane-slider content pane-down\">\n<ul class=\"pt_list pt_li_green pt_li_check\">\n<li>Spill med enten brytere\/joystick eller \u00f8yeblikk p\u00e5 Nintendo Switch eller Windows 10-datamaskin.<\/li>\n<\/ul>\n<p><span style=\"color: #ffffff;\">FLEX1<\/span><\/p>\n<\/div>\n<\/div>\n<\/div>\n<div>\n<div data-uk-slideshow=\"{animation: 'random-fx',duration: 750,slices: 45,autoplay: true }\">\n<div class=\"uk-position-relative\"><\/div>\n<\/div>\n<\/div>\n","protected":false},"excerpt":{"rendered":"<p><strong>Flex Controller<\/strong> er et nytt og spennende tillegg til gaming, som lar spillere bruke eksterne brytere og joysticks for \u00e5 spille videospill p\u00e5 Nintendo Switch. Flex Controller kan ogs\u00e5 brukes til spill p\u00e5 en Windows 10 -PC. V\u00e6r oppmerksom p\u00e5 at Nintendo Switch m\u00e5 v\u00e6re i dokkingstasjonen for at <strong>Flex Controller<\/strong> skal kunne kobles til. Ikke kompatibel med Nintendo Switch Lite.<\/p>\n<p>Programvare for konfigurering kan lastes ned fra produsentens side <a href=\"https:\/\/www.flex-controller.com\/\">https:\/\/www.flex-controller.com\/<\/a><\/p>\n<p>Oppdatering firmware lastes ned via\u00a0<a href=\"https:\/\/www.flex-controller.com\/update\">https:\/\/www.flex-controller.com\/update<\/a><\/p>\n<p>NAV art.nr: 292080<\/p>\n","protected":false},"featured_media":8725,"template":"","meta":[],"product_brand":[],"product_cat":[26,32,84,82],"product_tag":[],"class_list":{"0":"post-8712","1":"product","2":"type-product","3":"status-publish","4":"has-post-thumbnail","6":"product_cat-bryterbokser","7":"product_cat-gaming","8":"product_cat-nintendoswitch","9":"product_cat-pc","11":"first","12":"instock","13":"taxable","14":"shipping-taxable","15":"purchasable","16":"product-type-simple"},"_links":{"self":[{"href":"https:\/\/www.ergocontech.no\/shop\/wp-json\/wp\/v2\/product\/8712","targetHints":{"allow":["GET"]}}],"collection":[{"href":"https:\/\/www.ergocontech.no\/shop\/wp-json\/wp\/v2\/product"}],"about":[{"href":"https:\/\/www.ergocontech.no\/shop\/wp-json\/wp\/v2\/types\/product"}],"wp:featuredmedia":[{"embeddable":true,"href":"https:\/\/www.ergocontech.no\/shop\/wp-json\/wp\/v2\/media\/8725"}],"wp:attachment":[{"href":"https:\/\/www.ergocontech.no\/shop\/wp-json\/wp\/v2\/media?parent=8712"}],"wp:term":[{"taxonomy":"product_brand","embeddable":true,"href":"https:\/\/www.ergocontech.no\/shop\/wp-json\/wp\/v2\/product_brand?post=8712"},{"taxonomy":"product_cat","embeddable":true,"href":"https:\/\/www.ergocontech.no\/shop\/wp-json\/wp\/v2\/product_cat?post=8712"},{"taxonomy":"product_tag","embeddable":true,"href":"https:\/\/www.ergocontech.no\/shop\/wp-json\/wp\/v2\/product_tag?post=8712"}],"curies":[{"name":"wp","href":"https:\/\/api.w.org\/{rel}","templated":true}]}}