{"id":8577,"date":"2021-01-14T18:48:48","date_gmt":"2021-01-14T17:48:48","guid":{"rendered":"https:\/\/www.ergocontech.no\/shop\/?post_type=product&#038;p=8577"},"modified":"2023-07-20T22:36:15","modified_gmt":"2023-07-20T20:36:15","slug":"cosmo-bryter","status":"publish","type":"product","link":"https:\/\/www.ergocontech.no\/shop\/produkt\/cosmo-bryter\/","title":{"rendered":"Cosmo bryter"},"content":{"rendered":"<div><\/div>\n<p>Cosmo bryter gir tilgang til apper eller programvare som er tilgjengelige for brytere, p\u00e5 iOS, OS X, Chromebook, Windows og Android-enheter. Kan stilles inn til \u00e5 sende ulike tastekommando, trykkf\u00f8lsomhet, bryterfarge, aktiveringsforsinkelse med konfigurasjon i Cosmo Switch Setup-appen.<\/p>\n<p><img decoding=\"async\" class=\"alignnone wp-image-8895\" src=\"https:\/\/www.ergocontech.no\/shop\/wp-content\/uploads\/2021\/01\/apps-cosmo2.jpg\" alt=\"\" width=\"228\" height=\"85\" srcset=\"https:\/\/www.ergocontech.no\/shop\/wp-content\/uploads\/2021\/01\/apps-cosmo2.jpg 962w, https:\/\/www.ergocontech.no\/shop\/wp-content\/uploads\/2021\/01\/apps-cosmo2-300x112.jpg 300w, https:\/\/www.ergocontech.no\/shop\/wp-content\/uploads\/2021\/01\/apps-cosmo2-768x287.jpg 768w, https:\/\/www.ergocontech.no\/shop\/wp-content\/uploads\/2021\/01\/apps-cosmo2-324x121.jpg 324w, https:\/\/www.ergocontech.no\/shop\/wp-content\/uploads\/2021\/01\/apps-cosmo2-416x155.jpg 416w\" sizes=\"(max-width: 228px) 100vw, 228px\" \/><\/p>\n<p>Cosmo Bryter funksjoner:<\/p>\n<p>Smarte, solide og dynamiske brytere<\/p>\n<p>Lyser i en rekke ulike farger<\/p>\n<p>Visuelt og sanselig motiverende<\/p>\n<p>Sv\u00e6rt lettaktivert<\/p>\n<p>Justerbar aktivering i Space og Enter-tast. 50 eller 120 gram<\/p>\n<p>Rask og jevn tilkobling til enheten via Bluetooth 4<\/p>\n<p>Oppladbar, med utvidet batterilevetid<\/p>\n<p>Lett \u00e5 rengj\u00f8re og desinfisere<\/p>\n<p>Enkel \u00e5 installere<\/p>\n<p>Kompatibel med alle Bluetooth LE eller nyere utstyrte enheter<\/p>\n<p>Enkel bruk med Cosmo Training, Grid, HelpKidzLearn, SnapCore first, Communicator 5 og nesten hvilken som helst ASK-programvare.<\/p>\n<p>&nbsp;<\/p>\n<p>Leveres med ladekabel-USB uten USB-lader<\/p>\n<p><a href=\"https:\/\/www.ergocontech.no\/PDF\/Manual Cosmo Switch feb 22 no.pdf\"><span style=\"color: #ffffff;\">RMAR<\/span><img decoding=\"async\" class=\"alignnone wp-image-778\" src=\"https:\/\/www.ergocontech.no\/shop\/wp-content\/uploads\/2018\/05\/last-ned-1-copy-1-e1546625063281-1024x291.jpg\" alt=\"\" width=\"169\" height=\"48\" srcset=\"https:\/\/www.ergocontech.no\/shop\/wp-content\/uploads\/2018\/05\/last-ned-1-copy-1-e1546625063281-1024x291.jpg 1024w, https:\/\/www.ergocontech.no\/shop\/wp-content\/uploads\/2018\/05\/last-ned-1-copy-1-e1546625063281-300x85.jpg 300w, https:\/\/www.ergocontech.no\/shop\/wp-content\/uploads\/2018\/05\/last-ned-1-copy-1-e1546625063281-768x218.jpg 768w, https:\/\/www.ergocontech.no\/shop\/wp-content\/uploads\/2018\/05\/last-ned-1-copy-1-e1546625063281-416x118.jpg 416w, https:\/\/www.ergocontech.no\/shop\/wp-content\/uploads\/2018\/05\/last-ned-1-copy-1-e1546625063281.jpg 1756w\" sizes=\"(max-width: 169px) 100vw, 169px\" \/><\/a><\/p>\n","protected":false},"excerpt":{"rendered":"<p>Cosmo bryter tilkobles med Bluetooth og kan brukes sammen med nettbrett, mobiltelefoner og datamaskiner. Bryteren responderer lett ved trykk, noe som gj\u00f8r det veldig enkelt \u00e5 aktivere den uavhengig av motoriske evner. Bryteren lyser i ulike farger for ulike kommando den sender, hvilket gj\u00f8r den veldig engasjerende og gir visuell tilbakemelding med hvert trykk.<\/p>\n<p>NAV art.nr: 288752<\/p>\n<p><strong style=\"color: blue;\">P\u00e5 produsentlager: Forventet leveringstid 11 dager.<\/strong><\/p>\n","protected":false},"featured_media":8582,"template":"","meta":[],"product_brand":[],"product_cat":[57,16,35,24],"product_tag":[],"class_list":{"0":"post-8577","1":"product","2":"type-product","3":"status-publish","4":"has-post-thumbnail","6":"product_cat-betjening","7":"product_cat-brytere","8":"product_cat-https-www-ergocontech-no-shop-cosmo","9":"product_cat-tradlose-brytere","11":"first","12":"instock","13":"taxable","14":"shipping-taxable","15":"purchasable","16":"product-type-simple"},"_links":{"self":[{"href":"https:\/\/www.ergocontech.no\/shop\/wp-json\/wp\/v2\/product\/8577","targetHints":{"allow":["GET"]}}],"collection":[{"href":"https:\/\/www.ergocontech.no\/shop\/wp-json\/wp\/v2\/product"}],"about":[{"href":"https:\/\/www.ergocontech.no\/shop\/wp-json\/wp\/v2\/types\/product"}],"wp:featuredmedia":[{"embeddable":true,"href":"https:\/\/www.ergocontech.no\/shop\/wp-json\/wp\/v2\/media\/8582"}],"wp:attachment":[{"href":"https:\/\/www.ergocontech.no\/shop\/wp-json\/wp\/v2\/media?parent=8577"}],"wp:term":[{"taxonomy":"product_brand","embeddable":true,"href":"https:\/\/www.ergocontech.no\/shop\/wp-json\/wp\/v2\/product_brand?post=8577"},{"taxonomy":"product_cat","embeddable":true,"href":"https:\/\/www.ergocontech.no\/shop\/wp-json\/wp\/v2\/product_cat?post=8577"},{"taxonomy":"product_tag","embeddable":true,"href":"https:\/\/www.ergocontech.no\/shop\/wp-json\/wp\/v2\/product_tag?post=8577"}],"curies":[{"name":"wp","href":"https:\/\/api.w.org\/{rel}","templated":true}]}}